{"id":17920,"date":"2024-07-19T16:29:27","date_gmt":"2024-07-19T16:29:27","guid":{"rendered":"https:\/\/linwin-shop.bartmedia.eu\/?page_id=17920"},"modified":"2024-11-08T13:37:06","modified_gmt":"2024-11-08T13:37:06","slug":"eshop-guidage-lineaire","status":"publish","type":"page","link":"https:\/\/linwin-shop.bartmedia.eu\/","title":{"rendered":"Bienvenue"},"content":{"rendered":"<p><strong>LINWIN<\/strong>&nbsp;est la soci\u00e9t\u00e9 commerciale sp\u00e9cialis\u00e9e en Lin\u00e9aire,&nbsp;<strong>certifi\u00e9 Partenaire Excellence Rexroth&nbsp;en France<\/strong>, avec plus de 17 ans d\u2019exp\u00e9riences. Aujourd\u2019hui plus que jamais nous sommes \u00e0 vos c\u00f4t\u00e9s, avec notre \u00e9quipe technique et commerciale, nous vous apportons des \u00e9quivalences dans plusieurs marques suivant vos besoins et ce que vous recherchez.<br><\/p><figure class=\"wp-block-image size-full\"><img fetchpriority=\"high\" decoding=\"async\" width=\"1000\" height=\"569\" src=\"https:\/\/linwin-shop.bartmedia.eu\/wp-content\/uploads\/2024\/07\/Nos-principaux-produits.jpg\" alt=\"\" class=\"wp-image-17931\" srcset=\"https:\/\/linwin-shop.bartmedia.eu\/wp-content\/uploads\/2024\/07\/Nos-principaux-produits.jpg 1000w, https:\/\/linwin-shop.bartmedia.eu\/wp-content\/uploads\/2024\/07\/Nos-principaux-produits-300x171.jpg 300w, https:\/\/linwin-shop.bartmedia.eu\/wp-content\/uploads\/2024\/07\/Nos-principaux-produits-768x437.jpg 768w, https:\/\/linwin-shop.bartmedia.eu\/wp-content\/uploads\/2024\/07\/Nos-principaux-produits-600x341.jpg 600w\" sizes=\"(max-width: 1000px) 100vw, 1000px\" \/><\/figure><figure class=\"wp-block-embed is-type-video is-provider-youtube wp-block-embed-youtube wp-embed-aspect-16-9 wp-has-aspect-ratio\"><div class=\"wp-block-embed__wrapper\">\n<iframe title=\"[FR] Techniques lin\u00e9aires Bosch Rexroth : Le futur est en marche !\" width=\"1140\" height=\"641\" src=\"https:\/\/www.youtube.com\/embed\/Z8LhBImZPK8?feature=oembed\" frameborder=\"0\" allow=\"accelerometer; autoplay; clipboard-write; encrypted-media; gyroscope; picture-in-picture; web-share\" referrerpolicy=\"strict-origin-when-cross-origin\" allowfullscreen><\/iframe>\n<\/div><\/figure>","protected":false},"excerpt":{"rendered":"<p>LINWIN&nbsp;est la soci\u00e9t\u00e9 commerciale sp\u00e9cialis\u00e9e en Lin\u00e9aire,&nbsp;certifi\u00e9 Partenaire Excellence Rexroth&nbsp;en France, avec plus de 17 ans d\u2019exp\u00e9riences. Aujourd\u2019hui plus que jamais nous sommes \u00e0 vos c\u00f4t\u00e9s, avec notre \u00e9quipe technique et commerciale, nous vous apportons des \u00e9quivalences dans plusieurs marques suivant vos besoins et ce que vous recherchez.<\/p>\n","protected":false},"author":1,"featured_media":0,"parent":0,"menu_order":0,"comment_status":"closed","ping_status":"closed","template":"","meta":{"footnotes":""},"class_list":["post-17920","page","type-page","status-publish","hentry"],"yoast_head":"<!-- This site is optimized with the Yoast SEO plugin v23.5 - https:\/\/yoast.com\/wordpress\/plugins\/seo\/ -->\n<title>Bienvenue -<\/title>\n<meta name=\"description\" content=\"LinWin sp\u00e9cialiste depuis 2007 du guidage lin\u00e9aire,\" \/>\n<meta name=\"robots\" content=\"noindex, follow, max-snippet:-1, max-image-preview:large, max-video-preview:-1\" \/>\n<meta property=\"og:locale\" content=\"fr_FR\" \/>\n<meta property=\"og:type\" content=\"article\" \/>\n<meta property=\"og:title\" content=\"Bienvenue -\" \/>\n<meta property=\"og:description\" content=\"LinWin sp\u00e9cialiste depuis 2007 du guidage lin\u00e9aire,\" \/>\n<meta property=\"og:url\" content=\"https:\/\/linwin-shop.bartmedia.eu\/\" \/>\n<meta property=\"article:modified_time\" content=\"2024-11-08T13:37:06+00:00\" \/>\n<meta property=\"og:image\" content=\"https:\/\/linwin-shop.bartmedia.eu\/wp-content\/uploads\/2024\/07\/Nos-principaux-produits.jpg\" \/>\n<meta name=\"twitter:card\" content=\"summary_large_image\" \/>\n<meta name=\"twitter:label1\" content=\"Dur\u00e9e de lecture estim\u00e9e\" \/>\n\t<meta name=\"twitter:data1\" content=\"1 minute\" \/>\n<script type=\"application\/ld+json\" class=\"yoast-schema-graph\">{\"@context\":\"https:\/\/schema.org\",\"@graph\":[{\"@type\":\"WebPage\",\"@id\":\"https:\/\/linwin-shop.bartmedia.eu\/\",\"url\":\"https:\/\/linwin-shop.bartmedia.eu\/\",\"name\":\"Bienvenue -\",\"isPartOf\":{\"@id\":\"https:\/\/linwin-shop.bartmedia.eu\/#website\"},\"primaryImageOfPage\":{\"@id\":\"https:\/\/linwin-shop.bartmedia.eu\/#primaryimage\"},\"image\":{\"@id\":\"https:\/\/linwin-shop.bartmedia.eu\/#primaryimage\"},\"thumbnailUrl\":\"https:\/\/linwin-shop.bartmedia.eu\/wp-content\/uploads\/2024\/07\/Nos-principaux-produits.jpg\",\"datePublished\":\"2024-07-19T16:29:27+00:00\",\"dateModified\":\"2024-11-08T13:37:06+00:00\",\"description\":\"LinWin sp\u00e9cialiste depuis 2007 du guidage lin\u00e9aire,\",\"breadcrumb\":{\"@id\":\"https:\/\/linwin-shop.bartmedia.eu\/#breadcrumb\"},\"inLanguage\":\"fr-FR\",\"potentialAction\":[{\"@type\":\"ReadAction\",\"target\":[\"https:\/\/linwin-shop.bartmedia.eu\/\"]}]},{\"@type\":\"ImageObject\",\"inLanguage\":\"fr-FR\",\"@id\":\"https:\/\/linwin-shop.bartmedia.eu\/#primaryimage\",\"url\":\"https:\/\/linwin-shop.bartmedia.eu\/wp-content\/uploads\/2024\/07\/Nos-principaux-produits.jpg\",\"contentUrl\":\"https:\/\/linwin-shop.bartmedia.eu\/wp-content\/uploads\/2024\/07\/Nos-principaux-produits.jpg\",\"width\":1000,\"height\":569},{\"@type\":\"BreadcrumbList\",\"@id\":\"https:\/\/linwin-shop.bartmedia.eu\/#breadcrumb\",\"itemListElement\":[{\"@type\":\"ListItem\",\"position\":1,\"name\":\"Accueil\",\"item\":\"https:\/\/linwin-shop.bartmedia.eu\/\"},{\"@type\":\"ListItem\",\"position\":2,\"name\":\"Bienvenue\"}]},{\"@type\":\"WebSite\",\"@id\":\"https:\/\/linwin-shop.bartmedia.eu\/#website\",\"url\":\"https:\/\/linwin-shop.bartmedia.eu\/\",\"name\":\"\",\"description\":\"\",\"potentialAction\":[{\"@type\":\"SearchAction\",\"target\":{\"@type\":\"EntryPoint\",\"urlTemplate\":\"https:\/\/linwin-shop.bartmedia.eu\/?s={search_term_string}\"},\"query-input\":{\"@type\":\"PropertyValueSpecification\",\"valueRequired\":true,\"valueName\":\"search_term_string\"}}],\"inLanguage\":\"fr-FR\"}]}<\/script>\n<!-- \/ Yoast SEO plugin. -->","yoast_head_json":{"title":"Bienvenue -","description":"LinWin sp\u00e9cialiste depuis 2007 du guidage lin\u00e9aire,","robots":{"index":"noindex","follow":"follow","max-snippet":"max-snippet:-1","max-image-preview":"max-image-preview:large","max-video-preview":"max-video-preview:-1"},"og_locale":"fr_FR","og_type":"article","og_title":"Bienvenue -","og_description":"LinWin sp\u00e9cialiste depuis 2007 du guidage lin\u00e9aire,","og_url":"https:\/\/linwin-shop.bartmedia.eu\/","article_modified_time":"2024-11-08T13:37:06+00:00","og_image":[{"url":"https:\/\/linwin-shop.bartmedia.eu\/wp-content\/uploads\/2024\/07\/Nos-principaux-produits.jpg"}],"twitter_card":"summary_large_image","twitter_misc":{"Dur\u00e9e de lecture estim\u00e9e":"1 minute"},"schema":{"@context":"https:\/\/schema.org","@graph":[{"@type":"WebPage","@id":"https:\/\/linwin-shop.bartmedia.eu\/","url":"https:\/\/linwin-shop.bartmedia.eu\/","name":"Bienvenue -","isPartOf":{"@id":"https:\/\/linwin-shop.bartmedia.eu\/#website"},"primaryImageOfPage":{"@id":"https:\/\/linwin-shop.bartmedia.eu\/#primaryimage"},"image":{"@id":"https:\/\/linwin-shop.bartmedia.eu\/#primaryimage"},"thumbnailUrl":"https:\/\/linwin-shop.bartmedia.eu\/wp-content\/uploads\/2024\/07\/Nos-principaux-produits.jpg","datePublished":"2024-07-19T16:29:27+00:00","dateModified":"2024-11-08T13:37:06+00:00","description":"LinWin sp\u00e9cialiste depuis 2007 du guidage lin\u00e9aire,","breadcrumb":{"@id":"https:\/\/linwin-shop.bartmedia.eu\/#breadcrumb"},"inLanguage":"fr-FR","potentialAction":[{"@type":"ReadAction","target":["https:\/\/linwin-shop.bartmedia.eu\/"]}]},{"@type":"ImageObject","inLanguage":"fr-FR","@id":"https:\/\/linwin-shop.bartmedia.eu\/#primaryimage","url":"https:\/\/linwin-shop.bartmedia.eu\/wp-content\/uploads\/2024\/07\/Nos-principaux-produits.jpg","contentUrl":"https:\/\/linwin-shop.bartmedia.eu\/wp-content\/uploads\/2024\/07\/Nos-principaux-produits.jpg","width":1000,"height":569},{"@type":"BreadcrumbList","@id":"https:\/\/linwin-shop.bartmedia.eu\/#breadcrumb","itemListElement":[{"@type":"ListItem","position":1,"name":"Accueil","item":"https:\/\/linwin-shop.bartmedia.eu\/"},{"@type":"ListItem","position":2,"name":"Bienvenue"}]},{"@type":"WebSite","@id":"https:\/\/linwin-shop.bartmedia.eu\/#website","url":"https:\/\/linwin-shop.bartmedia.eu\/","name":"","description":"","potentialAction":[{"@type":"SearchAction","target":{"@type":"EntryPoint","urlTemplate":"https:\/\/linwin-shop.bartmedia.eu\/?s={search_term_string}"},"query-input":{"@type":"PropertyValueSpecification","valueRequired":true,"valueName":"search_term_string"}}],"inLanguage":"fr-FR"}]}},"jetpack_sharing_enabled":true,"_links":{"self":[{"href":"https:\/\/linwin-shop.bartmedia.eu\/index.php\/wp-json\/wp\/v2\/pages\/17920","targetHints":{"allow":["GET"]}}],"collection":[{"href":"https:\/\/linwin-shop.bartmedia.eu\/index.php\/wp-json\/wp\/v2\/pages"}],"about":[{"href":"https:\/\/linwin-shop.bartmedia.eu\/index.php\/wp-json\/wp\/v2\/types\/page"}],"author":[{"embeddable":true,"href":"https:\/\/linwin-shop.bartmedia.eu\/index.php\/wp-json\/wp\/v2\/users\/1"}],"replies":[{"embeddable":true,"href":"https:\/\/linwin-shop.bartmedia.eu\/index.php\/wp-json\/wp\/v2\/comments?post=17920"}],"version-history":[{"count":10,"href":"https:\/\/linwin-shop.bartmedia.eu\/index.php\/wp-json\/wp\/v2\/pages\/17920\/revisions"}],"predecessor-version":[{"id":18969,"href":"https:\/\/linwin-shop.bartmedia.eu\/index.php\/wp-json\/wp\/v2\/pages\/17920\/revisions\/18969"}],"wp:attachment":[{"href":"https:\/\/linwin-shop.bartmedia.eu\/index.php\/wp-json\/wp\/v2\/media?parent=17920"}],"curies":[{"name":"wp","href":"https:\/\/api.w.org\/{rel}","templated":true}]}}