{"id":17975,"date":"2024-07-22T16:43:14","date_gmt":"2024-07-22T16:43:14","guid":{"rendered":"https:\/\/linwin-shop.bartmedia.eu\/?page_id=17975"},"modified":"2024-07-22T17:09:02","modified_gmt":"2024-07-22T17:09:02","slug":"nous-contacter","status":"publish","type":"page","link":"https:\/\/linwin-shop.bartmedia.eu\/index.php\/nous-contacter\/","title":{"rendered":"Nous contacter"},"content":{"rendered":"<figure class=\"wp-block-image size-large\"><img fetchpriority=\"high\" decoding=\"async\" width=\"1024\" height=\"299\" src=\"https:\/\/linwin-shop.bartmedia.eu\/wp-content\/uploads\/2024\/07\/LINWIN-contact-1024x299.jpg\" alt=\"\" class=\"wp-image-17977\" srcset=\"https:\/\/linwin-shop.bartmedia.eu\/wp-content\/uploads\/2024\/07\/LINWIN-contact-1024x299.jpg 1024w, https:\/\/linwin-shop.bartmedia.eu\/wp-content\/uploads\/2024\/07\/LINWIN-contact-300x87.jpg 300w, https:\/\/linwin-shop.bartmedia.eu\/wp-content\/uploads\/2024\/07\/LINWIN-contact-768x224.jpg 768w, https:\/\/linwin-shop.bartmedia.eu\/wp-content\/uploads\/2024\/07\/LINWIN-contact-600x175.jpg 600w, https:\/\/linwin-shop.bartmedia.eu\/wp-content\/uploads\/2024\/07\/LINWIN-contact.jpg 1228w\" sizes=\"(max-width: 1024px) 100vw, 1024px\" \/><\/figure><p>Pour contacter LINWIN, vous pouvez<strong>&nbsp;remplir ce formulaire :<\/strong><\/p><div class=\"wp-block-jetpack-contact-form\"><a href=\"https:\/\/linwin-shop.bartmedia.eu\/index.php\/nous-contacter\/\" target=\"_blank\" rel=\"noopener noreferrer\">Soumettre un formulaire.<\/a><\/div><div class=\"wp-block-columns is-layout-flex wp-container-core-columns-is-layout-9d6595d7 wp-block-columns-is-layout-flex\"><div class=\"wp-block-column is-layout-flow wp-block-column-is-layout-flow\"><h2 class=\"wp-block-heading\"><strong>Contact<\/strong><\/h2>\n\n<p><strong>T\u00e9l. :<\/strong>&nbsp; +33 2 33 34 11 15<br><strong>Mobile :<\/strong>&nbsp;+33 6 89 96 82 10<br><strong>Fax&nbsp;:<\/strong>&nbsp;+33 2 33 34 73 79<br><a href=\"mailto:info@linwin.fr\">info@linwin.fr<\/a><\/p>\n\n<h2 class=\"wp-block-heading\"><\/h2>\n\n<p><a href=\"https:\/\/linwin.fr\/contact-linwin-guidage-lineaire-patin-a-billes-vis-a-billes-chariot-lineaire-transmission-mecanique-vis-a-bille-roulee-vis-a-billes-rectifiee-douilles-a-billes\/#pll_switcher\"><\/a><\/p>\n\n<ul id=\"menu-principal-2\" class=\"wp-block-list\"><\/ul><\/div>\n\n<div class=\"wp-block-column is-layout-flow wp-block-column-is-layout-flow\"><h2 class=\"wp-block-heading\"><strong>Si\u00e8ge social<\/strong><\/h2>\n\n<p>20 rue du vieux Bourg<br>61370 \u00c9chauffour<br>France<\/p><\/div>\n\n<div class=\"wp-block-column is-layout-flow wp-block-column-is-layout-flow\"><h2 class=\"wp-block-heading\"><strong>Horaires<\/strong><\/h2>\n\n<p><strong>Lundi&nbsp;<\/strong>8h30-12h&nbsp;\/&nbsp;13h15 \u00e0 17h<strong><br>Mardi&nbsp;<\/strong>8h30-12h&nbsp;\/&nbsp;13h15 \u00e0 17h<strong><br>Mercredi&nbsp;<\/strong>8h30-12h&nbsp;\/&nbsp;13h15 \u00e0 17h<br><strong>Jeudi&nbsp;<\/strong>8h30-12h&nbsp;\/&nbsp;13h15 \u00e0 17h<br><strong>Vendredi&nbsp;<\/strong>8h30-12h&nbsp;\/ 13h15-15h45<\/p><\/div><\/div>","protected":false},"excerpt":{"rendered":"<p>Pour contacter LINWIN, vous pouvez&nbsp;remplir ce formulaire : Contact T\u00e9l. :&nbsp; +33 2 33 34 11 15Mobile :&nbsp;+33 6 89 96 82 10Fax&nbsp;:&nbsp;+33 2 33 34 73 79info@linwin.fr Si\u00e8ge social 20 rue du vieux Bourg61370 \u00c9chauffourFrance Horaires Lundi&nbsp;8h30-12h&nbsp;\/&nbsp;13h15 \u00e0 17hMardi&nbsp;8h30-12h&nbsp;\/&nbsp;13h15 \u00e0 17hMercredi&nbsp;8h30-12h&nbsp;\/&nbsp;13h15 \u00e0 17hJeudi&nbsp;8h30-12h&nbsp;\/&nbsp;13h15 \u00e0 17hVendredi&nbsp;8h30-12h&nbsp;\/ 13h15-15h45<\/p>\n","protected":false},"author":1,"featured_media":0,"parent":0,"menu_order":0,"comment_status":"closed","ping_status":"closed","template":"","meta":{"footnotes":""},"class_list":["post-17975","page","type-page","status-publish","hentry"],"yoast_head":"<!-- This site is optimized with the Yoast SEO plugin v23.5 - https:\/\/yoast.com\/wordpress\/plugins\/seo\/ -->\n<title>Nous contacter -<\/title>\n<meta name=\"robots\" content=\"noindex, follow, max-snippet:-1, max-image-preview:large, max-video-preview:-1\" \/>\n<meta property=\"og:locale\" content=\"fr_FR\" \/>\n<meta property=\"og:type\" content=\"article\" \/>\n<meta property=\"og:title\" content=\"Nous contacter -\" \/>\n<meta property=\"og:description\" content=\"Pour contacter LINWIN, vous pouvez&nbsp;remplir ce formulaire : Contact T\u00e9l. :&nbsp; +33 2 33 34 11 15Mobile :&nbsp;+33 6 89 96 82 10Fax&nbsp;:&nbsp;+33 2 33 34 73 79info@linwin.fr Si\u00e8ge social 20 rue du vieux Bourg61370 \u00c9chauffourFrance Horaires Lundi&nbsp;8h30-12h&nbsp;\/&nbsp;13h15 \u00e0 17hMardi&nbsp;8h30-12h&nbsp;\/&nbsp;13h15 \u00e0 17hMercredi&nbsp;8h30-12h&nbsp;\/&nbsp;13h15 \u00e0 17hJeudi&nbsp;8h30-12h&nbsp;\/&nbsp;13h15 \u00e0 17hVendredi&nbsp;8h30-12h&nbsp;\/ 13h15-15h45\" \/>\n<meta property=\"og:url\" content=\"https:\/\/linwin-shop.bartmedia.eu\/index.php\/nous-contacter\/\" \/>\n<meta property=\"article:modified_time\" content=\"2024-07-22T17:09:02+00:00\" \/>\n<meta property=\"og:image\" content=\"https:\/\/linwin-shop.bartmedia.eu\/wp-content\/uploads\/2024\/07\/LINWIN-contact-1024x299.jpg\" \/>\n<meta name=\"twitter:card\" content=\"summary_large_image\" \/>\n<meta name=\"twitter:label1\" content=\"Dur\u00e9e de lecture estim\u00e9e\" \/>\n\t<meta name=\"twitter:data1\" content=\"1 minute\" \/>\n<script type=\"application\/ld+json\" class=\"yoast-schema-graph\">{\"@context\":\"https:\/\/schema.org\",\"@graph\":[{\"@type\":\"WebPage\",\"@id\":\"https:\/\/linwin-shop.bartmedia.eu\/index.php\/nous-contacter\/\",\"url\":\"https:\/\/linwin-shop.bartmedia.eu\/index.php\/nous-contacter\/\",\"name\":\"Nous contacter -\",\"isPartOf\":{\"@id\":\"https:\/\/linwin-shop.bartmedia.eu\/#website\"},\"primaryImageOfPage\":{\"@id\":\"https:\/\/linwin-shop.bartmedia.eu\/index.php\/nous-contacter\/#primaryimage\"},\"image\":{\"@id\":\"https:\/\/linwin-shop.bartmedia.eu\/index.php\/nous-contacter\/#primaryimage\"},\"thumbnailUrl\":\"https:\/\/linwin-shop.bartmedia.eu\/wp-content\/uploads\/2024\/07\/LINWIN-contact-1024x299.jpg\",\"datePublished\":\"2024-07-22T16:43:14+00:00\",\"dateModified\":\"2024-07-22T17:09:02+00:00\",\"breadcrumb\":{\"@id\":\"https:\/\/linwin-shop.bartmedia.eu\/index.php\/nous-contacter\/#breadcrumb\"},\"inLanguage\":\"fr-FR\",\"potentialAction\":[{\"@type\":\"ReadAction\",\"target\":[\"https:\/\/linwin-shop.bartmedia.eu\/index.php\/nous-contacter\/\"]}]},{\"@type\":\"ImageObject\",\"inLanguage\":\"fr-FR\",\"@id\":\"https:\/\/linwin-shop.bartmedia.eu\/index.php\/nous-contacter\/#primaryimage\",\"url\":\"https:\/\/linwin-shop.bartmedia.eu\/wp-content\/uploads\/2024\/07\/LINWIN-contact.jpg\",\"contentUrl\":\"https:\/\/linwin-shop.bartmedia.eu\/wp-content\/uploads\/2024\/07\/LINWIN-contact.jpg\",\"width\":1228,\"height\":358},{\"@type\":\"BreadcrumbList\",\"@id\":\"https:\/\/linwin-shop.bartmedia.eu\/index.php\/nous-contacter\/#breadcrumb\",\"itemListElement\":[{\"@type\":\"ListItem\",\"position\":1,\"name\":\"Accueil\",\"item\":\"https:\/\/linwin-shop.bartmedia.eu\/\"},{\"@type\":\"ListItem\",\"position\":2,\"name\":\"Nous contacter\"}]},{\"@type\":\"WebSite\",\"@id\":\"https:\/\/linwin-shop.bartmedia.eu\/#website\",\"url\":\"https:\/\/linwin-shop.bartmedia.eu\/\",\"name\":\"\",\"description\":\"\",\"potentialAction\":[{\"@type\":\"SearchAction\",\"target\":{\"@type\":\"EntryPoint\",\"urlTemplate\":\"https:\/\/linwin-shop.bartmedia.eu\/?s={search_term_string}\"},\"query-input\":{\"@type\":\"PropertyValueSpecification\",\"valueRequired\":true,\"valueName\":\"search_term_string\"}}],\"inLanguage\":\"fr-FR\"}]}<\/script>\n<!-- \/ Yoast SEO plugin. -->","yoast_head_json":{"title":"Nous contacter -","robots":{"index":"noindex","follow":"follow","max-snippet":"max-snippet:-1","max-image-preview":"max-image-preview:large","max-video-preview":"max-video-preview:-1"},"og_locale":"fr_FR","og_type":"article","og_title":"Nous contacter -","og_description":"Pour contacter LINWIN, vous pouvez&nbsp;remplir ce formulaire : Contact T\u00e9l. :&nbsp; +33 2 33 34 11 15Mobile :&nbsp;+33 6 89 96 82 10Fax&nbsp;:&nbsp;+33 2 33 34 73 79info@linwin.fr Si\u00e8ge social 20 rue du vieux Bourg61370 \u00c9chauffourFrance Horaires Lundi&nbsp;8h30-12h&nbsp;\/&nbsp;13h15 \u00e0 17hMardi&nbsp;8h30-12h&nbsp;\/&nbsp;13h15 \u00e0 17hMercredi&nbsp;8h30-12h&nbsp;\/&nbsp;13h15 \u00e0 17hJeudi&nbsp;8h30-12h&nbsp;\/&nbsp;13h15 \u00e0 17hVendredi&nbsp;8h30-12h&nbsp;\/ 13h15-15h45","og_url":"https:\/\/linwin-shop.bartmedia.eu\/index.php\/nous-contacter\/","article_modified_time":"2024-07-22T17:09:02+00:00","og_image":[{"url":"https:\/\/linwin-shop.bartmedia.eu\/wp-content\/uploads\/2024\/07\/LINWIN-contact-1024x299.jpg"}],"twitter_card":"summary_large_image","twitter_misc":{"Dur\u00e9e de lecture estim\u00e9e":"1 minute"},"schema":{"@context":"https:\/\/schema.org","@graph":[{"@type":"WebPage","@id":"https:\/\/linwin-shop.bartmedia.eu\/index.php\/nous-contacter\/","url":"https:\/\/linwin-shop.bartmedia.eu\/index.php\/nous-contacter\/","name":"Nous contacter -","isPartOf":{"@id":"https:\/\/linwin-shop.bartmedia.eu\/#website"},"primaryImageOfPage":{"@id":"https:\/\/linwin-shop.bartmedia.eu\/index.php\/nous-contacter\/#primaryimage"},"image":{"@id":"https:\/\/linwin-shop.bartmedia.eu\/index.php\/nous-contacter\/#primaryimage"},"thumbnailUrl":"https:\/\/linwin-shop.bartmedia.eu\/wp-content\/uploads\/2024\/07\/LINWIN-contact-1024x299.jpg","datePublished":"2024-07-22T16:43:14+00:00","dateModified":"2024-07-22T17:09:02+00:00","breadcrumb":{"@id":"https:\/\/linwin-shop.bartmedia.eu\/index.php\/nous-contacter\/#breadcrumb"},"inLanguage":"fr-FR","potentialAction":[{"@type":"ReadAction","target":["https:\/\/linwin-shop.bartmedia.eu\/index.php\/nous-contacter\/"]}]},{"@type":"ImageObject","inLanguage":"fr-FR","@id":"https:\/\/linwin-shop.bartmedia.eu\/index.php\/nous-contacter\/#primaryimage","url":"https:\/\/linwin-shop.bartmedia.eu\/wp-content\/uploads\/2024\/07\/LINWIN-contact.jpg","contentUrl":"https:\/\/linwin-shop.bartmedia.eu\/wp-content\/uploads\/2024\/07\/LINWIN-contact.jpg","width":1228,"height":358},{"@type":"BreadcrumbList","@id":"https:\/\/linwin-shop.bartmedia.eu\/index.php\/nous-contacter\/#breadcrumb","itemListElement":[{"@type":"ListItem","position":1,"name":"Accueil","item":"https:\/\/linwin-shop.bartmedia.eu\/"},{"@type":"ListItem","position":2,"name":"Nous contacter"}]},{"@type":"WebSite","@id":"https:\/\/linwin-shop.bartmedia.eu\/#website","url":"https:\/\/linwin-shop.bartmedia.eu\/","name":"","description":"","potentialAction":[{"@type":"SearchAction","target":{"@type":"EntryPoint","urlTemplate":"https:\/\/linwin-shop.bartmedia.eu\/?s={search_term_string}"},"query-input":{"@type":"PropertyValueSpecification","valueRequired":true,"valueName":"search_term_string"}}],"inLanguage":"fr-FR"}]}},"jetpack_sharing_enabled":true,"_links":{"self":[{"href":"https:\/\/linwin-shop.bartmedia.eu\/index.php\/wp-json\/wp\/v2\/pages\/17975","targetHints":{"allow":["GET"]}}],"collection":[{"href":"https:\/\/linwin-shop.bartmedia.eu\/index.php\/wp-json\/wp\/v2\/pages"}],"about":[{"href":"https:\/\/linwin-shop.bartmedia.eu\/index.php\/wp-json\/wp\/v2\/types\/page"}],"author":[{"embeddable":true,"href":"https:\/\/linwin-shop.bartmedia.eu\/index.php\/wp-json\/wp\/v2\/users\/1"}],"replies":[{"embeddable":true,"href":"https:\/\/linwin-shop.bartmedia.eu\/index.php\/wp-json\/wp\/v2\/comments?post=17975"}],"version-history":[{"count":3,"href":"https:\/\/linwin-shop.bartmedia.eu\/index.php\/wp-json\/wp\/v2\/pages\/17975\/revisions"}],"predecessor-version":[{"id":17982,"href":"https:\/\/linwin-shop.bartmedia.eu\/index.php\/wp-json\/wp\/v2\/pages\/17975\/revisions\/17982"}],"wp:attachment":[{"href":"https:\/\/linwin-shop.bartmedia.eu\/index.php\/wp-json\/wp\/v2\/media?parent=17975"}],"curies":[{"name":"wp","href":"https:\/\/api.w.org\/{rel}","templated":true}]}}