{"id":11987,"date":"2024-01-23T21:11:05","date_gmt":"2024-01-23T21:11:05","guid":{"rendered":"https:\/\/linwin-shop.bartmedia.eu\/index.php\/produit\/bille-porteuse-kum-b90-bl-mfg-sa\/"},"modified":"2024-06-01T07:25:44","modified_gmt":"2024-06-01T07:25:44","slug":"bille-porteuse-kum-b90-bl-mfg-sa","status":"publish","type":"product","link":"https:\/\/linwin-shop.bartmedia.eu\/index.php\/produit\/bille-porteuse-kum-b90-bl-mfg-sa\/","title":{"rendered":"BILLE PORTEUSE KUM-B90-BL-MFG-SA"},"content":{"rendered":"<h2>BILLE PORTEUSE KUM-B90-BL-MFG-SA<\/h2>\n<h3>Bosch Rexroth<\/h3>\n<p>Bille porteuse avec bo\u00eetier en acier massif<br \/>\nCouvercle et bo\u00eetier galvanis\u00e9s, billes en acier pour\u00a0roulements<br \/>\nTaille = 90<br \/>\nTrou dans le fond<br \/>\nAvec joint en feutre, lubrifi\u00e9<br \/>\nAvec raccordement de lubrification<\/p>\n<ul>\n<li>Pour les charges tr\u00e8s \u00e9lev\u00e9es<\/li>\n<li>Couvercle et bo\u00eetier galvanis\u00e9s<\/li>\n<li>Billes en acier \u00e0\u00a0roulement 1.3505<\/li>\n<li>Avec joint en feutre<\/li>\n<li>Avec bo\u00eetier en acier massif et couvercle<\/li>\n<\/ul>\n<p>&nbsp;<\/p>\n<p>&nbsp;<br \/><a href=\"\/fiches_techniques\/CATR0533.pdf\" target=\"_blank\" class=\"tecF\">Fiche technique<\/a><\/p>\n","protected":false},"excerpt":{"rendered":"<p>BILLE PORTEUSE KUM-B90-BL-MFG-SA<\/p>\n","protected":false},"featured_media":18985,"comment_status":"closed","ping_status":"open","template":"","meta":[],"product_cat":[15],"product_tag":[],"class_list":{"0":"post-11987","1":"product","2":"type-product","3":"status-publish","4":"has-post-thumbnail","6":"product_cat-non-classe","8":"first","9":"instock","10":"taxable","11":"shipping-taxable","12":"product-type-simple"},"yoast_head":"<!-- This site is optimized with the Yoast SEO plugin v23.5 - https:\/\/yoast.com\/wordpress\/plugins\/seo\/ -->\n<title>BILLE PORTEUSE KUM-B90-BL-MFG-SA -<\/title>\n<meta name=\"robots\" content=\"noindex, follow, max-snippet:-1, max-image-preview:large, max-video-preview:-1\" \/>\n<meta property=\"og:locale\" content=\"fr_FR\" \/>\n<meta property=\"og:type\" content=\"article\" \/>\n<meta property=\"og:title\" content=\"BILLE PORTEUSE KUM-B90-BL-MFG-SA -\" \/>\n<meta property=\"og:description\" content=\"BILLE PORTEUSE KUM-B90-BL-MFG-SA\" \/>\n<meta property=\"og:url\" content=\"https:\/\/linwin-shop.bartmedia.eu\/index.php\/produit\/bille-porteuse-kum-b90-bl-mfg-sa\/\" \/>\n<meta property=\"article:modified_time\" content=\"2024-06-01T07:25:44+00:00\" \/>\n<meta property=\"og:image\" content=\"https:\/\/linwin-shop.bartmedia.eu\/wp-content\/uploads\/2024\/01\/ef746517-8fae-4c93-820e-0c99ebdffef5_dc_ecommerce_big_jpg.jpg\" \/>\n\t<meta property=\"og:image:width\" content=\"964\" \/>\n\t<meta property=\"og:image:height\" content=\"918\" \/>\n\t<meta property=\"og:image:type\" content=\"image\/jpeg\" \/>\n<meta name=\"twitter:card\" content=\"summary_large_image\" \/>\n<script type=\"application\/ld+json\" class=\"yoast-schema-graph\">{\"@context\":\"https:\/\/schema.org\",\"@graph\":[{\"@type\":\"WebPage\",\"@id\":\"https:\/\/linwin-shop.bartmedia.eu\/index.php\/produit\/bille-porteuse-kum-b90-bl-mfg-sa\/\",\"url\":\"https:\/\/linwin-shop.bartmedia.eu\/index.php\/produit\/bille-porteuse-kum-b90-bl-mfg-sa\/\",\"name\":\"BILLE PORTEUSE KUM-B90-BL-MFG-SA -\",\"isPartOf\":{\"@id\":\"https:\/\/linwin-shop.bartmedia.eu\/#website\"},\"primaryImageOfPage\":{\"@id\":\"https:\/\/linwin-shop.bartmedia.eu\/index.php\/produit\/bille-porteuse-kum-b90-bl-mfg-sa\/#primaryimage\"},\"image\":{\"@id\":\"https:\/\/linwin-shop.bartmedia.eu\/index.php\/produit\/bille-porteuse-kum-b90-bl-mfg-sa\/#primaryimage\"},\"thumbnailUrl\":\"https:\/\/linwin-shop.bartmedia.eu\/wp-content\/uploads\/2024\/11\/CATR0533.jpg\",\"datePublished\":\"2024-01-23T21:11:05+00:00\",\"dateModified\":\"2024-06-01T07:25:44+00:00\",\"breadcrumb\":{\"@id\":\"https:\/\/linwin-shop.bartmedia.eu\/index.php\/produit\/bille-porteuse-kum-b90-bl-mfg-sa\/#breadcrumb\"},\"inLanguage\":\"fr-FR\",\"potentialAction\":[{\"@type\":\"ReadAction\",\"target\":[\"https:\/\/linwin-shop.bartmedia.eu\/index.php\/produit\/bille-porteuse-kum-b90-bl-mfg-sa\/\"]}]},{\"@type\":\"ImageObject\",\"inLanguage\":\"fr-FR\",\"@id\":\"https:\/\/linwin-shop.bartmedia.eu\/index.php\/produit\/bille-porteuse-kum-b90-bl-mfg-sa\/#primaryimage\",\"url\":\"https:\/\/linwin-shop.bartmedia.eu\/wp-content\/uploads\/2024\/11\/CATR0533.jpg\",\"contentUrl\":\"https:\/\/linwin-shop.bartmedia.eu\/wp-content\/uploads\/2024\/11\/CATR0533.jpg\",\"width\":363,\"height\":186},{\"@type\":\"BreadcrumbList\",\"@id\":\"https:\/\/linwin-shop.bartmedia.eu\/index.php\/produit\/bille-porteuse-kum-b90-bl-mfg-sa\/#breadcrumb\",\"itemListElement\":[{\"@type\":\"ListItem\",\"position\":1,\"name\":\"Accueil\",\"item\":\"https:\/\/linwin-shop.bartmedia.eu\/\"},{\"@type\":\"ListItem\",\"position\":2,\"name\":\"Boutique\",\"item\":\"https:\/\/linwin-shop.bartmedia.eu\/index.php\/boutique\/\"},{\"@type\":\"ListItem\",\"position\":3,\"name\":\"BILLE PORTEUSE KUM-B90-BL-MFG-SA\"}]},{\"@type\":\"WebSite\",\"@id\":\"https:\/\/linwin-shop.bartmedia.eu\/#website\",\"url\":\"https:\/\/linwin-shop.bartmedia.eu\/\",\"name\":\"\",\"description\":\"\",\"potentialAction\":[{\"@type\":\"SearchAction\",\"target\":{\"@type\":\"EntryPoint\",\"urlTemplate\":\"https:\/\/linwin-shop.bartmedia.eu\/?s={search_term_string}\"},\"query-input\":{\"@type\":\"PropertyValueSpecification\",\"valueRequired\":true,\"valueName\":\"search_term_string\"}}],\"inLanguage\":\"fr-FR\"}]}<\/script>\n<!-- \/ Yoast SEO plugin. -->","yoast_head_json":{"title":"BILLE PORTEUSE KUM-B90-BL-MFG-SA -","robots":{"index":"noindex","follow":"follow","max-snippet":"max-snippet:-1","max-image-preview":"max-image-preview:large","max-video-preview":"max-video-preview:-1"},"og_locale":"fr_FR","og_type":"article","og_title":"BILLE PORTEUSE KUM-B90-BL-MFG-SA -","og_description":"BILLE PORTEUSE KUM-B90-BL-MFG-SA","og_url":"https:\/\/linwin-shop.bartmedia.eu\/index.php\/produit\/bille-porteuse-kum-b90-bl-mfg-sa\/","article_modified_time":"2024-06-01T07:25:44+00:00","og_image":[{"width":964,"height":918,"url":"https:\/\/linwin-shop.bartmedia.eu\/wp-content\/uploads\/2024\/01\/ef746517-8fae-4c93-820e-0c99ebdffef5_dc_ecommerce_big_jpg.jpg","type":"image\/jpeg"}],"twitter_card":"summary_large_image","schema":{"@context":"https:\/\/schema.org","@graph":[{"@type":"WebPage","@id":"https:\/\/linwin-shop.bartmedia.eu\/index.php\/produit\/bille-porteuse-kum-b90-bl-mfg-sa\/","url":"https:\/\/linwin-shop.bartmedia.eu\/index.php\/produit\/bille-porteuse-kum-b90-bl-mfg-sa\/","name":"BILLE PORTEUSE KUM-B90-BL-MFG-SA -","isPartOf":{"@id":"https:\/\/linwin-shop.bartmedia.eu\/#website"},"primaryImageOfPage":{"@id":"https:\/\/linwin-shop.bartmedia.eu\/index.php\/produit\/bille-porteuse-kum-b90-bl-mfg-sa\/#primaryimage"},"image":{"@id":"https:\/\/linwin-shop.bartmedia.eu\/index.php\/produit\/bille-porteuse-kum-b90-bl-mfg-sa\/#primaryimage"},"thumbnailUrl":"https:\/\/linwin-shop.bartmedia.eu\/wp-content\/uploads\/2024\/11\/CATR0533.jpg","datePublished":"2024-01-23T21:11:05+00:00","dateModified":"2024-06-01T07:25:44+00:00","breadcrumb":{"@id":"https:\/\/linwin-shop.bartmedia.eu\/index.php\/produit\/bille-porteuse-kum-b90-bl-mfg-sa\/#breadcrumb"},"inLanguage":"fr-FR","potentialAction":[{"@type":"ReadAction","target":["https:\/\/linwin-shop.bartmedia.eu\/index.php\/produit\/bille-porteuse-kum-b90-bl-mfg-sa\/"]}]},{"@type":"ImageObject","inLanguage":"fr-FR","@id":"https:\/\/linwin-shop.bartmedia.eu\/index.php\/produit\/bille-porteuse-kum-b90-bl-mfg-sa\/#primaryimage","url":"https:\/\/linwin-shop.bartmedia.eu\/wp-content\/uploads\/2024\/11\/CATR0533.jpg","contentUrl":"https:\/\/linwin-shop.bartmedia.eu\/wp-content\/uploads\/2024\/11\/CATR0533.jpg","width":363,"height":186},{"@type":"BreadcrumbList","@id":"https:\/\/linwin-shop.bartmedia.eu\/index.php\/produit\/bille-porteuse-kum-b90-bl-mfg-sa\/#breadcrumb","itemListElement":[{"@type":"ListItem","position":1,"name":"Accueil","item":"https:\/\/linwin-shop.bartmedia.eu\/"},{"@type":"ListItem","position":2,"name":"Boutique","item":"https:\/\/linwin-shop.bartmedia.eu\/index.php\/boutique\/"},{"@type":"ListItem","position":3,"name":"BILLE PORTEUSE KUM-B90-BL-MFG-SA"}]},{"@type":"WebSite","@id":"https:\/\/linwin-shop.bartmedia.eu\/#website","url":"https:\/\/linwin-shop.bartmedia.eu\/","name":"","description":"","potentialAction":[{"@type":"SearchAction","target":{"@type":"EntryPoint","urlTemplate":"https:\/\/linwin-shop.bartmedia.eu\/?s={search_term_string}"},"query-input":{"@type":"PropertyValueSpecification","valueRequired":true,"valueName":"search_term_string"}}],"inLanguage":"fr-FR"}]}},"jetpack_sharing_enabled":true,"_links":{"self":[{"href":"https:\/\/linwin-shop.bartmedia.eu\/index.php\/wp-json\/wp\/v2\/product\/11987","targetHints":{"allow":["GET"]}}],"collection":[{"href":"https:\/\/linwin-shop.bartmedia.eu\/index.php\/wp-json\/wp\/v2\/product"}],"about":[{"href":"https:\/\/linwin-shop.bartmedia.eu\/index.php\/wp-json\/wp\/v2\/types\/product"}],"replies":[{"embeddable":true,"href":"https:\/\/linwin-shop.bartmedia.eu\/index.php\/wp-json\/wp\/v2\/comments?post=11987"}],"wp:featuredmedia":[{"embeddable":true,"href":"https:\/\/linwin-shop.bartmedia.eu\/index.php\/wp-json\/wp\/v2\/media\/18985"}],"wp:attachment":[{"href":"https:\/\/linwin-shop.bartmedia.eu\/index.php\/wp-json\/wp\/v2\/media?parent=11987"}],"wp:term":[{"taxonomy":"product_cat","embeddable":true,"href":"https:\/\/linwin-shop.bartmedia.eu\/index.php\/wp-json\/wp\/v2\/product_cat?post=11987"},{"taxonomy":"product_tag","embeddable":true,"href":"https:\/\/linwin-shop.bartmedia.eu\/index.php\/wp-json\/wp\/v2\/product_tag?post=11987"}],"curies":[{"name":"wp","href":"https:\/\/api.w.org\/{rel}","templated":true}]}}