{"id":12003,"date":"2024-01-23T21:11:10","date_gmt":"2024-01-23T21:11:10","guid":{"rendered":"https:\/\/linwin-shop.bartmedia.eu\/index.php\/produit\/bille-porteuse-kus-737-bl-mfg-ht\/"},"modified":"2024-06-01T07:35:57","modified_gmt":"2024-06-01T07:35:57","slug":"bille-porteuse-kus-737-bl-mfg-ht","status":"publish","type":"product","link":"https:\/\/linwin-shop.bartmedia.eu\/index.php\/produit\/bille-porteuse-kus-737-bl-mfg-ht\/","title":{"rendered":"BILLE PORTEUSE KUS-737-BL-MFG-HT"},"content":{"rendered":"<h2>BILLE PORTEUSE KUS-737-BL-MFG-HT<\/h2>\n<h3>Bosch Rexroth<\/h3>\n<p>Bille porteuse avec bo\u00eetier en acier renforc\u00e9<br \/>\nBague d\u2019appui et rondelle galvanis\u00e9es, toutes les autres pi\u00e8ces en acier r\u00e9sistant \u00e0\u00a0la corrosion<br \/>\nTaille = 37<br \/>\nTrou dans le fond<br \/>\nAvec joint en feutre, lubrifi\u00e9<br \/>\nAvec racleur haute temp\u00e9rature<\/p>\n<ul>\n<li>Pour les charges importantes avec \u00e0-coups<\/li>\n<li>Avec bo\u00eetier en t\u00f4le d&rsquo;acier<\/li>\n<li>Billes en 1.3541 \/ 1.4034<\/li>\n<li>Bo\u00eetier et couvercle renforc\u00e9s<\/li>\n<li>Bague d&rsquo;appui et rondelle galvanis\u00e9es, toutes les autres pi\u00e8ces en acier r\u00e9sistant \u00e0\u00a0la corrosion<\/li>\n<li>Avec 7 trous dans le fond<\/li>\n<li>Joint en feutre jusqu&rsquo;\u00e0 150\u00a0\u00b0C<\/li>\n<\/ul>\n<p>&nbsp;<\/p>\n<p>&nbsp;<br \/><a href=\"\/fiches_techniques\/CATR0535.pdf\" target=\"_blank\" class=\"tecF\">Fiche technique<\/a><\/p>\n","protected":false},"excerpt":{"rendered":"<p>BILLE PORTEUSE KUS-737-BL-MFG-HT<\/p>\n","protected":false},"featured_media":18987,"comment_status":"closed","ping_status":"open","template":"","meta":[],"product_cat":[15],"product_tag":[],"class_list":{"0":"post-12003","1":"product","2":"type-product","3":"status-publish","4":"has-post-thumbnail","6":"product_cat-non-classe","8":"first","9":"instock","10":"taxable","11":"shipping-taxable","12":"product-type-simple"},"yoast_head":"<!-- This site is optimized with the Yoast SEO plugin v23.5 - https:\/\/yoast.com\/wordpress\/plugins\/seo\/ -->\n<title>BILLE PORTEUSE KUS-737-BL-MFG-HT -<\/title>\n<meta name=\"robots\" content=\"noindex, follow, max-snippet:-1, max-image-preview:large, max-video-preview:-1\" \/>\n<meta property=\"og:locale\" content=\"fr_FR\" \/>\n<meta property=\"og:type\" content=\"article\" \/>\n<meta property=\"og:title\" content=\"BILLE PORTEUSE KUS-737-BL-MFG-HT -\" \/>\n<meta property=\"og:description\" content=\"BILLE PORTEUSE KUS-737-BL-MFG-HT\" \/>\n<meta property=\"og:url\" content=\"https:\/\/linwin-shop.bartmedia.eu\/index.php\/produit\/bille-porteuse-kus-737-bl-mfg-ht\/\" \/>\n<meta property=\"article:modified_time\" content=\"2024-06-01T07:35:57+00:00\" \/>\n<meta property=\"og:image\" content=\"https:\/\/linwin-shop.bartmedia.eu\/wp-content\/uploads\/2024\/01\/f9624621-d378-43a0-8b7d-d958d7ff5eb1_dc_ecommerce_big_jpg.jpg\" \/>\n\t<meta property=\"og:image:width\" content=\"964\" \/>\n\t<meta property=\"og:image:height\" content=\"741\" \/>\n\t<meta property=\"og:image:type\" content=\"image\/jpeg\" \/>\n<meta name=\"twitter:card\" content=\"summary_large_image\" \/>\n<script type=\"application\/ld+json\" class=\"yoast-schema-graph\">{\"@context\":\"https:\/\/schema.org\",\"@graph\":[{\"@type\":\"WebPage\",\"@id\":\"https:\/\/linwin-shop.bartmedia.eu\/index.php\/produit\/bille-porteuse-kus-737-bl-mfg-ht\/\",\"url\":\"https:\/\/linwin-shop.bartmedia.eu\/index.php\/produit\/bille-porteuse-kus-737-bl-mfg-ht\/\",\"name\":\"BILLE PORTEUSE KUS-737-BL-MFG-HT -\",\"isPartOf\":{\"@id\":\"https:\/\/linwin-shop.bartmedia.eu\/#website\"},\"primaryImageOfPage\":{\"@id\":\"https:\/\/linwin-shop.bartmedia.eu\/index.php\/produit\/bille-porteuse-kus-737-bl-mfg-ht\/#primaryimage\"},\"image\":{\"@id\":\"https:\/\/linwin-shop.bartmedia.eu\/index.php\/produit\/bille-porteuse-kus-737-bl-mfg-ht\/#primaryimage\"},\"thumbnailUrl\":\"https:\/\/linwin-shop.bartmedia.eu\/wp-content\/uploads\/2024\/11\/CATR0535.jpg\",\"datePublished\":\"2024-01-23T21:11:10+00:00\",\"dateModified\":\"2024-06-01T07:35:57+00:00\",\"breadcrumb\":{\"@id\":\"https:\/\/linwin-shop.bartmedia.eu\/index.php\/produit\/bille-porteuse-kus-737-bl-mfg-ht\/#breadcrumb\"},\"inLanguage\":\"fr-FR\",\"potentialAction\":[{\"@type\":\"ReadAction\",\"target\":[\"https:\/\/linwin-shop.bartmedia.eu\/index.php\/produit\/bille-porteuse-kus-737-bl-mfg-ht\/\"]}]},{\"@type\":\"ImageObject\",\"inLanguage\":\"fr-FR\",\"@id\":\"https:\/\/linwin-shop.bartmedia.eu\/index.php\/produit\/bille-porteuse-kus-737-bl-mfg-ht\/#primaryimage\",\"url\":\"https:\/\/linwin-shop.bartmedia.eu\/wp-content\/uploads\/2024\/11\/CATR0535.jpg\",\"contentUrl\":\"https:\/\/linwin-shop.bartmedia.eu\/wp-content\/uploads\/2024\/11\/CATR0535.jpg\",\"width\":363,\"height\":226},{\"@type\":\"BreadcrumbList\",\"@id\":\"https:\/\/linwin-shop.bartmedia.eu\/index.php\/produit\/bille-porteuse-kus-737-bl-mfg-ht\/#breadcrumb\",\"itemListElement\":[{\"@type\":\"ListItem\",\"position\":1,\"name\":\"Accueil\",\"item\":\"https:\/\/linwin-shop.bartmedia.eu\/\"},{\"@type\":\"ListItem\",\"position\":2,\"name\":\"Boutique\",\"item\":\"https:\/\/linwin-shop.bartmedia.eu\/index.php\/boutique\/\"},{\"@type\":\"ListItem\",\"position\":3,\"name\":\"BILLE PORTEUSE KUS-737-BL-MFG-HT\"}]},{\"@type\":\"WebSite\",\"@id\":\"https:\/\/linwin-shop.bartmedia.eu\/#website\",\"url\":\"https:\/\/linwin-shop.bartmedia.eu\/\",\"name\":\"\",\"description\":\"\",\"potentialAction\":[{\"@type\":\"SearchAction\",\"target\":{\"@type\":\"EntryPoint\",\"urlTemplate\":\"https:\/\/linwin-shop.bartmedia.eu\/?s={search_term_string}\"},\"query-input\":{\"@type\":\"PropertyValueSpecification\",\"valueRequired\":true,\"valueName\":\"search_term_string\"}}],\"inLanguage\":\"fr-FR\"}]}<\/script>\n<!-- \/ Yoast SEO plugin. -->","yoast_head_json":{"title":"BILLE PORTEUSE KUS-737-BL-MFG-HT -","robots":{"index":"noindex","follow":"follow","max-snippet":"max-snippet:-1","max-image-preview":"max-image-preview:large","max-video-preview":"max-video-preview:-1"},"og_locale":"fr_FR","og_type":"article","og_title":"BILLE PORTEUSE KUS-737-BL-MFG-HT -","og_description":"BILLE PORTEUSE KUS-737-BL-MFG-HT","og_url":"https:\/\/linwin-shop.bartmedia.eu\/index.php\/produit\/bille-porteuse-kus-737-bl-mfg-ht\/","article_modified_time":"2024-06-01T07:35:57+00:00","og_image":[{"width":964,"height":741,"url":"https:\/\/linwin-shop.bartmedia.eu\/wp-content\/uploads\/2024\/01\/f9624621-d378-43a0-8b7d-d958d7ff5eb1_dc_ecommerce_big_jpg.jpg","type":"image\/jpeg"}],"twitter_card":"summary_large_image","schema":{"@context":"https:\/\/schema.org","@graph":[{"@type":"WebPage","@id":"https:\/\/linwin-shop.bartmedia.eu\/index.php\/produit\/bille-porteuse-kus-737-bl-mfg-ht\/","url":"https:\/\/linwin-shop.bartmedia.eu\/index.php\/produit\/bille-porteuse-kus-737-bl-mfg-ht\/","name":"BILLE PORTEUSE KUS-737-BL-MFG-HT -","isPartOf":{"@id":"https:\/\/linwin-shop.bartmedia.eu\/#website"},"primaryImageOfPage":{"@id":"https:\/\/linwin-shop.bartmedia.eu\/index.php\/produit\/bille-porteuse-kus-737-bl-mfg-ht\/#primaryimage"},"image":{"@id":"https:\/\/linwin-shop.bartmedia.eu\/index.php\/produit\/bille-porteuse-kus-737-bl-mfg-ht\/#primaryimage"},"thumbnailUrl":"https:\/\/linwin-shop.bartmedia.eu\/wp-content\/uploads\/2024\/11\/CATR0535.jpg","datePublished":"2024-01-23T21:11:10+00:00","dateModified":"2024-06-01T07:35:57+00:00","breadcrumb":{"@id":"https:\/\/linwin-shop.bartmedia.eu\/index.php\/produit\/bille-porteuse-kus-737-bl-mfg-ht\/#breadcrumb"},"inLanguage":"fr-FR","potentialAction":[{"@type":"ReadAction","target":["https:\/\/linwin-shop.bartmedia.eu\/index.php\/produit\/bille-porteuse-kus-737-bl-mfg-ht\/"]}]},{"@type":"ImageObject","inLanguage":"fr-FR","@id":"https:\/\/linwin-shop.bartmedia.eu\/index.php\/produit\/bille-porteuse-kus-737-bl-mfg-ht\/#primaryimage","url":"https:\/\/linwin-shop.bartmedia.eu\/wp-content\/uploads\/2024\/11\/CATR0535.jpg","contentUrl":"https:\/\/linwin-shop.bartmedia.eu\/wp-content\/uploads\/2024\/11\/CATR0535.jpg","width":363,"height":226},{"@type":"BreadcrumbList","@id":"https:\/\/linwin-shop.bartmedia.eu\/index.php\/produit\/bille-porteuse-kus-737-bl-mfg-ht\/#breadcrumb","itemListElement":[{"@type":"ListItem","position":1,"name":"Accueil","item":"https:\/\/linwin-shop.bartmedia.eu\/"},{"@type":"ListItem","position":2,"name":"Boutique","item":"https:\/\/linwin-shop.bartmedia.eu\/index.php\/boutique\/"},{"@type":"ListItem","position":3,"name":"BILLE PORTEUSE KUS-737-BL-MFG-HT"}]},{"@type":"WebSite","@id":"https:\/\/linwin-shop.bartmedia.eu\/#website","url":"https:\/\/linwin-shop.bartmedia.eu\/","name":"","description":"","potentialAction":[{"@type":"SearchAction","target":{"@type":"EntryPoint","urlTemplate":"https:\/\/linwin-shop.bartmedia.eu\/?s={search_term_string}"},"query-input":{"@type":"PropertyValueSpecification","valueRequired":true,"valueName":"search_term_string"}}],"inLanguage":"fr-FR"}]}},"jetpack_sharing_enabled":true,"_links":{"self":[{"href":"https:\/\/linwin-shop.bartmedia.eu\/index.php\/wp-json\/wp\/v2\/product\/12003","targetHints":{"allow":["GET"]}}],"collection":[{"href":"https:\/\/linwin-shop.bartmedia.eu\/index.php\/wp-json\/wp\/v2\/product"}],"about":[{"href":"https:\/\/linwin-shop.bartmedia.eu\/index.php\/wp-json\/wp\/v2\/types\/product"}],"replies":[{"embeddable":true,"href":"https:\/\/linwin-shop.bartmedia.eu\/index.php\/wp-json\/wp\/v2\/comments?post=12003"}],"wp:featuredmedia":[{"embeddable":true,"href":"https:\/\/linwin-shop.bartmedia.eu\/index.php\/wp-json\/wp\/v2\/media\/18987"}],"wp:attachment":[{"href":"https:\/\/linwin-shop.bartmedia.eu\/index.php\/wp-json\/wp\/v2\/media?parent=12003"}],"wp:term":[{"taxonomy":"product_cat","embeddable":true,"href":"https:\/\/linwin-shop.bartmedia.eu\/index.php\/wp-json\/wp\/v2\/product_cat?post=12003"},{"taxonomy":"product_tag","embeddable":true,"href":"https:\/\/linwin-shop.bartmedia.eu\/index.php\/wp-json\/wp\/v2\/product_tag?post=12003"}],"curies":[{"name":"wp","href":"https:\/\/api.w.org\/{rel}","templated":true}]}}