{"id":12036,"date":"2024-01-23T21:11:20","date_gmt":"2024-01-23T21:11:20","guid":{"rendered":"https:\/\/linwin-shop.bartmedia.eu\/index.php\/produit\/bague-de-tolerance-an15x14n\/"},"modified":"2024-06-01T07:34:00","modified_gmt":"2024-06-01T07:34:00","slug":"bague-de-tolerance-an15x14n","status":"publish","type":"product","link":"https:\/\/linwin-shop.bartmedia.eu\/index.php\/produit\/bague-de-tolerance-an15x14n\/","title":{"rendered":"BAGUE DE TOLERANCE AN15X14N"},"content":{"rendered":"<h2>BAGUE DE TOLERANCE AN15X14N<\/h2>\n<h3>Bosch Rexroth<\/h3>\n<p>Bague de tol\u00e9rance<br \/>\nForme AN: Les bords plats mobiles se situent sur le diam\u00e8tre ext\u00e9rieur de la bague de tol\u00e9rance. Utilisation pour syst\u00e8me d\u2019arbre unitaire.<br \/>\nDiam\u00e8tre de bague de tol\u00e9rance (d) =\u00a015<br \/>\nLargeur de la bague de tol\u00e9rance (b) =\u00a014<br \/>\nAcier r\u00e9sistant \u00e0 la corrosion<\/p>\n<ul>\n<li>Montage rapide et \u00e9conomique<\/li>\n<li>Compensation de la dilatation thermique entre des \u00e9l\u00e9ments de machine compos\u00e9s de diff\u00e9rents mat\u00e9riaux<\/li>\n<li>Rainures de clavette ou autres liaisons pour assemblage rigide inutiles<\/li>\n<li>Construction simple des pi\u00e8ces de raccordement<\/li>\n<li>Haute r\u00e9sistance \u00e0\u00a0la temp\u00e9rature<\/li>\n<li>Dimensions particuli\u00e8res sur demande<\/li>\n<li>\u00c9l\u00e9ment de machine extr\u00eamement \u00e9conomique<\/li>\n<li>R\u00e9siste \u00e0\u00a0diff\u00e9rentes sollicitations chimiques<\/li>\n<li>Liaison fixe et s\u00fbre des pi\u00e8ces de machine<\/li>\n<li>Grande plage de tol\u00e9rance au niveau des pi\u00e8ces \u00e0\u00a0relier<\/li>\n<li>Montage rapide et \u00e9conomique<\/li>\n<li>Compensation de la dilatation thermique entre des \u00e9l\u00e9ments de machine compos\u00e9s de diff\u00e9rents mat\u00e9riaux<\/li>\n<li>Rainures de clavette ou autres liaisons pour assemblage rigide inutiles<\/li>\n<li>Construction simple des pi\u00e8ces de raccordement<\/li>\n<li>Haute r\u00e9sistance \u00e0\u00a0la temp\u00e9rature<\/li>\n<\/ul>\n<p>&nbsp;<\/p>\n<p>&nbsp;<\/p>\n","protected":false},"excerpt":{"rendered":"<p>BAGUE DE TOLERANCE AN15X14N<\/p>\n","protected":false},"featured_media":128,"comment_status":"closed","ping_status":"open","template":"","meta":[],"product_cat":[3608],"product_tag":[],"class_list":{"0":"post-12036","1":"product","2":"type-product","3":"status-publish","4":"has-post-thumbnail","6":"product_cat-accessoire-rexroth","7":"pa_couple-transmissible-228","9":"first","10":"instock","11":"taxable","12":"shipping-taxable","13":"product-type-simple"},"yoast_head":"<!-- This site is optimized with the Yoast SEO plugin v23.5 - https:\/\/yoast.com\/wordpress\/plugins\/seo\/ -->\n<title>BAGUE DE TOLERANCE AN15X14N -<\/title>\n<meta name=\"robots\" content=\"noindex, follow, max-snippet:-1, max-image-preview:large, max-video-preview:-1\" \/>\n<meta property=\"og:locale\" content=\"fr_FR\" \/>\n<meta property=\"og:type\" content=\"article\" \/>\n<meta property=\"og:title\" content=\"BAGUE DE TOLERANCE AN15X14N -\" \/>\n<meta property=\"og:description\" content=\"BAGUE DE TOLERANCE AN15X14N\" \/>\n<meta property=\"og:url\" content=\"https:\/\/linwin-shop.bartmedia.eu\/index.php\/produit\/bague-de-tolerance-an15x14n\/\" \/>\n<meta property=\"article:modified_time\" content=\"2024-06-01T07:34:00+00:00\" \/>\n<meta property=\"og:image\" content=\"https:\/\/linwin-shop.bartmedia.eu\/wp-content\/uploads\/2024\/01\/cf4ba33b-df21-4049-a8a0-b00ac7a7e231_dc_ecommerce_big_jpg.jpg\" \/>\n\t<meta property=\"og:image:width\" content=\"964\" \/>\n\t<meta property=\"og:image:height\" content=\"944\" \/>\n\t<meta property=\"og:image:type\" content=\"image\/jpeg\" \/>\n<meta name=\"twitter:card\" content=\"summary_large_image\" \/>\n<meta name=\"twitter:label1\" content=\"Dur\u00e9e de lecture estim\u00e9e\" \/>\n\t<meta name=\"twitter:data1\" content=\"1 minute\" \/>\n<script type=\"application\/ld+json\" class=\"yoast-schema-graph\">{\"@context\":\"https:\/\/schema.org\",\"@graph\":[{\"@type\":\"WebPage\",\"@id\":\"https:\/\/linwin-shop.bartmedia.eu\/index.php\/produit\/bague-de-tolerance-an15x14n\/\",\"url\":\"https:\/\/linwin-shop.bartmedia.eu\/index.php\/produit\/bague-de-tolerance-an15x14n\/\",\"name\":\"BAGUE DE TOLERANCE AN15X14N -\",\"isPartOf\":{\"@id\":\"https:\/\/linwin-shop.bartmedia.eu\/#website\"},\"primaryImageOfPage\":{\"@id\":\"https:\/\/linwin-shop.bartmedia.eu\/index.php\/produit\/bague-de-tolerance-an15x14n\/#primaryimage\"},\"image\":{\"@id\":\"https:\/\/linwin-shop.bartmedia.eu\/index.php\/produit\/bague-de-tolerance-an15x14n\/#primaryimage\"},\"thumbnailUrl\":\"https:\/\/linwin-shop.bartmedia.eu\/wp-content\/uploads\/2024\/01\/cf4ba33b-df21-4049-a8a0-b00ac7a7e231_dc_ecommerce_big_jpg.jpg\",\"datePublished\":\"2024-01-23T21:11:20+00:00\",\"dateModified\":\"2024-06-01T07:34:00+00:00\",\"breadcrumb\":{\"@id\":\"https:\/\/linwin-shop.bartmedia.eu\/index.php\/produit\/bague-de-tolerance-an15x14n\/#breadcrumb\"},\"inLanguage\":\"fr-FR\",\"potentialAction\":[{\"@type\":\"ReadAction\",\"target\":[\"https:\/\/linwin-shop.bartmedia.eu\/index.php\/produit\/bague-de-tolerance-an15x14n\/\"]}]},{\"@type\":\"ImageObject\",\"inLanguage\":\"fr-FR\",\"@id\":\"https:\/\/linwin-shop.bartmedia.eu\/index.php\/produit\/bague-de-tolerance-an15x14n\/#primaryimage\",\"url\":\"https:\/\/linwin-shop.bartmedia.eu\/wp-content\/uploads\/2024\/01\/cf4ba33b-df21-4049-a8a0-b00ac7a7e231_dc_ecommerce_big_jpg.jpg\",\"contentUrl\":\"https:\/\/linwin-shop.bartmedia.eu\/wp-content\/uploads\/2024\/01\/cf4ba33b-df21-4049-a8a0-b00ac7a7e231_dc_ecommerce_big_jpg.jpg\",\"width\":964,\"height\":944,\"caption\":\"Image produit BAGUE DE TOLERANCE AN 38 X 12 N\"},{\"@type\":\"BreadcrumbList\",\"@id\":\"https:\/\/linwin-shop.bartmedia.eu\/index.php\/produit\/bague-de-tolerance-an15x14n\/#breadcrumb\",\"itemListElement\":[{\"@type\":\"ListItem\",\"position\":1,\"name\":\"Accueil\",\"item\":\"https:\/\/linwin-shop.bartmedia.eu\/\"},{\"@type\":\"ListItem\",\"position\":2,\"name\":\"Boutique\",\"item\":\"https:\/\/linwin-shop.bartmedia.eu\/index.php\/boutique\/\"},{\"@type\":\"ListItem\",\"position\":3,\"name\":\"BAGUE DE TOLERANCE AN15X14N\"}]},{\"@type\":\"WebSite\",\"@id\":\"https:\/\/linwin-shop.bartmedia.eu\/#website\",\"url\":\"https:\/\/linwin-shop.bartmedia.eu\/\",\"name\":\"\",\"description\":\"\",\"potentialAction\":[{\"@type\":\"SearchAction\",\"target\":{\"@type\":\"EntryPoint\",\"urlTemplate\":\"https:\/\/linwin-shop.bartmedia.eu\/?s={search_term_string}\"},\"query-input\":{\"@type\":\"PropertyValueSpecification\",\"valueRequired\":true,\"valueName\":\"search_term_string\"}}],\"inLanguage\":\"fr-FR\"}]}<\/script>\n<!-- \/ Yoast SEO plugin. -->","yoast_head_json":{"title":"BAGUE DE TOLERANCE AN15X14N -","robots":{"index":"noindex","follow":"follow","max-snippet":"max-snippet:-1","max-image-preview":"max-image-preview:large","max-video-preview":"max-video-preview:-1"},"og_locale":"fr_FR","og_type":"article","og_title":"BAGUE DE TOLERANCE AN15X14N -","og_description":"BAGUE DE TOLERANCE AN15X14N","og_url":"https:\/\/linwin-shop.bartmedia.eu\/index.php\/produit\/bague-de-tolerance-an15x14n\/","article_modified_time":"2024-06-01T07:34:00+00:00","og_image":[{"width":964,"height":944,"url":"https:\/\/linwin-shop.bartmedia.eu\/wp-content\/uploads\/2024\/01\/cf4ba33b-df21-4049-a8a0-b00ac7a7e231_dc_ecommerce_big_jpg.jpg","type":"image\/jpeg"}],"twitter_card":"summary_large_image","twitter_misc":{"Dur\u00e9e de lecture estim\u00e9e":"1 minute"},"schema":{"@context":"https:\/\/schema.org","@graph":[{"@type":"WebPage","@id":"https:\/\/linwin-shop.bartmedia.eu\/index.php\/produit\/bague-de-tolerance-an15x14n\/","url":"https:\/\/linwin-shop.bartmedia.eu\/index.php\/produit\/bague-de-tolerance-an15x14n\/","name":"BAGUE DE TOLERANCE AN15X14N -","isPartOf":{"@id":"https:\/\/linwin-shop.bartmedia.eu\/#website"},"primaryImageOfPage":{"@id":"https:\/\/linwin-shop.bartmedia.eu\/index.php\/produit\/bague-de-tolerance-an15x14n\/#primaryimage"},"image":{"@id":"https:\/\/linwin-shop.bartmedia.eu\/index.php\/produit\/bague-de-tolerance-an15x14n\/#primaryimage"},"thumbnailUrl":"https:\/\/linwin-shop.bartmedia.eu\/wp-content\/uploads\/2024\/01\/cf4ba33b-df21-4049-a8a0-b00ac7a7e231_dc_ecommerce_big_jpg.jpg","datePublished":"2024-01-23T21:11:20+00:00","dateModified":"2024-06-01T07:34:00+00:00","breadcrumb":{"@id":"https:\/\/linwin-shop.bartmedia.eu\/index.php\/produit\/bague-de-tolerance-an15x14n\/#breadcrumb"},"inLanguage":"fr-FR","potentialAction":[{"@type":"ReadAction","target":["https:\/\/linwin-shop.bartmedia.eu\/index.php\/produit\/bague-de-tolerance-an15x14n\/"]}]},{"@type":"ImageObject","inLanguage":"fr-FR","@id":"https:\/\/linwin-shop.bartmedia.eu\/index.php\/produit\/bague-de-tolerance-an15x14n\/#primaryimage","url":"https:\/\/linwin-shop.bartmedia.eu\/wp-content\/uploads\/2024\/01\/cf4ba33b-df21-4049-a8a0-b00ac7a7e231_dc_ecommerce_big_jpg.jpg","contentUrl":"https:\/\/linwin-shop.bartmedia.eu\/wp-content\/uploads\/2024\/01\/cf4ba33b-df21-4049-a8a0-b00ac7a7e231_dc_ecommerce_big_jpg.jpg","width":964,"height":944,"caption":"Image produit BAGUE DE TOLERANCE AN 38 X 12 N"},{"@type":"BreadcrumbList","@id":"https:\/\/linwin-shop.bartmedia.eu\/index.php\/produit\/bague-de-tolerance-an15x14n\/#breadcrumb","itemListElement":[{"@type":"ListItem","position":1,"name":"Accueil","item":"https:\/\/linwin-shop.bartmedia.eu\/"},{"@type":"ListItem","position":2,"name":"Boutique","item":"https:\/\/linwin-shop.bartmedia.eu\/index.php\/boutique\/"},{"@type":"ListItem","position":3,"name":"BAGUE DE TOLERANCE AN15X14N"}]},{"@type":"WebSite","@id":"https:\/\/linwin-shop.bartmedia.eu\/#website","url":"https:\/\/linwin-shop.bartmedia.eu\/","name":"","description":"","potentialAction":[{"@type":"SearchAction","target":{"@type":"EntryPoint","urlTemplate":"https:\/\/linwin-shop.bartmedia.eu\/?s={search_term_string}"},"query-input":{"@type":"PropertyValueSpecification","valueRequired":true,"valueName":"search_term_string"}}],"inLanguage":"fr-FR"}]}},"jetpack_sharing_enabled":true,"_links":{"self":[{"href":"https:\/\/linwin-shop.bartmedia.eu\/index.php\/wp-json\/wp\/v2\/product\/12036","targetHints":{"allow":["GET"]}}],"collection":[{"href":"https:\/\/linwin-shop.bartmedia.eu\/index.php\/wp-json\/wp\/v2\/product"}],"about":[{"href":"https:\/\/linwin-shop.bartmedia.eu\/index.php\/wp-json\/wp\/v2\/types\/product"}],"replies":[{"embeddable":true,"href":"https:\/\/linwin-shop.bartmedia.eu\/index.php\/wp-json\/wp\/v2\/comments?post=12036"}],"wp:featuredmedia":[{"embeddable":true,"href":"https:\/\/linwin-shop.bartmedia.eu\/index.php\/wp-json\/wp\/v2\/media\/128"}],"wp:attachment":[{"href":"https:\/\/linwin-shop.bartmedia.eu\/index.php\/wp-json\/wp\/v2\/media?parent=12036"}],"wp:term":[{"taxonomy":"product_cat","embeddable":true,"href":"https:\/\/linwin-shop.bartmedia.eu\/index.php\/wp-json\/wp\/v2\/product_cat?post=12036"},{"taxonomy":"product_tag","embeddable":true,"href":"https:\/\/linwin-shop.bartmedia.eu\/index.php\/wp-json\/wp\/v2\/product_tag?post=12036"}],"curies":[{"name":"wp","href":"https:\/\/api.w.org\/{rel}","templated":true}]}}