{"id":12275,"date":"2024-01-23T21:12:30","date_gmt":"2024-01-23T21:12:30","guid":{"rendered":"https:\/\/linwin-shop.bartmedia.eu\/index.php\/produit\/bague-de-tolerance-an95x12n\/"},"modified":"2024-06-01T07:33:43","modified_gmt":"2024-06-01T07:33:43","slug":"bague-de-tolerance-an95x12n","status":"publish","type":"product","link":"https:\/\/linwin-shop.bartmedia.eu\/index.php\/produit\/bague-de-tolerance-an95x12n\/","title":{"rendered":"BAGUE DE TOLERANCE AN9,5X12N"},"content":{"rendered":"<h2>BAGUE DE TOLERANCE AN9,5X12N<\/h2>\n<h3>Bosch Rexroth<\/h3>\n<p>Bague de tol\u00e9rance<br \/>\nForme AN: Les bords plats mobiles se situent sur le diam\u00e8tre ext\u00e9rieur de la bague de tol\u00e9rance. Utilisation pour syst\u00e8me d\u2019arbre unitaire.<br \/>\nDiam\u00e8tre de bague de tol\u00e9rance (d) =\u00a09,5<br \/>\nLargeur de la bague de tol\u00e9rance (b) =\u00a012<br \/>\nAcier r\u00e9sistant \u00e0 la corrosion<\/p>\n<p>&nbsp;<\/p>\n<p>&nbsp;<\/p>\n","protected":false},"excerpt":{"rendered":"<p>BAGUE DE TOLERANCE AN9,5X12N<\/p>\n","protected":false},"featured_media":0,"comment_status":"closed","ping_status":"open","template":"","meta":[],"product_cat":[15],"product_tag":[],"class_list":{"0":"post-12275","1":"product","2":"type-product","3":"status-publish","5":"product_cat-non-classe","6":"pa_calibre-95-x-12","8":"first","9":"instock","10":"taxable","11":"shipping-taxable","12":"product-type-simple"},"yoast_head":"<!-- This site is optimized with the Yoast SEO plugin v23.5 - https:\/\/yoast.com\/wordpress\/plugins\/seo\/ -->\n<title>BAGUE DE TOLERANCE AN9,5X12N -<\/title>\n<meta name=\"robots\" content=\"noindex, follow, max-snippet:-1, max-image-preview:large, max-video-preview:-1\" \/>\n<meta property=\"og:locale\" content=\"fr_FR\" \/>\n<meta property=\"og:type\" content=\"article\" \/>\n<meta property=\"og:title\" content=\"BAGUE DE TOLERANCE AN9,5X12N -\" \/>\n<meta property=\"og:description\" content=\"BAGUE DE TOLERANCE AN9,5X12N\" \/>\n<meta property=\"og:url\" content=\"https:\/\/linwin-shop.bartmedia.eu\/index.php\/produit\/bague-de-tolerance-an95x12n\/\" \/>\n<meta property=\"article:modified_time\" content=\"2024-06-01T07:33:43+00:00\" \/>\n<meta name=\"twitter:card\" content=\"summary_large_image\" \/>\n<script type=\"application\/ld+json\" class=\"yoast-schema-graph\">{\"@context\":\"https:\/\/schema.org\",\"@graph\":[{\"@type\":\"WebPage\",\"@id\":\"https:\/\/linwin-shop.bartmedia.eu\/index.php\/produit\/bague-de-tolerance-an95x12n\/\",\"url\":\"https:\/\/linwin-shop.bartmedia.eu\/index.php\/produit\/bague-de-tolerance-an95x12n\/\",\"name\":\"BAGUE DE TOLERANCE AN9,5X12N -\",\"isPartOf\":{\"@id\":\"https:\/\/linwin-shop.bartmedia.eu\/#website\"},\"datePublished\":\"2024-01-23T21:12:30+00:00\",\"dateModified\":\"2024-06-01T07:33:43+00:00\",\"breadcrumb\":{\"@id\":\"https:\/\/linwin-shop.bartmedia.eu\/index.php\/produit\/bague-de-tolerance-an95x12n\/#breadcrumb\"},\"inLanguage\":\"fr-FR\",\"potentialAction\":[{\"@type\":\"ReadAction\",\"target\":[\"https:\/\/linwin-shop.bartmedia.eu\/index.php\/produit\/bague-de-tolerance-an95x12n\/\"]}]},{\"@type\":\"BreadcrumbList\",\"@id\":\"https:\/\/linwin-shop.bartmedia.eu\/index.php\/produit\/bague-de-tolerance-an95x12n\/#breadcrumb\",\"itemListElement\":[{\"@type\":\"ListItem\",\"position\":1,\"name\":\"Accueil\",\"item\":\"https:\/\/linwin-shop.bartmedia.eu\/\"},{\"@type\":\"ListItem\",\"position\":2,\"name\":\"Boutique\",\"item\":\"https:\/\/linwin-shop.bartmedia.eu\/index.php\/boutique\/\"},{\"@type\":\"ListItem\",\"position\":3,\"name\":\"BAGUE DE TOLERANCE AN9,5X12N\"}]},{\"@type\":\"WebSite\",\"@id\":\"https:\/\/linwin-shop.bartmedia.eu\/#website\",\"url\":\"https:\/\/linwin-shop.bartmedia.eu\/\",\"name\":\"\",\"description\":\"\",\"potentialAction\":[{\"@type\":\"SearchAction\",\"target\":{\"@type\":\"EntryPoint\",\"urlTemplate\":\"https:\/\/linwin-shop.bartmedia.eu\/?s={search_term_string}\"},\"query-input\":{\"@type\":\"PropertyValueSpecification\",\"valueRequired\":true,\"valueName\":\"search_term_string\"}}],\"inLanguage\":\"fr-FR\"}]}<\/script>\n<!-- \/ Yoast SEO plugin. -->","yoast_head_json":{"title":"BAGUE DE TOLERANCE AN9,5X12N -","robots":{"index":"noindex","follow":"follow","max-snippet":"max-snippet:-1","max-image-preview":"max-image-preview:large","max-video-preview":"max-video-preview:-1"},"og_locale":"fr_FR","og_type":"article","og_title":"BAGUE DE TOLERANCE AN9,5X12N -","og_description":"BAGUE DE TOLERANCE AN9,5X12N","og_url":"https:\/\/linwin-shop.bartmedia.eu\/index.php\/produit\/bague-de-tolerance-an95x12n\/","article_modified_time":"2024-06-01T07:33:43+00:00","twitter_card":"summary_large_image","schema":{"@context":"https:\/\/schema.org","@graph":[{"@type":"WebPage","@id":"https:\/\/linwin-shop.bartmedia.eu\/index.php\/produit\/bague-de-tolerance-an95x12n\/","url":"https:\/\/linwin-shop.bartmedia.eu\/index.php\/produit\/bague-de-tolerance-an95x12n\/","name":"BAGUE DE TOLERANCE AN9,5X12N -","isPartOf":{"@id":"https:\/\/linwin-shop.bartmedia.eu\/#website"},"datePublished":"2024-01-23T21:12:30+00:00","dateModified":"2024-06-01T07:33:43+00:00","breadcrumb":{"@id":"https:\/\/linwin-shop.bartmedia.eu\/index.php\/produit\/bague-de-tolerance-an95x12n\/#breadcrumb"},"inLanguage":"fr-FR","potentialAction":[{"@type":"ReadAction","target":["https:\/\/linwin-shop.bartmedia.eu\/index.php\/produit\/bague-de-tolerance-an95x12n\/"]}]},{"@type":"BreadcrumbList","@id":"https:\/\/linwin-shop.bartmedia.eu\/index.php\/produit\/bague-de-tolerance-an95x12n\/#breadcrumb","itemListElement":[{"@type":"ListItem","position":1,"name":"Accueil","item":"https:\/\/linwin-shop.bartmedia.eu\/"},{"@type":"ListItem","position":2,"name":"Boutique","item":"https:\/\/linwin-shop.bartmedia.eu\/index.php\/boutique\/"},{"@type":"ListItem","position":3,"name":"BAGUE DE TOLERANCE AN9,5X12N"}]},{"@type":"WebSite","@id":"https:\/\/linwin-shop.bartmedia.eu\/#website","url":"https:\/\/linwin-shop.bartmedia.eu\/","name":"","description":"","potentialAction":[{"@type":"SearchAction","target":{"@type":"EntryPoint","urlTemplate":"https:\/\/linwin-shop.bartmedia.eu\/?s={search_term_string}"},"query-input":{"@type":"PropertyValueSpecification","valueRequired":true,"valueName":"search_term_string"}}],"inLanguage":"fr-FR"}]}},"jetpack_sharing_enabled":true,"_links":{"self":[{"href":"https:\/\/linwin-shop.bartmedia.eu\/index.php\/wp-json\/wp\/v2\/product\/12275","targetHints":{"allow":["GET"]}}],"collection":[{"href":"https:\/\/linwin-shop.bartmedia.eu\/index.php\/wp-json\/wp\/v2\/product"}],"about":[{"href":"https:\/\/linwin-shop.bartmedia.eu\/index.php\/wp-json\/wp\/v2\/types\/product"}],"replies":[{"embeddable":true,"href":"https:\/\/linwin-shop.bartmedia.eu\/index.php\/wp-json\/wp\/v2\/comments?post=12275"}],"wp:attachment":[{"href":"https:\/\/linwin-shop.bartmedia.eu\/index.php\/wp-json\/wp\/v2\/media?parent=12275"}],"wp:term":[{"taxonomy":"product_cat","embeddable":true,"href":"https:\/\/linwin-shop.bartmedia.eu\/index.php\/wp-json\/wp\/v2\/product_cat?post=12275"},{"taxonomy":"product_tag","embeddable":true,"href":"https:\/\/linwin-shop.bartmedia.eu\/index.php\/wp-json\/wp\/v2\/product_tag?post=12275"}],"curies":[{"name":"wp","href":"https:\/\/api.w.org\/{rel}","templated":true}]}}