{"id":12391,"date":"2024-01-23T21:13:02","date_gmt":"2024-01-23T21:13:02","guid":{"rendered":"https:\/\/linwin-shop.bartmedia.eu\/index.php\/produit\/douille-a-billes-standard-kbm-60-dd\/"},"modified":"2024-11-15T14:51:57","modified_gmt":"2024-11-15T14:51:57","slug":"douille-a-billes-standard-kbm-60-dd","status":"publish","type":"product","link":"https:\/\/linwin-shop.bartmedia.eu\/index.php\/produit\/douille-a-billes-standard-kbm-60-dd\/","title":{"rendered":"DOUILLES A BILLES STANDARD REXROTH KBM-60-DD (avec 2 racleurs int\u00e9gr\u00e9s)"},"content":{"rendered":"<h2>DOUILLE A BILLES STANDARD KBM-60-DD<\/h2>\n<h3>Bosch Rexroth<\/h3>\n<p>Douille \u00e0\u00a0billes standard<br \/>\nStandard (en m\u00e9tal)<br \/>\nFerm\u00e9<br \/>\nDiam\u00e8tre de l\u2019arbre d = 60<br \/>\nAvec deux racleurs<br \/>\nVersion: Normale<\/p>\n<ul>\n<li>Ex\u00e9cution solide en m\u00e9tal avec cage en acier pour les conditions de service difficiles et les gros encrassements<\/li>\n<li>Pour les applications dans les machines \u00e0\u00a0bois, les fonderies et les cimenteries<\/li>\n<li>Nombreuses cavit\u00e9s servant de r\u00e9servoir\u00a0de lubrifiant pour des intervalles de lubrification plus importants ou une lubrification \u00e0\u00a0vie<\/li>\n<li>Les cavit\u00e9s absorbent \u00e9galement les impuret\u00e9s ayant \u00e9ventuellement p\u00e9n\u00e9tr\u00e9 \u00e0\u00a0l&rsquo;int\u00e9rieur et emp\u00eachent de ce fait le blocage de la douille \u00e0\u00a0billes.<\/li>\n<li>Billes en acier pour roulements \u00e0\u00a0billes<\/li>\n<li>Ferm\u00e9es, pour arbres fix\u00e9s \u00e0\u00a0leurs extr\u00e9mit\u00e9s<\/li>\n<li>Cage de guidage en acier (en plastique POM pour diam\u00e8tres d&rsquo;arbres 3, 4 et 10 et en plastique PA pour diam\u00e8tres d&rsquo;arbres 5 et 8)<\/li>\n<li>L&rsquo;ex\u00e9cution sans racleur est avec des bagues de retenue en acier int\u00e9gr\u00e9es; temp\u00e9ratures sup\u00e9rieures admissibles \u00e0\u00a0partir du diam\u00e8tre d&rsquo;arbre 12<\/li>\n<li>Fourreau tremp\u00e9 et rectifi\u00e9<\/li>\n<\/ul>\n<p>&nbsp;<\/p>\n<p>&nbsp;<br \/><a href=\"\/fiches_techniques\/CATR0602.pdf\" target=\"_blank\" class=\"tecF\">Fiche technique<\/a><\/p>\n","protected":false},"excerpt":{"rendered":"<p>DOUILLE A BILLES STANDARD KBM-60-DD<\/p>\n","protected":false},"featured_media":18990,"comment_status":"closed","ping_status":"open","template":"","meta":[],"product_cat":[3617],"product_tag":[],"class_list":{"0":"post-12391","1":"product","2":"type-product","3":"status-publish","4":"has-post-thumbnail","6":"product_cat-douilles-a-billes-rexroth","7":"pa_rangees-de-billes-632","9":"first","10":"instock","11":"taxable","12":"shipping-taxable","13":"product-type-simple"},"yoast_head":"<!-- This site is optimized with the Yoast SEO plugin v23.5 - https:\/\/yoast.com\/wordpress\/plugins\/seo\/ -->\n<title>DOUILLES A BILLES STANDARD REXROTH KBM-60-DD (avec 2 racleurs int\u00e9gr\u00e9s) -<\/title>\n<meta name=\"robots\" content=\"noindex, follow, max-snippet:-1, max-image-preview:large, max-video-preview:-1\" \/>\n<meta property=\"og:locale\" content=\"fr_FR\" \/>\n<meta property=\"og:type\" content=\"article\" \/>\n<meta property=\"og:title\" content=\"DOUILLES A BILLES STANDARD REXROTH KBM-60-DD (avec 2 racleurs int\u00e9gr\u00e9s) -\" \/>\n<meta property=\"og:description\" content=\"DOUILLE A BILLES STANDARD KBM-60-DD\" \/>\n<meta property=\"og:url\" content=\"https:\/\/linwin-shop.bartmedia.eu\/index.php\/produit\/douille-a-billes-standard-kbm-60-dd\/\" \/>\n<meta property=\"article:modified_time\" content=\"2024-11-15T14:51:57+00:00\" \/>\n<meta property=\"og:image\" content=\"https:\/\/linwin-shop.bartmedia.eu\/wp-content\/uploads\/2024\/11\/CATR0602.jpg\" \/>\n\t<meta property=\"og:image:width\" content=\"217\" \/>\n\t<meta property=\"og:image:height\" content=\"196\" \/>\n\t<meta property=\"og:image:type\" content=\"image\/jpeg\" \/>\n<meta name=\"twitter:card\" content=\"summary_large_image\" \/>\n<meta name=\"twitter:label1\" content=\"Dur\u00e9e de lecture estim\u00e9e\" \/>\n\t<meta name=\"twitter:data1\" content=\"1 minute\" \/>\n<script type=\"application\/ld+json\" class=\"yoast-schema-graph\">{\"@context\":\"https:\/\/schema.org\",\"@graph\":[{\"@type\":\"WebPage\",\"@id\":\"https:\/\/linwin-shop.bartmedia.eu\/index.php\/produit\/douille-a-billes-standard-kbm-60-dd\/\",\"url\":\"https:\/\/linwin-shop.bartmedia.eu\/index.php\/produit\/douille-a-billes-standard-kbm-60-dd\/\",\"name\":\"DOUILLES A BILLES STANDARD REXROTH KBM-60-DD (avec 2 racleurs int\u00e9gr\u00e9s) -\",\"isPartOf\":{\"@id\":\"https:\/\/linwin-shop.bartmedia.eu\/#website\"},\"primaryImageOfPage\":{\"@id\":\"https:\/\/linwin-shop.bartmedia.eu\/index.php\/produit\/douille-a-billes-standard-kbm-60-dd\/#primaryimage\"},\"image\":{\"@id\":\"https:\/\/linwin-shop.bartmedia.eu\/index.php\/produit\/douille-a-billes-standard-kbm-60-dd\/#primaryimage\"},\"thumbnailUrl\":\"https:\/\/linwin-shop.bartmedia.eu\/wp-content\/uploads\/2024\/11\/CATR0602.jpg\",\"datePublished\":\"2024-01-23T21:13:02+00:00\",\"dateModified\":\"2024-11-15T14:51:57+00:00\",\"breadcrumb\":{\"@id\":\"https:\/\/linwin-shop.bartmedia.eu\/index.php\/produit\/douille-a-billes-standard-kbm-60-dd\/#breadcrumb\"},\"inLanguage\":\"fr-FR\",\"potentialAction\":[{\"@type\":\"ReadAction\",\"target\":[\"https:\/\/linwin-shop.bartmedia.eu\/index.php\/produit\/douille-a-billes-standard-kbm-60-dd\/\"]}]},{\"@type\":\"ImageObject\",\"inLanguage\":\"fr-FR\",\"@id\":\"https:\/\/linwin-shop.bartmedia.eu\/index.php\/produit\/douille-a-billes-standard-kbm-60-dd\/#primaryimage\",\"url\":\"https:\/\/linwin-shop.bartmedia.eu\/wp-content\/uploads\/2024\/11\/CATR0602.jpg\",\"contentUrl\":\"https:\/\/linwin-shop.bartmedia.eu\/wp-content\/uploads\/2024\/11\/CATR0602.jpg\",\"width\":217,\"height\":196},{\"@type\":\"BreadcrumbList\",\"@id\":\"https:\/\/linwin-shop.bartmedia.eu\/index.php\/produit\/douille-a-billes-standard-kbm-60-dd\/#breadcrumb\",\"itemListElement\":[{\"@type\":\"ListItem\",\"position\":1,\"name\":\"Accueil\",\"item\":\"https:\/\/linwin-shop.bartmedia.eu\/\"},{\"@type\":\"ListItem\",\"position\":2,\"name\":\"Boutique\",\"item\":\"https:\/\/linwin-shop.bartmedia.eu\/index.php\/boutique\/\"},{\"@type\":\"ListItem\",\"position\":3,\"name\":\"DOUILLES A BILLES STANDARD REXROTH KBM-60-DD (avec 2 racleurs int\u00e9gr\u00e9s)\"}]},{\"@type\":\"WebSite\",\"@id\":\"https:\/\/linwin-shop.bartmedia.eu\/#website\",\"url\":\"https:\/\/linwin-shop.bartmedia.eu\/\",\"name\":\"\",\"description\":\"\",\"potentialAction\":[{\"@type\":\"SearchAction\",\"target\":{\"@type\":\"EntryPoint\",\"urlTemplate\":\"https:\/\/linwin-shop.bartmedia.eu\/?s={search_term_string}\"},\"query-input\":{\"@type\":\"PropertyValueSpecification\",\"valueRequired\":true,\"valueName\":\"search_term_string\"}}],\"inLanguage\":\"fr-FR\"}]}<\/script>\n<!-- \/ Yoast SEO plugin. -->","yoast_head_json":{"title":"DOUILLES A BILLES STANDARD REXROTH KBM-60-DD (avec 2 racleurs int\u00e9gr\u00e9s) -","robots":{"index":"noindex","follow":"follow","max-snippet":"max-snippet:-1","max-image-preview":"max-image-preview:large","max-video-preview":"max-video-preview:-1"},"og_locale":"fr_FR","og_type":"article","og_title":"DOUILLES A BILLES STANDARD REXROTH KBM-60-DD (avec 2 racleurs int\u00e9gr\u00e9s) -","og_description":"DOUILLE A BILLES STANDARD KBM-60-DD","og_url":"https:\/\/linwin-shop.bartmedia.eu\/index.php\/produit\/douille-a-billes-standard-kbm-60-dd\/","article_modified_time":"2024-11-15T14:51:57+00:00","og_image":[{"width":217,"height":196,"url":"https:\/\/linwin-shop.bartmedia.eu\/wp-content\/uploads\/2024\/11\/CATR0602.jpg","type":"image\/jpeg"}],"twitter_card":"summary_large_image","twitter_misc":{"Dur\u00e9e de lecture estim\u00e9e":"1 minute"},"schema":{"@context":"https:\/\/schema.org","@graph":[{"@type":"WebPage","@id":"https:\/\/linwin-shop.bartmedia.eu\/index.php\/produit\/douille-a-billes-standard-kbm-60-dd\/","url":"https:\/\/linwin-shop.bartmedia.eu\/index.php\/produit\/douille-a-billes-standard-kbm-60-dd\/","name":"DOUILLES A BILLES STANDARD REXROTH KBM-60-DD (avec 2 racleurs int\u00e9gr\u00e9s) -","isPartOf":{"@id":"https:\/\/linwin-shop.bartmedia.eu\/#website"},"primaryImageOfPage":{"@id":"https:\/\/linwin-shop.bartmedia.eu\/index.php\/produit\/douille-a-billes-standard-kbm-60-dd\/#primaryimage"},"image":{"@id":"https:\/\/linwin-shop.bartmedia.eu\/index.php\/produit\/douille-a-billes-standard-kbm-60-dd\/#primaryimage"},"thumbnailUrl":"https:\/\/linwin-shop.bartmedia.eu\/wp-content\/uploads\/2024\/11\/CATR0602.jpg","datePublished":"2024-01-23T21:13:02+00:00","dateModified":"2024-11-15T14:51:57+00:00","breadcrumb":{"@id":"https:\/\/linwin-shop.bartmedia.eu\/index.php\/produit\/douille-a-billes-standard-kbm-60-dd\/#breadcrumb"},"inLanguage":"fr-FR","potentialAction":[{"@type":"ReadAction","target":["https:\/\/linwin-shop.bartmedia.eu\/index.php\/produit\/douille-a-billes-standard-kbm-60-dd\/"]}]},{"@type":"ImageObject","inLanguage":"fr-FR","@id":"https:\/\/linwin-shop.bartmedia.eu\/index.php\/produit\/douille-a-billes-standard-kbm-60-dd\/#primaryimage","url":"https:\/\/linwin-shop.bartmedia.eu\/wp-content\/uploads\/2024\/11\/CATR0602.jpg","contentUrl":"https:\/\/linwin-shop.bartmedia.eu\/wp-content\/uploads\/2024\/11\/CATR0602.jpg","width":217,"height":196},{"@type":"BreadcrumbList","@id":"https:\/\/linwin-shop.bartmedia.eu\/index.php\/produit\/douille-a-billes-standard-kbm-60-dd\/#breadcrumb","itemListElement":[{"@type":"ListItem","position":1,"name":"Accueil","item":"https:\/\/linwin-shop.bartmedia.eu\/"},{"@type":"ListItem","position":2,"name":"Boutique","item":"https:\/\/linwin-shop.bartmedia.eu\/index.php\/boutique\/"},{"@type":"ListItem","position":3,"name":"DOUILLES A BILLES STANDARD REXROTH KBM-60-DD (avec 2 racleurs int\u00e9gr\u00e9s)"}]},{"@type":"WebSite","@id":"https:\/\/linwin-shop.bartmedia.eu\/#website","url":"https:\/\/linwin-shop.bartmedia.eu\/","name":"","description":"","potentialAction":[{"@type":"SearchAction","target":{"@type":"EntryPoint","urlTemplate":"https:\/\/linwin-shop.bartmedia.eu\/?s={search_term_string}"},"query-input":{"@type":"PropertyValueSpecification","valueRequired":true,"valueName":"search_term_string"}}],"inLanguage":"fr-FR"}]}},"jetpack_sharing_enabled":true,"_links":{"self":[{"href":"https:\/\/linwin-shop.bartmedia.eu\/index.php\/wp-json\/wp\/v2\/product\/12391","targetHints":{"allow":["GET"]}}],"collection":[{"href":"https:\/\/linwin-shop.bartmedia.eu\/index.php\/wp-json\/wp\/v2\/product"}],"about":[{"href":"https:\/\/linwin-shop.bartmedia.eu\/index.php\/wp-json\/wp\/v2\/types\/product"}],"replies":[{"embeddable":true,"href":"https:\/\/linwin-shop.bartmedia.eu\/index.php\/wp-json\/wp\/v2\/comments?post=12391"}],"wp:featuredmedia":[{"embeddable":true,"href":"https:\/\/linwin-shop.bartmedia.eu\/index.php\/wp-json\/wp\/v2\/media\/18990"}],"wp:attachment":[{"href":"https:\/\/linwin-shop.bartmedia.eu\/index.php\/wp-json\/wp\/v2\/media?parent=12391"}],"wp:term":[{"taxonomy":"product_cat","embeddable":true,"href":"https:\/\/linwin-shop.bartmedia.eu\/index.php\/wp-json\/wp\/v2\/product_cat?post=12391"},{"taxonomy":"product_tag","embeddable":true,"href":"https:\/\/linwin-shop.bartmedia.eu\/index.php\/wp-json\/wp\/v2\/product_tag?post=12391"}],"curies":[{"name":"wp","href":"https:\/\/api.w.org\/{rel}","templated":true}]}}