{"id":12480,"date":"2024-01-23T21:13:25","date_gmt":"2024-01-23T21:13:25","guid":{"rendered":"https:\/\/linwin-shop.bartmedia.eu\/index.php\/produit\/douille-a-billes-standard-kbm-o-60-vd\/"},"modified":"2024-06-01T07:36:39","modified_gmt":"2024-06-01T07:36:39","slug":"douille-a-billes-standard-kbm-o-60-vd","status":"publish","type":"product","link":"https:\/\/linwin-shop.bartmedia.eu\/index.php\/produit\/douille-a-billes-standard-kbm-o-60-vd\/","title":{"rendered":"DOUILLE A BILLES STANDARD KBM-O-60-VD"},"content":{"rendered":"<h2>DOUILLE A BILLES STANDARD KBM-O-60-VD<\/h2>\n<h3>Bosch Rexroth<\/h3>\n<p>Douille \u00e0\u00a0billes standard<br \/>\nStandard (en m\u00e9tal)<br \/>\nOuvert<br \/>\nDiam\u00e8tre de l\u2019arbre d = 60<br \/>\nEnti\u00e8rement \u00e9tanche<br \/>\nVersion: Normale<\/p>\n<ul>\n<li>Ex\u00e9cution solide en m\u00e9tal avec cage en acier pour les conditions de service difficiles et les gros encrassements<\/li>\n<li>Pour les applications dans les machines \u00e0\u00a0bois, les fonderies et les cimenteries<\/li>\n<li>Nombreuses cavit\u00e9s servant de r\u00e9servoir\u00a0de lubrifiant pour des intervalles de lubrification plus importants ou une lubrification \u00e0\u00a0vie<\/li>\n<li>Les cavit\u00e9s absorbent \u00e9galement les impuret\u00e9s ayant \u00e9ventuellement p\u00e9n\u00e9tr\u00e9 \u00e0\u00a0l&rsquo;int\u00e9rieur et emp\u00eachent de ce fait le blocage de la douille \u00e0\u00a0billes.<\/li>\n<li>Billes en acier pour roulements \u00e0\u00a0billes<\/li>\n<li>L&rsquo;ex\u00e9cution sans racleur est avec des bagues de retenue en acier int\u00e9gr\u00e9es; temp\u00e9ratures sup\u00e9rieures admissibles \u00e0\u00a0partir du diam\u00e8tre d&rsquo;arbre 12<\/li>\n<li>Fourreau tremp\u00e9 et rectifi\u00e9<\/li>\n<li>Avec ou sans racleurs int\u00e9gr\u00e9s<\/li>\n<li>Sans racleur et avec cages en acier pour les plages de temp\u00e9ratures nettement sup\u00e9rieures \u00e0\u00a080 \u00b0C ou les applications sous vide<\/li>\n<li>Avec trou pour fixation axiale ou radiale (les diam\u00e8tres d\u2019arbres 12 et 16 ne sont pas munis de trou de fixation)<\/li>\n<li>Cage de guidage en acier<\/li>\n<\/ul>\n<p>&nbsp;<\/p>\n<p>&nbsp;<br \/><a href=\"\/fiches_techniques\/CATR0632.pdf\" target=\"_blank\" class=\"tecF\">Fiche technique<\/a><\/p>\n","protected":false},"excerpt":{"rendered":"<p>DOUILLE A BILLES STANDARD KBM-O-60-VD<\/p>\n","protected":false},"featured_media":18994,"comment_status":"closed","ping_status":"open","template":"","meta":[],"product_cat":[3617],"product_tag":[],"class_list":{"0":"post-12480","1":"product","2":"type-product","3":"status-publish","4":"has-post-thumbnail","6":"product_cat-douilles-a-billes-rexroth","7":"pa_rangees-de-billes-713","9":"first","10":"instock","11":"taxable","12":"shipping-taxable","13":"product-type-simple"},"yoast_head":"<!-- This site is optimized with the Yoast SEO plugin v23.5 - https:\/\/yoast.com\/wordpress\/plugins\/seo\/ -->\n<title>DOUILLE A BILLES STANDARD KBM-O-60-VD -<\/title>\n<meta name=\"robots\" content=\"noindex, follow, max-snippet:-1, max-image-preview:large, max-video-preview:-1\" \/>\n<meta property=\"og:locale\" content=\"fr_FR\" \/>\n<meta property=\"og:type\" content=\"article\" \/>\n<meta property=\"og:title\" content=\"DOUILLE A BILLES STANDARD KBM-O-60-VD -\" \/>\n<meta property=\"og:description\" content=\"DOUILLE A BILLES STANDARD KBM-O-60-VD\" \/>\n<meta property=\"og:url\" content=\"https:\/\/linwin-shop.bartmedia.eu\/index.php\/produit\/douille-a-billes-standard-kbm-o-60-vd\/\" \/>\n<meta property=\"article:modified_time\" content=\"2024-06-01T07:36:39+00:00\" \/>\n<meta property=\"og:image\" content=\"https:\/\/linwin-shop.bartmedia.eu\/wp-content\/uploads\/2024\/01\/eba80a4f-865f-418f-8ad8-b9736b47e556_dc_ecommerce_big_jpg.jpg\" \/>\n\t<meta property=\"og:image:width\" content=\"964\" \/>\n\t<meta property=\"og:image:height\" content=\"964\" \/>\n\t<meta property=\"og:image:type\" content=\"image\/jpeg\" \/>\n<meta name=\"twitter:card\" content=\"summary_large_image\" \/>\n<meta name=\"twitter:label1\" content=\"Dur\u00e9e de lecture estim\u00e9e\" \/>\n\t<meta name=\"twitter:data1\" content=\"1 minute\" \/>\n<script type=\"application\/ld+json\" class=\"yoast-schema-graph\">{\"@context\":\"https:\/\/schema.org\",\"@graph\":[{\"@type\":\"WebPage\",\"@id\":\"https:\/\/linwin-shop.bartmedia.eu\/index.php\/produit\/douille-a-billes-standard-kbm-o-60-vd\/\",\"url\":\"https:\/\/linwin-shop.bartmedia.eu\/index.php\/produit\/douille-a-billes-standard-kbm-o-60-vd\/\",\"name\":\"DOUILLE A BILLES STANDARD KBM-O-60-VD -\",\"isPartOf\":{\"@id\":\"https:\/\/linwin-shop.bartmedia.eu\/#website\"},\"primaryImageOfPage\":{\"@id\":\"https:\/\/linwin-shop.bartmedia.eu\/index.php\/produit\/douille-a-billes-standard-kbm-o-60-vd\/#primaryimage\"},\"image\":{\"@id\":\"https:\/\/linwin-shop.bartmedia.eu\/index.php\/produit\/douille-a-billes-standard-kbm-o-60-vd\/#primaryimage\"},\"thumbnailUrl\":\"https:\/\/linwin-shop.bartmedia.eu\/wp-content\/uploads\/2024\/11\/CATR0632.jpg\",\"datePublished\":\"2024-01-23T21:13:25+00:00\",\"dateModified\":\"2024-06-01T07:36:39+00:00\",\"breadcrumb\":{\"@id\":\"https:\/\/linwin-shop.bartmedia.eu\/index.php\/produit\/douille-a-billes-standard-kbm-o-60-vd\/#breadcrumb\"},\"inLanguage\":\"fr-FR\",\"potentialAction\":[{\"@type\":\"ReadAction\",\"target\":[\"https:\/\/linwin-shop.bartmedia.eu\/index.php\/produit\/douille-a-billes-standard-kbm-o-60-vd\/\"]}]},{\"@type\":\"ImageObject\",\"inLanguage\":\"fr-FR\",\"@id\":\"https:\/\/linwin-shop.bartmedia.eu\/index.php\/produit\/douille-a-billes-standard-kbm-o-60-vd\/#primaryimage\",\"url\":\"https:\/\/linwin-shop.bartmedia.eu\/wp-content\/uploads\/2024\/11\/CATR0632.jpg\",\"contentUrl\":\"https:\/\/linwin-shop.bartmedia.eu\/wp-content\/uploads\/2024\/11\/CATR0632.jpg\",\"width\":219,\"height\":198},{\"@type\":\"BreadcrumbList\",\"@id\":\"https:\/\/linwin-shop.bartmedia.eu\/index.php\/produit\/douille-a-billes-standard-kbm-o-60-vd\/#breadcrumb\",\"itemListElement\":[{\"@type\":\"ListItem\",\"position\":1,\"name\":\"Accueil\",\"item\":\"https:\/\/linwin-shop.bartmedia.eu\/\"},{\"@type\":\"ListItem\",\"position\":2,\"name\":\"Boutique\",\"item\":\"https:\/\/linwin-shop.bartmedia.eu\/index.php\/boutique\/\"},{\"@type\":\"ListItem\",\"position\":3,\"name\":\"DOUILLE A BILLES STANDARD KBM-O-60-VD\"}]},{\"@type\":\"WebSite\",\"@id\":\"https:\/\/linwin-shop.bartmedia.eu\/#website\",\"url\":\"https:\/\/linwin-shop.bartmedia.eu\/\",\"name\":\"\",\"description\":\"\",\"potentialAction\":[{\"@type\":\"SearchAction\",\"target\":{\"@type\":\"EntryPoint\",\"urlTemplate\":\"https:\/\/linwin-shop.bartmedia.eu\/?s={search_term_string}\"},\"query-input\":{\"@type\":\"PropertyValueSpecification\",\"valueRequired\":true,\"valueName\":\"search_term_string\"}}],\"inLanguage\":\"fr-FR\"}]}<\/script>\n<!-- \/ Yoast SEO plugin. -->","yoast_head_json":{"title":"DOUILLE A BILLES STANDARD KBM-O-60-VD -","robots":{"index":"noindex","follow":"follow","max-snippet":"max-snippet:-1","max-image-preview":"max-image-preview:large","max-video-preview":"max-video-preview:-1"},"og_locale":"fr_FR","og_type":"article","og_title":"DOUILLE A BILLES STANDARD KBM-O-60-VD -","og_description":"DOUILLE A BILLES STANDARD KBM-O-60-VD","og_url":"https:\/\/linwin-shop.bartmedia.eu\/index.php\/produit\/douille-a-billes-standard-kbm-o-60-vd\/","article_modified_time":"2024-06-01T07:36:39+00:00","og_image":[{"width":964,"height":964,"url":"https:\/\/linwin-shop.bartmedia.eu\/wp-content\/uploads\/2024\/01\/eba80a4f-865f-418f-8ad8-b9736b47e556_dc_ecommerce_big_jpg.jpg","type":"image\/jpeg"}],"twitter_card":"summary_large_image","twitter_misc":{"Dur\u00e9e de lecture estim\u00e9e":"1 minute"},"schema":{"@context":"https:\/\/schema.org","@graph":[{"@type":"WebPage","@id":"https:\/\/linwin-shop.bartmedia.eu\/index.php\/produit\/douille-a-billes-standard-kbm-o-60-vd\/","url":"https:\/\/linwin-shop.bartmedia.eu\/index.php\/produit\/douille-a-billes-standard-kbm-o-60-vd\/","name":"DOUILLE A BILLES STANDARD KBM-O-60-VD -","isPartOf":{"@id":"https:\/\/linwin-shop.bartmedia.eu\/#website"},"primaryImageOfPage":{"@id":"https:\/\/linwin-shop.bartmedia.eu\/index.php\/produit\/douille-a-billes-standard-kbm-o-60-vd\/#primaryimage"},"image":{"@id":"https:\/\/linwin-shop.bartmedia.eu\/index.php\/produit\/douille-a-billes-standard-kbm-o-60-vd\/#primaryimage"},"thumbnailUrl":"https:\/\/linwin-shop.bartmedia.eu\/wp-content\/uploads\/2024\/11\/CATR0632.jpg","datePublished":"2024-01-23T21:13:25+00:00","dateModified":"2024-06-01T07:36:39+00:00","breadcrumb":{"@id":"https:\/\/linwin-shop.bartmedia.eu\/index.php\/produit\/douille-a-billes-standard-kbm-o-60-vd\/#breadcrumb"},"inLanguage":"fr-FR","potentialAction":[{"@type":"ReadAction","target":["https:\/\/linwin-shop.bartmedia.eu\/index.php\/produit\/douille-a-billes-standard-kbm-o-60-vd\/"]}]},{"@type":"ImageObject","inLanguage":"fr-FR","@id":"https:\/\/linwin-shop.bartmedia.eu\/index.php\/produit\/douille-a-billes-standard-kbm-o-60-vd\/#primaryimage","url":"https:\/\/linwin-shop.bartmedia.eu\/wp-content\/uploads\/2024\/11\/CATR0632.jpg","contentUrl":"https:\/\/linwin-shop.bartmedia.eu\/wp-content\/uploads\/2024\/11\/CATR0632.jpg","width":219,"height":198},{"@type":"BreadcrumbList","@id":"https:\/\/linwin-shop.bartmedia.eu\/index.php\/produit\/douille-a-billes-standard-kbm-o-60-vd\/#breadcrumb","itemListElement":[{"@type":"ListItem","position":1,"name":"Accueil","item":"https:\/\/linwin-shop.bartmedia.eu\/"},{"@type":"ListItem","position":2,"name":"Boutique","item":"https:\/\/linwin-shop.bartmedia.eu\/index.php\/boutique\/"},{"@type":"ListItem","position":3,"name":"DOUILLE A BILLES STANDARD KBM-O-60-VD"}]},{"@type":"WebSite","@id":"https:\/\/linwin-shop.bartmedia.eu\/#website","url":"https:\/\/linwin-shop.bartmedia.eu\/","name":"","description":"","potentialAction":[{"@type":"SearchAction","target":{"@type":"EntryPoint","urlTemplate":"https:\/\/linwin-shop.bartmedia.eu\/?s={search_term_string}"},"query-input":{"@type":"PropertyValueSpecification","valueRequired":true,"valueName":"search_term_string"}}],"inLanguage":"fr-FR"}]}},"jetpack_sharing_enabled":true,"_links":{"self":[{"href":"https:\/\/linwin-shop.bartmedia.eu\/index.php\/wp-json\/wp\/v2\/product\/12480","targetHints":{"allow":["GET"]}}],"collection":[{"href":"https:\/\/linwin-shop.bartmedia.eu\/index.php\/wp-json\/wp\/v2\/product"}],"about":[{"href":"https:\/\/linwin-shop.bartmedia.eu\/index.php\/wp-json\/wp\/v2\/types\/product"}],"replies":[{"embeddable":true,"href":"https:\/\/linwin-shop.bartmedia.eu\/index.php\/wp-json\/wp\/v2\/comments?post=12480"}],"wp:featuredmedia":[{"embeddable":true,"href":"https:\/\/linwin-shop.bartmedia.eu\/index.php\/wp-json\/wp\/v2\/media\/18994"}],"wp:attachment":[{"href":"https:\/\/linwin-shop.bartmedia.eu\/index.php\/wp-json\/wp\/v2\/media?parent=12480"}],"wp:term":[{"taxonomy":"product_cat","embeddable":true,"href":"https:\/\/linwin-shop.bartmedia.eu\/index.php\/wp-json\/wp\/v2\/product_cat?post=12480"},{"taxonomy":"product_tag","embeddable":true,"href":"https:\/\/linwin-shop.bartmedia.eu\/index.php\/wp-json\/wp\/v2\/product_tag?post=12480"}],"curies":[{"name":"wp","href":"https:\/\/api.w.org\/{rel}","templated":true}]}}