{"id":12503,"date":"2024-01-23T21:13:37","date_gmt":"2024-01-23T21:13:37","guid":{"rendered":"https:\/\/linwin-shop.bartmedia.eu\/index.php\/produit\/douille-a-billes-a-bride-kbmf-12-dd\/"},"modified":"2024-06-01T07:30:43","modified_gmt":"2024-06-01T07:30:43","slug":"douille-a-billes-a-bride-kbmf-12-dd","status":"publish","type":"product","link":"https:\/\/linwin-shop.bartmedia.eu\/index.php\/produit\/douille-a-billes-a-bride-kbmf-12-dd\/","title":{"rendered":"DOUILLE \u00c0 BILLES \u00c0 BRIDE KBMF-12-DD"},"content":{"rendered":"<h2>DOUILLE \u00c0 BILLES \u00c0 BRIDE KBMF-12-DD<\/h2>\n<h3>Bosch Rexroth<\/h3>\n<p>Douille \u00e0\u00a0billes \u00e0 bride<br \/>\nStandard (en m\u00e9tal)<br \/>\nBride<br \/>\nDiam\u00e8tre de l\u2019arbre d = 12<br \/>\nAvec deux racleurs<br \/>\nVersion: Normale<\/p>\n<ul>\n<li>Ex\u00e9cution solide en m\u00e9tal avec cage en acier pour les conditions de service difficiles et les gros encrassements<\/li>\n<li>Pour les applications dans les machines \u00e0\u00a0bois, les fonderies et les cimenteries<\/li>\n<li>Nombreuses cavit\u00e9s servant de r\u00e9servoir\u00a0de lubrifiant pour des intervalles de lubrification plus importants ou une lubrification \u00e0\u00a0vie<\/li>\n<li>Les cavit\u00e9s absorbent \u00e9galement les impuret\u00e9s ayant \u00e9ventuellement p\u00e9n\u00e9tr\u00e9 \u00e0\u00a0l&rsquo;int\u00e9rieur et emp\u00eachent de ce fait le blocage de la douille \u00e0\u00a0billes.<\/li>\n<li>Cage de guidage en POM<\/li>\n<li>Billes en acier pour roulements \u00e0\u00a0billes<\/li>\n<li>Racleurs int\u00e9gr\u00e9s<\/li>\n<li>Fourreau tremp\u00e9 et rectifi\u00e9<\/li>\n<\/ul>\n<p>&nbsp;<\/p>\n<p>&nbsp;<br \/><a href=\"\/fiches_techniques\/CATR0740.pdf\" target=\"_blank\" class=\"tecF\">Fiche technique<\/a><\/p>\n","protected":false},"excerpt":{"rendered":"<p>DOUILLE \u00c0 BILLES \u00c0 BRIDE KBMF-12-DD<\/p>\n","protected":false},"featured_media":19014,"comment_status":"closed","ping_status":"open","template":"","meta":[],"product_cat":[3617],"product_tag":[],"class_list":{"0":"post-12503","1":"product","2":"type-product","3":"status-publish","4":"has-post-thumbnail","6":"product_cat-douilles-a-billes-rexroth","7":"pa_rangees-de-billes-698","9":"first","10":"instock","11":"taxable","12":"shipping-taxable","13":"product-type-simple"},"yoast_head":"<!-- This site is optimized with the Yoast SEO plugin v23.5 - https:\/\/yoast.com\/wordpress\/plugins\/seo\/ -->\n<title>DOUILLE \u00c0 BILLES \u00c0 BRIDE KBMF-12-DD -<\/title>\n<meta name=\"robots\" content=\"noindex, follow, max-snippet:-1, max-image-preview:large, max-video-preview:-1\" \/>\n<meta property=\"og:locale\" content=\"fr_FR\" \/>\n<meta property=\"og:type\" content=\"article\" \/>\n<meta property=\"og:title\" content=\"DOUILLE \u00c0 BILLES \u00c0 BRIDE KBMF-12-DD -\" \/>\n<meta property=\"og:description\" content=\"DOUILLE \u00c0 BILLES \u00c0 BRIDE KBMF-12-DD\" \/>\n<meta property=\"og:url\" content=\"https:\/\/linwin-shop.bartmedia.eu\/index.php\/produit\/douille-a-billes-a-bride-kbmf-12-dd\/\" \/>\n<meta property=\"article:modified_time\" content=\"2024-06-01T07:30:43+00:00\" \/>\n<meta property=\"og:image\" content=\"https:\/\/linwin-shop.bartmedia.eu\/wp-content\/uploads\/2024\/01\/9a407483-d33d-4e27-ae1d-842e2f6766fa_dc_ecommerce_big_jpg.jpg\" \/>\n\t<meta property=\"og:image:width\" content=\"964\" \/>\n\t<meta property=\"og:image:height\" content=\"964\" \/>\n\t<meta property=\"og:image:type\" content=\"image\/jpeg\" \/>\n<meta name=\"twitter:card\" content=\"summary_large_image\" \/>\n<meta name=\"twitter:label1\" content=\"Dur\u00e9e de lecture estim\u00e9e\" \/>\n\t<meta name=\"twitter:data1\" content=\"1 minute\" \/>\n<script type=\"application\/ld+json\" class=\"yoast-schema-graph\">{\"@context\":\"https:\/\/schema.org\",\"@graph\":[{\"@type\":\"WebPage\",\"@id\":\"https:\/\/linwin-shop.bartmedia.eu\/index.php\/produit\/douille-a-billes-a-bride-kbmf-12-dd\/\",\"url\":\"https:\/\/linwin-shop.bartmedia.eu\/index.php\/produit\/douille-a-billes-a-bride-kbmf-12-dd\/\",\"name\":\"DOUILLE \u00c0 BILLES \u00c0 BRIDE KBMF-12-DD -\",\"isPartOf\":{\"@id\":\"https:\/\/linwin-shop.bartmedia.eu\/#website\"},\"primaryImageOfPage\":{\"@id\":\"https:\/\/linwin-shop.bartmedia.eu\/index.php\/produit\/douille-a-billes-a-bride-kbmf-12-dd\/#primaryimage\"},\"image\":{\"@id\":\"https:\/\/linwin-shop.bartmedia.eu\/index.php\/produit\/douille-a-billes-a-bride-kbmf-12-dd\/#primaryimage\"},\"thumbnailUrl\":\"https:\/\/linwin-shop.bartmedia.eu\/wp-content\/uploads\/2024\/11\/CATR0740.jpg\",\"datePublished\":\"2024-01-23T21:13:37+00:00\",\"dateModified\":\"2024-06-01T07:30:43+00:00\",\"breadcrumb\":{\"@id\":\"https:\/\/linwin-shop.bartmedia.eu\/index.php\/produit\/douille-a-billes-a-bride-kbmf-12-dd\/#breadcrumb\"},\"inLanguage\":\"fr-FR\",\"potentialAction\":[{\"@type\":\"ReadAction\",\"target\":[\"https:\/\/linwin-shop.bartmedia.eu\/index.php\/produit\/douille-a-billes-a-bride-kbmf-12-dd\/\"]}]},{\"@type\":\"ImageObject\",\"inLanguage\":\"fr-FR\",\"@id\":\"https:\/\/linwin-shop.bartmedia.eu\/index.php\/produit\/douille-a-billes-a-bride-kbmf-12-dd\/#primaryimage\",\"url\":\"https:\/\/linwin-shop.bartmedia.eu\/wp-content\/uploads\/2024\/11\/CATR0740.jpg\",\"contentUrl\":\"https:\/\/linwin-shop.bartmedia.eu\/wp-content\/uploads\/2024\/11\/CATR0740.jpg\",\"width\":215,\"height\":187},{\"@type\":\"BreadcrumbList\",\"@id\":\"https:\/\/linwin-shop.bartmedia.eu\/index.php\/produit\/douille-a-billes-a-bride-kbmf-12-dd\/#breadcrumb\",\"itemListElement\":[{\"@type\":\"ListItem\",\"position\":1,\"name\":\"Accueil\",\"item\":\"https:\/\/linwin-shop.bartmedia.eu\/\"},{\"@type\":\"ListItem\",\"position\":2,\"name\":\"Boutique\",\"item\":\"https:\/\/linwin-shop.bartmedia.eu\/index.php\/boutique\/\"},{\"@type\":\"ListItem\",\"position\":3,\"name\":\"DOUILLE \u00c0 BILLES \u00c0 BRIDE KBMF-12-DD\"}]},{\"@type\":\"WebSite\",\"@id\":\"https:\/\/linwin-shop.bartmedia.eu\/#website\",\"url\":\"https:\/\/linwin-shop.bartmedia.eu\/\",\"name\":\"\",\"description\":\"\",\"potentialAction\":[{\"@type\":\"SearchAction\",\"target\":{\"@type\":\"EntryPoint\",\"urlTemplate\":\"https:\/\/linwin-shop.bartmedia.eu\/?s={search_term_string}\"},\"query-input\":{\"@type\":\"PropertyValueSpecification\",\"valueRequired\":true,\"valueName\":\"search_term_string\"}}],\"inLanguage\":\"fr-FR\"}]}<\/script>\n<!-- \/ Yoast SEO plugin. -->","yoast_head_json":{"title":"DOUILLE \u00c0 BILLES \u00c0 BRIDE KBMF-12-DD -","robots":{"index":"noindex","follow":"follow","max-snippet":"max-snippet:-1","max-image-preview":"max-image-preview:large","max-video-preview":"max-video-preview:-1"},"og_locale":"fr_FR","og_type":"article","og_title":"DOUILLE \u00c0 BILLES \u00c0 BRIDE KBMF-12-DD -","og_description":"DOUILLE \u00c0 BILLES \u00c0 BRIDE KBMF-12-DD","og_url":"https:\/\/linwin-shop.bartmedia.eu\/index.php\/produit\/douille-a-billes-a-bride-kbmf-12-dd\/","article_modified_time":"2024-06-01T07:30:43+00:00","og_image":[{"width":964,"height":964,"url":"https:\/\/linwin-shop.bartmedia.eu\/wp-content\/uploads\/2024\/01\/9a407483-d33d-4e27-ae1d-842e2f6766fa_dc_ecommerce_big_jpg.jpg","type":"image\/jpeg"}],"twitter_card":"summary_large_image","twitter_misc":{"Dur\u00e9e de lecture estim\u00e9e":"1 minute"},"schema":{"@context":"https:\/\/schema.org","@graph":[{"@type":"WebPage","@id":"https:\/\/linwin-shop.bartmedia.eu\/index.php\/produit\/douille-a-billes-a-bride-kbmf-12-dd\/","url":"https:\/\/linwin-shop.bartmedia.eu\/index.php\/produit\/douille-a-billes-a-bride-kbmf-12-dd\/","name":"DOUILLE \u00c0 BILLES \u00c0 BRIDE KBMF-12-DD -","isPartOf":{"@id":"https:\/\/linwin-shop.bartmedia.eu\/#website"},"primaryImageOfPage":{"@id":"https:\/\/linwin-shop.bartmedia.eu\/index.php\/produit\/douille-a-billes-a-bride-kbmf-12-dd\/#primaryimage"},"image":{"@id":"https:\/\/linwin-shop.bartmedia.eu\/index.php\/produit\/douille-a-billes-a-bride-kbmf-12-dd\/#primaryimage"},"thumbnailUrl":"https:\/\/linwin-shop.bartmedia.eu\/wp-content\/uploads\/2024\/11\/CATR0740.jpg","datePublished":"2024-01-23T21:13:37+00:00","dateModified":"2024-06-01T07:30:43+00:00","breadcrumb":{"@id":"https:\/\/linwin-shop.bartmedia.eu\/index.php\/produit\/douille-a-billes-a-bride-kbmf-12-dd\/#breadcrumb"},"inLanguage":"fr-FR","potentialAction":[{"@type":"ReadAction","target":["https:\/\/linwin-shop.bartmedia.eu\/index.php\/produit\/douille-a-billes-a-bride-kbmf-12-dd\/"]}]},{"@type":"ImageObject","inLanguage":"fr-FR","@id":"https:\/\/linwin-shop.bartmedia.eu\/index.php\/produit\/douille-a-billes-a-bride-kbmf-12-dd\/#primaryimage","url":"https:\/\/linwin-shop.bartmedia.eu\/wp-content\/uploads\/2024\/11\/CATR0740.jpg","contentUrl":"https:\/\/linwin-shop.bartmedia.eu\/wp-content\/uploads\/2024\/11\/CATR0740.jpg","width":215,"height":187},{"@type":"BreadcrumbList","@id":"https:\/\/linwin-shop.bartmedia.eu\/index.php\/produit\/douille-a-billes-a-bride-kbmf-12-dd\/#breadcrumb","itemListElement":[{"@type":"ListItem","position":1,"name":"Accueil","item":"https:\/\/linwin-shop.bartmedia.eu\/"},{"@type":"ListItem","position":2,"name":"Boutique","item":"https:\/\/linwin-shop.bartmedia.eu\/index.php\/boutique\/"},{"@type":"ListItem","position":3,"name":"DOUILLE \u00c0 BILLES \u00c0 BRIDE KBMF-12-DD"}]},{"@type":"WebSite","@id":"https:\/\/linwin-shop.bartmedia.eu\/#website","url":"https:\/\/linwin-shop.bartmedia.eu\/","name":"","description":"","potentialAction":[{"@type":"SearchAction","target":{"@type":"EntryPoint","urlTemplate":"https:\/\/linwin-shop.bartmedia.eu\/?s={search_term_string}"},"query-input":{"@type":"PropertyValueSpecification","valueRequired":true,"valueName":"search_term_string"}}],"inLanguage":"fr-FR"}]}},"jetpack_sharing_enabled":true,"_links":{"self":[{"href":"https:\/\/linwin-shop.bartmedia.eu\/index.php\/wp-json\/wp\/v2\/product\/12503","targetHints":{"allow":["GET"]}}],"collection":[{"href":"https:\/\/linwin-shop.bartmedia.eu\/index.php\/wp-json\/wp\/v2\/product"}],"about":[{"href":"https:\/\/linwin-shop.bartmedia.eu\/index.php\/wp-json\/wp\/v2\/types\/product"}],"replies":[{"embeddable":true,"href":"https:\/\/linwin-shop.bartmedia.eu\/index.php\/wp-json\/wp\/v2\/comments?post=12503"}],"wp:featuredmedia":[{"embeddable":true,"href":"https:\/\/linwin-shop.bartmedia.eu\/index.php\/wp-json\/wp\/v2\/media\/19014"}],"wp:attachment":[{"href":"https:\/\/linwin-shop.bartmedia.eu\/index.php\/wp-json\/wp\/v2\/media?parent=12503"}],"wp:term":[{"taxonomy":"product_cat","embeddable":true,"href":"https:\/\/linwin-shop.bartmedia.eu\/index.php\/wp-json\/wp\/v2\/product_cat?post=12503"},{"taxonomy":"product_tag","embeddable":true,"href":"https:\/\/linwin-shop.bartmedia.eu\/index.php\/wp-json\/wp\/v2\/product_tag?post=12503"}],"curies":[{"name":"wp","href":"https:\/\/api.w.org\/{rel}","templated":true}]}}