{"id":12561,"date":"2024-01-23T21:13:49","date_gmt":"2024-01-23T21:13:49","guid":{"rendered":"https:\/\/linwin-shop.bartmedia.eu\/index.php\/produit\/douille-a-billes-radiale-kbr-30\/"},"modified":"2024-11-15T14:52:10","modified_gmt":"2024-11-15T14:52:10","slug":"douille-a-billes-radiale-kbr-30","status":"publish","type":"product","link":"https:\/\/linwin-shop.bartmedia.eu\/index.php\/produit\/douille-a-billes-radiale-kbr-30\/","title":{"rendered":"DOUILLES A BILLES RADIALE REXROTH KBR-30"},"content":{"rendered":"<h2>DOUILLE A BILLES RADIALE KBR-30              &#8230;<\/h2>\n<h3>Bosch Rexroth<\/h3>\n<p>Douille \u00e0\u00a0billes radiale<br \/>\nDiam\u00e8tre de l\u2019arbre d = 30<br \/>\nSans racleur<\/p>\n<ul>\n<li>Avec racleurs s\u00e9par\u00e9s en option<\/li>\n<li>Pour les applications o\u00f9 d&rsquo;autres guidages lin\u00e9aires tendraient \u00e0\u00a0cr\u00e9er des contraintes du fait de l&rsquo;impr\u00e9cision des constructions portantes.<\/li>\n<li>Douilles \u00e0\u00a0billes extr\u00eamement pr\u00e9cises pour le d\u00e9placement de masses tr\u00e8s importantes<\/li>\n<li>Guidage pour charges lourdes avec degr\u00e9 de libert\u00e9 dans le sens de la section<\/li>\n<li>Renvoi radial des billes pour un nombre de rang\u00e9es particuli\u00e8rement \u00e9lev\u00e9 et une capacit\u00e9 de charge maximale<\/li>\n<li>Rigidit\u00e9 tr\u00e8s \u00e9lev\u00e9e<\/li>\n<li>Marche extr\u00eamement douce<\/li>\n<li>Enti\u00e8rement \u00e9tanches ou sans racleur<\/li>\n<li>Billes en acier pour roulements \u00e0\u00a0billes<\/li>\n<li>Relubrifiables<\/li>\n<li>Deux circlips<\/li>\n<li>Fourreau en acier tremp\u00e9 et rectifi\u00e9<\/li>\n<li>Cage de guidage en PA renforc\u00e9<\/li>\n<\/ul>\n<p>&nbsp;<\/p>\n<p>&nbsp;<br \/><a href=\"\/fiches_techniques\/CATR0678.pdf\" target=\"_blank\" class=\"tecF\">Fiche technique<\/a><\/p>\n","protected":false},"excerpt":{"rendered":"<p>DOUILLE A BILLES RADIALE KBR-30              &#8230;<\/p>\n","protected":false},"featured_media":19006,"comment_status":"closed","ping_status":"open","template":"","meta":[],"product_cat":[3617],"product_tag":[],"class_list":{"0":"post-12561","1":"product","2":"type-product","3":"status-publish","4":"has-post-thumbnail","6":"product_cat-douilles-a-billes-rexroth","7":"pa_force-de-frottement-fr-900","9":"first","10":"instock","11":"taxable","12":"shipping-taxable","13":"product-type-simple"},"yoast_head":"<!-- This site is optimized with the Yoast SEO plugin v23.5 - https:\/\/yoast.com\/wordpress\/plugins\/seo\/ -->\n<title>DOUILLES A BILLES RADIALE REXROTH KBR-30 -<\/title>\n<meta name=\"robots\" content=\"noindex, follow, max-snippet:-1, max-image-preview:large, max-video-preview:-1\" \/>\n<meta property=\"og:locale\" content=\"fr_FR\" \/>\n<meta property=\"og:type\" content=\"article\" \/>\n<meta property=\"og:title\" content=\"DOUILLES A BILLES RADIALE REXROTH KBR-30 -\" \/>\n<meta property=\"og:description\" content=\"DOUILLE A BILLES RADIALE KBR-30       ...\" \/>\n<meta property=\"og:url\" content=\"https:\/\/linwin-shop.bartmedia.eu\/index.php\/produit\/douille-a-billes-radiale-kbr-30\/\" \/>\n<meta property=\"article:modified_time\" content=\"2024-11-15T14:52:10+00:00\" \/>\n<meta property=\"og:image\" content=\"https:\/\/linwin-shop.bartmedia.eu\/wp-content\/uploads\/2024\/11\/CATR0678.jpg\" \/>\n\t<meta property=\"og:image:width\" content=\"226\" \/>\n\t<meta property=\"og:image:height\" content=\"205\" \/>\n\t<meta property=\"og:image:type\" content=\"image\/jpeg\" \/>\n<meta name=\"twitter:card\" content=\"summary_large_image\" \/>\n<meta name=\"twitter:label1\" content=\"Dur\u00e9e de lecture estim\u00e9e\" \/>\n\t<meta name=\"twitter:data1\" content=\"1 minute\" \/>\n<script type=\"application\/ld+json\" class=\"yoast-schema-graph\">{\"@context\":\"https:\/\/schema.org\",\"@graph\":[{\"@type\":\"WebPage\",\"@id\":\"https:\/\/linwin-shop.bartmedia.eu\/index.php\/produit\/douille-a-billes-radiale-kbr-30\/\",\"url\":\"https:\/\/linwin-shop.bartmedia.eu\/index.php\/produit\/douille-a-billes-radiale-kbr-30\/\",\"name\":\"DOUILLES A BILLES RADIALE REXROTH KBR-30 -\",\"isPartOf\":{\"@id\":\"https:\/\/linwin-shop.bartmedia.eu\/#website\"},\"primaryImageOfPage\":{\"@id\":\"https:\/\/linwin-shop.bartmedia.eu\/index.php\/produit\/douille-a-billes-radiale-kbr-30\/#primaryimage\"},\"image\":{\"@id\":\"https:\/\/linwin-shop.bartmedia.eu\/index.php\/produit\/douille-a-billes-radiale-kbr-30\/#primaryimage\"},\"thumbnailUrl\":\"https:\/\/linwin-shop.bartmedia.eu\/wp-content\/uploads\/2024\/11\/CATR0678.jpg\",\"datePublished\":\"2024-01-23T21:13:49+00:00\",\"dateModified\":\"2024-11-15T14:52:10+00:00\",\"breadcrumb\":{\"@id\":\"https:\/\/linwin-shop.bartmedia.eu\/index.php\/produit\/douille-a-billes-radiale-kbr-30\/#breadcrumb\"},\"inLanguage\":\"fr-FR\",\"potentialAction\":[{\"@type\":\"ReadAction\",\"target\":[\"https:\/\/linwin-shop.bartmedia.eu\/index.php\/produit\/douille-a-billes-radiale-kbr-30\/\"]}]},{\"@type\":\"ImageObject\",\"inLanguage\":\"fr-FR\",\"@id\":\"https:\/\/linwin-shop.bartmedia.eu\/index.php\/produit\/douille-a-billes-radiale-kbr-30\/#primaryimage\",\"url\":\"https:\/\/linwin-shop.bartmedia.eu\/wp-content\/uploads\/2024\/11\/CATR0678.jpg\",\"contentUrl\":\"https:\/\/linwin-shop.bartmedia.eu\/wp-content\/uploads\/2024\/11\/CATR0678.jpg\",\"width\":226,\"height\":205},{\"@type\":\"BreadcrumbList\",\"@id\":\"https:\/\/linwin-shop.bartmedia.eu\/index.php\/produit\/douille-a-billes-radiale-kbr-30\/#breadcrumb\",\"itemListElement\":[{\"@type\":\"ListItem\",\"position\":1,\"name\":\"Accueil\",\"item\":\"https:\/\/linwin-shop.bartmedia.eu\/\"},{\"@type\":\"ListItem\",\"position\":2,\"name\":\"Boutique\",\"item\":\"https:\/\/linwin-shop.bartmedia.eu\/index.php\/boutique\/\"},{\"@type\":\"ListItem\",\"position\":3,\"name\":\"DOUILLES A BILLES RADIALE REXROTH KBR-30\"}]},{\"@type\":\"WebSite\",\"@id\":\"https:\/\/linwin-shop.bartmedia.eu\/#website\",\"url\":\"https:\/\/linwin-shop.bartmedia.eu\/\",\"name\":\"\",\"description\":\"\",\"potentialAction\":[{\"@type\":\"SearchAction\",\"target\":{\"@type\":\"EntryPoint\",\"urlTemplate\":\"https:\/\/linwin-shop.bartmedia.eu\/?s={search_term_string}\"},\"query-input\":{\"@type\":\"PropertyValueSpecification\",\"valueRequired\":true,\"valueName\":\"search_term_string\"}}],\"inLanguage\":\"fr-FR\"}]}<\/script>\n<!-- \/ Yoast SEO plugin. -->","yoast_head_json":{"title":"DOUILLES A BILLES RADIALE REXROTH KBR-30 -","robots":{"index":"noindex","follow":"follow","max-snippet":"max-snippet:-1","max-image-preview":"max-image-preview:large","max-video-preview":"max-video-preview:-1"},"og_locale":"fr_FR","og_type":"article","og_title":"DOUILLES A BILLES RADIALE REXROTH KBR-30 -","og_description":"DOUILLE A BILLES RADIALE KBR-30       ...","og_url":"https:\/\/linwin-shop.bartmedia.eu\/index.php\/produit\/douille-a-billes-radiale-kbr-30\/","article_modified_time":"2024-11-15T14:52:10+00:00","og_image":[{"width":226,"height":205,"url":"https:\/\/linwin-shop.bartmedia.eu\/wp-content\/uploads\/2024\/11\/CATR0678.jpg","type":"image\/jpeg"}],"twitter_card":"summary_large_image","twitter_misc":{"Dur\u00e9e de lecture estim\u00e9e":"1 minute"},"schema":{"@context":"https:\/\/schema.org","@graph":[{"@type":"WebPage","@id":"https:\/\/linwin-shop.bartmedia.eu\/index.php\/produit\/douille-a-billes-radiale-kbr-30\/","url":"https:\/\/linwin-shop.bartmedia.eu\/index.php\/produit\/douille-a-billes-radiale-kbr-30\/","name":"DOUILLES A BILLES RADIALE REXROTH KBR-30 -","isPartOf":{"@id":"https:\/\/linwin-shop.bartmedia.eu\/#website"},"primaryImageOfPage":{"@id":"https:\/\/linwin-shop.bartmedia.eu\/index.php\/produit\/douille-a-billes-radiale-kbr-30\/#primaryimage"},"image":{"@id":"https:\/\/linwin-shop.bartmedia.eu\/index.php\/produit\/douille-a-billes-radiale-kbr-30\/#primaryimage"},"thumbnailUrl":"https:\/\/linwin-shop.bartmedia.eu\/wp-content\/uploads\/2024\/11\/CATR0678.jpg","datePublished":"2024-01-23T21:13:49+00:00","dateModified":"2024-11-15T14:52:10+00:00","breadcrumb":{"@id":"https:\/\/linwin-shop.bartmedia.eu\/index.php\/produit\/douille-a-billes-radiale-kbr-30\/#breadcrumb"},"inLanguage":"fr-FR","potentialAction":[{"@type":"ReadAction","target":["https:\/\/linwin-shop.bartmedia.eu\/index.php\/produit\/douille-a-billes-radiale-kbr-30\/"]}]},{"@type":"ImageObject","inLanguage":"fr-FR","@id":"https:\/\/linwin-shop.bartmedia.eu\/index.php\/produit\/douille-a-billes-radiale-kbr-30\/#primaryimage","url":"https:\/\/linwin-shop.bartmedia.eu\/wp-content\/uploads\/2024\/11\/CATR0678.jpg","contentUrl":"https:\/\/linwin-shop.bartmedia.eu\/wp-content\/uploads\/2024\/11\/CATR0678.jpg","width":226,"height":205},{"@type":"BreadcrumbList","@id":"https:\/\/linwin-shop.bartmedia.eu\/index.php\/produit\/douille-a-billes-radiale-kbr-30\/#breadcrumb","itemListElement":[{"@type":"ListItem","position":1,"name":"Accueil","item":"https:\/\/linwin-shop.bartmedia.eu\/"},{"@type":"ListItem","position":2,"name":"Boutique","item":"https:\/\/linwin-shop.bartmedia.eu\/index.php\/boutique\/"},{"@type":"ListItem","position":3,"name":"DOUILLES A BILLES RADIALE REXROTH KBR-30"}]},{"@type":"WebSite","@id":"https:\/\/linwin-shop.bartmedia.eu\/#website","url":"https:\/\/linwin-shop.bartmedia.eu\/","name":"","description":"","potentialAction":[{"@type":"SearchAction","target":{"@type":"EntryPoint","urlTemplate":"https:\/\/linwin-shop.bartmedia.eu\/?s={search_term_string}"},"query-input":{"@type":"PropertyValueSpecification","valueRequired":true,"valueName":"search_term_string"}}],"inLanguage":"fr-FR"}]}},"jetpack_sharing_enabled":true,"_links":{"self":[{"href":"https:\/\/linwin-shop.bartmedia.eu\/index.php\/wp-json\/wp\/v2\/product\/12561","targetHints":{"allow":["GET"]}}],"collection":[{"href":"https:\/\/linwin-shop.bartmedia.eu\/index.php\/wp-json\/wp\/v2\/product"}],"about":[{"href":"https:\/\/linwin-shop.bartmedia.eu\/index.php\/wp-json\/wp\/v2\/types\/product"}],"replies":[{"embeddable":true,"href":"https:\/\/linwin-shop.bartmedia.eu\/index.php\/wp-json\/wp\/v2\/comments?post=12561"}],"wp:featuredmedia":[{"embeddable":true,"href":"https:\/\/linwin-shop.bartmedia.eu\/index.php\/wp-json\/wp\/v2\/media\/19006"}],"wp:attachment":[{"href":"https:\/\/linwin-shop.bartmedia.eu\/index.php\/wp-json\/wp\/v2\/media?parent=12561"}],"wp:term":[{"taxonomy":"product_cat","embeddable":true,"href":"https:\/\/linwin-shop.bartmedia.eu\/index.php\/wp-json\/wp\/v2\/product_cat?post=12561"},{"taxonomy":"product_tag","embeddable":true,"href":"https:\/\/linwin-shop.bartmedia.eu\/index.php\/wp-json\/wp\/v2\/product_tag?post=12561"}],"curies":[{"name":"wp","href":"https:\/\/api.w.org\/{rel}","templated":true}]}}