{"id":12624,"date":"2024-01-23T21:14:09","date_gmt":"2024-01-23T21:14:09","guid":{"rendered":"https:\/\/linwin-shop.bartmedia.eu\/index.php\/produit\/douille-a-billes-roto-resistante-kbdr4-fm-8dd\/"},"modified":"2024-11-15T14:52:12","modified_gmt":"2024-11-15T14:52:12","slug":"douille-a-billes-roto-resistante-kbdr4-fm-8dd","status":"publish","type":"product","link":"https:\/\/linwin-shop.bartmedia.eu\/index.php\/produit\/douille-a-billes-roto-resistante-kbdr4-fm-8dd\/","title":{"rendered":"DOUILLE A BILLES ROTO RESIST REXROTH KBDR4-FM-8DD"},"content":{"rendered":"<h2>DOUILLE A BILLES ROTO-RESISTANTE KBDR4-FM-8DD<\/h2>\n<h3>Bosch Rexroth<\/h3>\n<p>Glissi\u00e8re roto-r\u00e9sistante (ex\u00e9cution bride miniature)<br \/>\nRainures de guidage =\u00a04<br \/>\nDiam\u00e8tre de l\u2019arbre d = 8<br \/>\nAvec deux racleurs<br \/>\nSans arbre<\/p>\n<ul>\n<li>Pour les guidages r\u00e9sistant \u00e0\u00a0la torsion sans support avec un seul arbre<\/li>\n<li>Arbres rainur\u00e9s ad\u00e9quats avec rainures de guidage rectifi\u00e9es<\/li>\n<li>Cage de guidage en POM<\/li>\n<li>Billes en acier pour roulements \u00e0\u00a0billes<\/li>\n<li>Relubrifiables<\/li>\n<li>Racleurs int\u00e9gr\u00e9s<\/li>\n<li>Fourreau tremp\u00e9 et rectifi\u00e9<\/li>\n<li>Arbres usin\u00e9s selon les sp\u00e9cifications client<\/li>\n<li>Avec quatre rainures de guidage pour la transmission des couples<\/li>\n<\/ul>\n<p>&nbsp;<\/p>\n<p>&nbsp;<br \/><a href=\"\/fiches_techniques\/CATR0726.pdf\" target=\"_blank\" class=\"tecF\">Fiche technique<\/a><\/p>\n","protected":false},"excerpt":{"rendered":"<p>DOUILLE A BILLES ROTO-RESISTANTE KBDR4-FM-8DD<\/p>\n","protected":false},"featured_media":19008,"comment_status":"closed","ping_status":"open","template":"","meta":[],"product_cat":[3664],"product_tag":[],"class_list":{"0":"post-12624","1":"product","2":"type-product","3":"status-publish","4":"has-post-thumbnail","6":"product_cat-linear-set-rexroth","7":"pa_serie-couple","9":"first","10":"instock","11":"taxable","12":"shipping-taxable","13":"product-type-simple"},"yoast_head":"<!-- This site is optimized with the Yoast SEO plugin v23.5 - https:\/\/yoast.com\/wordpress\/plugins\/seo\/ -->\n<title>DOUILLE A BILLES ROTO RESIST REXROTH KBDR4-FM-8DD -<\/title>\n<meta name=\"robots\" content=\"noindex, follow, max-snippet:-1, max-image-preview:large, max-video-preview:-1\" \/>\n<meta property=\"og:locale\" content=\"fr_FR\" \/>\n<meta property=\"og:type\" content=\"article\" \/>\n<meta property=\"og:title\" content=\"DOUILLE A BILLES ROTO RESIST REXROTH KBDR4-FM-8DD -\" \/>\n<meta property=\"og:description\" content=\"DOUILLE A BILLES ROTO-RESISTANTE KBDR4-FM-8DD\" \/>\n<meta property=\"og:url\" content=\"https:\/\/linwin-shop.bartmedia.eu\/index.php\/produit\/douille-a-billes-roto-resistante-kbdr4-fm-8dd\/\" \/>\n<meta property=\"article:modified_time\" content=\"2024-11-15T14:52:12+00:00\" \/>\n<meta property=\"og:image\" content=\"https:\/\/linwin-shop.bartmedia.eu\/wp-content\/uploads\/2024\/11\/CATR0726.jpg\" \/>\n\t<meta property=\"og:image:width\" content=\"221\" \/>\n\t<meta property=\"og:image:height\" content=\"186\" \/>\n\t<meta property=\"og:image:type\" content=\"image\/jpeg\" \/>\n<meta name=\"twitter:card\" content=\"summary_large_image\" \/>\n<script type=\"application\/ld+json\" class=\"yoast-schema-graph\">{\"@context\":\"https:\/\/schema.org\",\"@graph\":[{\"@type\":\"WebPage\",\"@id\":\"https:\/\/linwin-shop.bartmedia.eu\/index.php\/produit\/douille-a-billes-roto-resistante-kbdr4-fm-8dd\/\",\"url\":\"https:\/\/linwin-shop.bartmedia.eu\/index.php\/produit\/douille-a-billes-roto-resistante-kbdr4-fm-8dd\/\",\"name\":\"DOUILLE A BILLES ROTO RESIST REXROTH KBDR4-FM-8DD -\",\"isPartOf\":{\"@id\":\"https:\/\/linwin-shop.bartmedia.eu\/#website\"},\"primaryImageOfPage\":{\"@id\":\"https:\/\/linwin-shop.bartmedia.eu\/index.php\/produit\/douille-a-billes-roto-resistante-kbdr4-fm-8dd\/#primaryimage\"},\"image\":{\"@id\":\"https:\/\/linwin-shop.bartmedia.eu\/index.php\/produit\/douille-a-billes-roto-resistante-kbdr4-fm-8dd\/#primaryimage\"},\"thumbnailUrl\":\"https:\/\/linwin-shop.bartmedia.eu\/wp-content\/uploads\/2024\/11\/CATR0726.jpg\",\"datePublished\":\"2024-01-23T21:14:09+00:00\",\"dateModified\":\"2024-11-15T14:52:12+00:00\",\"breadcrumb\":{\"@id\":\"https:\/\/linwin-shop.bartmedia.eu\/index.php\/produit\/douille-a-billes-roto-resistante-kbdr4-fm-8dd\/#breadcrumb\"},\"inLanguage\":\"fr-FR\",\"potentialAction\":[{\"@type\":\"ReadAction\",\"target\":[\"https:\/\/linwin-shop.bartmedia.eu\/index.php\/produit\/douille-a-billes-roto-resistante-kbdr4-fm-8dd\/\"]}]},{\"@type\":\"ImageObject\",\"inLanguage\":\"fr-FR\",\"@id\":\"https:\/\/linwin-shop.bartmedia.eu\/index.php\/produit\/douille-a-billes-roto-resistante-kbdr4-fm-8dd\/#primaryimage\",\"url\":\"https:\/\/linwin-shop.bartmedia.eu\/wp-content\/uploads\/2024\/11\/CATR0726.jpg\",\"contentUrl\":\"https:\/\/linwin-shop.bartmedia.eu\/wp-content\/uploads\/2024\/11\/CATR0726.jpg\",\"width\":221,\"height\":186},{\"@type\":\"BreadcrumbList\",\"@id\":\"https:\/\/linwin-shop.bartmedia.eu\/index.php\/produit\/douille-a-billes-roto-resistante-kbdr4-fm-8dd\/#breadcrumb\",\"itemListElement\":[{\"@type\":\"ListItem\",\"position\":1,\"name\":\"Accueil\",\"item\":\"https:\/\/linwin-shop.bartmedia.eu\/\"},{\"@type\":\"ListItem\",\"position\":2,\"name\":\"Boutique\",\"item\":\"https:\/\/linwin-shop.bartmedia.eu\/index.php\/boutique\/\"},{\"@type\":\"ListItem\",\"position\":3,\"name\":\"DOUILLE A BILLES ROTO RESIST REXROTH KBDR4-FM-8DD\"}]},{\"@type\":\"WebSite\",\"@id\":\"https:\/\/linwin-shop.bartmedia.eu\/#website\",\"url\":\"https:\/\/linwin-shop.bartmedia.eu\/\",\"name\":\"\",\"description\":\"\",\"potentialAction\":[{\"@type\":\"SearchAction\",\"target\":{\"@type\":\"EntryPoint\",\"urlTemplate\":\"https:\/\/linwin-shop.bartmedia.eu\/?s={search_term_string}\"},\"query-input\":{\"@type\":\"PropertyValueSpecification\",\"valueRequired\":true,\"valueName\":\"search_term_string\"}}],\"inLanguage\":\"fr-FR\"}]}<\/script>\n<!-- \/ Yoast SEO plugin. -->","yoast_head_json":{"title":"DOUILLE A BILLES ROTO RESIST REXROTH KBDR4-FM-8DD -","robots":{"index":"noindex","follow":"follow","max-snippet":"max-snippet:-1","max-image-preview":"max-image-preview:large","max-video-preview":"max-video-preview:-1"},"og_locale":"fr_FR","og_type":"article","og_title":"DOUILLE A BILLES ROTO RESIST REXROTH KBDR4-FM-8DD -","og_description":"DOUILLE A BILLES ROTO-RESISTANTE KBDR4-FM-8DD","og_url":"https:\/\/linwin-shop.bartmedia.eu\/index.php\/produit\/douille-a-billes-roto-resistante-kbdr4-fm-8dd\/","article_modified_time":"2024-11-15T14:52:12+00:00","og_image":[{"width":221,"height":186,"url":"https:\/\/linwin-shop.bartmedia.eu\/wp-content\/uploads\/2024\/11\/CATR0726.jpg","type":"image\/jpeg"}],"twitter_card":"summary_large_image","schema":{"@context":"https:\/\/schema.org","@graph":[{"@type":"WebPage","@id":"https:\/\/linwin-shop.bartmedia.eu\/index.php\/produit\/douille-a-billes-roto-resistante-kbdr4-fm-8dd\/","url":"https:\/\/linwin-shop.bartmedia.eu\/index.php\/produit\/douille-a-billes-roto-resistante-kbdr4-fm-8dd\/","name":"DOUILLE A BILLES ROTO RESIST REXROTH KBDR4-FM-8DD -","isPartOf":{"@id":"https:\/\/linwin-shop.bartmedia.eu\/#website"},"primaryImageOfPage":{"@id":"https:\/\/linwin-shop.bartmedia.eu\/index.php\/produit\/douille-a-billes-roto-resistante-kbdr4-fm-8dd\/#primaryimage"},"image":{"@id":"https:\/\/linwin-shop.bartmedia.eu\/index.php\/produit\/douille-a-billes-roto-resistante-kbdr4-fm-8dd\/#primaryimage"},"thumbnailUrl":"https:\/\/linwin-shop.bartmedia.eu\/wp-content\/uploads\/2024\/11\/CATR0726.jpg","datePublished":"2024-01-23T21:14:09+00:00","dateModified":"2024-11-15T14:52:12+00:00","breadcrumb":{"@id":"https:\/\/linwin-shop.bartmedia.eu\/index.php\/produit\/douille-a-billes-roto-resistante-kbdr4-fm-8dd\/#breadcrumb"},"inLanguage":"fr-FR","potentialAction":[{"@type":"ReadAction","target":["https:\/\/linwin-shop.bartmedia.eu\/index.php\/produit\/douille-a-billes-roto-resistante-kbdr4-fm-8dd\/"]}]},{"@type":"ImageObject","inLanguage":"fr-FR","@id":"https:\/\/linwin-shop.bartmedia.eu\/index.php\/produit\/douille-a-billes-roto-resistante-kbdr4-fm-8dd\/#primaryimage","url":"https:\/\/linwin-shop.bartmedia.eu\/wp-content\/uploads\/2024\/11\/CATR0726.jpg","contentUrl":"https:\/\/linwin-shop.bartmedia.eu\/wp-content\/uploads\/2024\/11\/CATR0726.jpg","width":221,"height":186},{"@type":"BreadcrumbList","@id":"https:\/\/linwin-shop.bartmedia.eu\/index.php\/produit\/douille-a-billes-roto-resistante-kbdr4-fm-8dd\/#breadcrumb","itemListElement":[{"@type":"ListItem","position":1,"name":"Accueil","item":"https:\/\/linwin-shop.bartmedia.eu\/"},{"@type":"ListItem","position":2,"name":"Boutique","item":"https:\/\/linwin-shop.bartmedia.eu\/index.php\/boutique\/"},{"@type":"ListItem","position":3,"name":"DOUILLE A BILLES ROTO RESIST REXROTH KBDR4-FM-8DD"}]},{"@type":"WebSite","@id":"https:\/\/linwin-shop.bartmedia.eu\/#website","url":"https:\/\/linwin-shop.bartmedia.eu\/","name":"","description":"","potentialAction":[{"@type":"SearchAction","target":{"@type":"EntryPoint","urlTemplate":"https:\/\/linwin-shop.bartmedia.eu\/?s={search_term_string}"},"query-input":{"@type":"PropertyValueSpecification","valueRequired":true,"valueName":"search_term_string"}}],"inLanguage":"fr-FR"}]}},"jetpack_sharing_enabled":true,"_links":{"self":[{"href":"https:\/\/linwin-shop.bartmedia.eu\/index.php\/wp-json\/wp\/v2\/product\/12624","targetHints":{"allow":["GET"]}}],"collection":[{"href":"https:\/\/linwin-shop.bartmedia.eu\/index.php\/wp-json\/wp\/v2\/product"}],"about":[{"href":"https:\/\/linwin-shop.bartmedia.eu\/index.php\/wp-json\/wp\/v2\/types\/product"}],"replies":[{"embeddable":true,"href":"https:\/\/linwin-shop.bartmedia.eu\/index.php\/wp-json\/wp\/v2\/comments?post=12624"}],"wp:featuredmedia":[{"embeddable":true,"href":"https:\/\/linwin-shop.bartmedia.eu\/index.php\/wp-json\/wp\/v2\/media\/19008"}],"wp:attachment":[{"href":"https:\/\/linwin-shop.bartmedia.eu\/index.php\/wp-json\/wp\/v2\/media?parent=12624"}],"wp:term":[{"taxonomy":"product_cat","embeddable":true,"href":"https:\/\/linwin-shop.bartmedia.eu\/index.php\/wp-json\/wp\/v2\/product_cat?post=12624"},{"taxonomy":"product_tag","embeddable":true,"href":"https:\/\/linwin-shop.bartmedia.eu\/index.php\/wp-json\/wp\/v2\/product_tag?post=12624"}],"curies":[{"name":"wp","href":"https:\/\/api.w.org\/{rel}","templated":true}]}}