{"id":12691,"date":"2024-01-23T21:14:29","date_gmt":"2024-01-23T21:14:29","guid":{"rendered":"https:\/\/linwin-shop.bartmedia.eu\/index.php\/produit\/douille-a-billes-compacte-kbc-25\/"},"modified":"2024-06-01T07:32:47","modified_gmt":"2024-06-01T07:32:47","slug":"douille-a-billes-compacte-kbc-25","status":"publish","type":"product","link":"https:\/\/linwin-shop.bartmedia.eu\/index.php\/produit\/douille-a-billes-compacte-kbc-25\/","title":{"rendered":"DOUILLE A BILLES COMPACTE KBC-25"},"content":{"rendered":"<h2>DOUILLE A BILLES COMPACTE KBC-25<\/h2>\n<h3>Bosch Rexroth<\/h3>\n<p>Douille \u00e0 billes compacte<br \/>\nDiam\u00e8tre de l\u2019arbre d = 25<br \/>\nSans racleur<br \/>\nJeu radial: Normale<br \/>\nVersion: Normale<br \/>\nNon pr\u00e9graiss\u00e9e<\/p>\n<ul>\n<li>Dimensions ext\u00e9rieures r\u00e9duites permettant des constructions particuli\u00e8rement compactes<\/li>\n<li>Douilles \u00e0\u00a0billes tr\u00e8s \u00e9conomiques pour les exigences g\u00e9n\u00e9rales<\/li>\n<li>Vitesses de d\u00e9placement \u00e9lev\u00e9es (5 m\/s)<\/li>\n<li>Segments en acier tremp\u00e9s avec osculation des billes sur le chemin de roulement pour des capacit\u00e9s de charge \u00e9lev\u00e9es et une longue dur\u00e9e de vie<\/li>\n<li>Avec jeu radial normal<\/li>\n<li>Montage facile: emmancher par pression \u2013 fixation suppl\u00e9mentaire inutile<\/li>\n<li>Nombreuses cavit\u00e9s servant de r\u00e9servoir\u00a0de lubrifiant pour des intervalles de lubrification plus importants ou une lubrification \u00e0\u00a0vie<\/li>\n<li>Racleurs int\u00e9gr\u00e9s, rapport\u00e9s ou sans racleur<\/li>\n<li>Non pr\u00e9graiss\u00e9e<\/li>\n<li>Les cavit\u00e9s absorbent \u00e9galement les impuret\u00e9s ayant \u00e9ventuellement p\u00e9n\u00e9tr\u00e9 \u00e0\u00a0l&rsquo;int\u00e9rieur et emp\u00eachent de ce fait le blocage de la douille \u00e0\u00a0billes.<\/li>\n<li>Bagues de retenue en m\u00e9tal int\u00e9gr\u00e9es avec une surcote d\u2019env. 0,1\u00a0mm sur le diam\u00e8tre ext\u00e9rieur (diam\u00e8tres d\u2019arbres 12 \u00e0\u00a050) pour un maintien s\u00fbr dans l\u2019al\u00e9sage du bo\u00eetier<\/li>\n<\/ul>\n<p>&nbsp;<\/p>\n<p>&nbsp;<br \/><a href=\"\/fiches_techniques\/CATR0658.pdf\" target=\"_blank\" class=\"tecF\">Fiche technique<\/a><\/p>\n","protected":false},"excerpt":{"rendered":"<p>DOUILLE A BILLES COMPACTE KBC-25<\/p>\n","protected":false},"featured_media":18996,"comment_status":"closed","ping_status":"open","template":"","meta":[],"product_cat":[3617],"product_tag":[],"class_list":{"0":"post-12691","1":"product","2":"type-product","3":"status-publish","4":"has-post-thumbnail","6":"product_cat-douilles-a-billes-rexroth","7":"pa_force-de-frottement-fr-884","9":"first","10":"instock","11":"taxable","12":"shipping-taxable","13":"product-type-simple"},"yoast_head":"<!-- This site is optimized with the Yoast SEO plugin v23.5 - https:\/\/yoast.com\/wordpress\/plugins\/seo\/ -->\n<title>DOUILLE A BILLES COMPACTE KBC-25 -<\/title>\n<meta name=\"robots\" content=\"noindex, follow, max-snippet:-1, max-image-preview:large, max-video-preview:-1\" \/>\n<meta property=\"og:locale\" content=\"fr_FR\" \/>\n<meta property=\"og:type\" content=\"article\" \/>\n<meta property=\"og:title\" content=\"DOUILLE A BILLES COMPACTE KBC-25 -\" \/>\n<meta property=\"og:description\" content=\"DOUILLE A BILLES COMPACTE KBC-25\" \/>\n<meta property=\"og:url\" content=\"https:\/\/linwin-shop.bartmedia.eu\/index.php\/produit\/douille-a-billes-compacte-kbc-25\/\" \/>\n<meta property=\"article:modified_time\" content=\"2024-06-01T07:32:47+00:00\" \/>\n<meta property=\"og:image\" content=\"https:\/\/linwin-shop.bartmedia.eu\/wp-content\/uploads\/2024\/01\/54668c63-5b2a-41ee-ac81-7ead59ea53fb_dc_ecommerce_big_png.png\" \/>\n\t<meta property=\"og:image:width\" content=\"420\" \/>\n\t<meta property=\"og:image:height\" content=\"859\" \/>\n\t<meta property=\"og:image:type\" content=\"image\/png\" \/>\n<meta name=\"twitter:card\" content=\"summary_large_image\" \/>\n<meta name=\"twitter:label1\" content=\"Dur\u00e9e de lecture estim\u00e9e\" \/>\n\t<meta name=\"twitter:data1\" content=\"1 minute\" \/>\n<script type=\"application\/ld+json\" class=\"yoast-schema-graph\">{\"@context\":\"https:\/\/schema.org\",\"@graph\":[{\"@type\":\"WebPage\",\"@id\":\"https:\/\/linwin-shop.bartmedia.eu\/index.php\/produit\/douille-a-billes-compacte-kbc-25\/\",\"url\":\"https:\/\/linwin-shop.bartmedia.eu\/index.php\/produit\/douille-a-billes-compacte-kbc-25\/\",\"name\":\"DOUILLE A BILLES COMPACTE KBC-25 -\",\"isPartOf\":{\"@id\":\"https:\/\/linwin-shop.bartmedia.eu\/#website\"},\"primaryImageOfPage\":{\"@id\":\"https:\/\/linwin-shop.bartmedia.eu\/index.php\/produit\/douille-a-billes-compacte-kbc-25\/#primaryimage\"},\"image\":{\"@id\":\"https:\/\/linwin-shop.bartmedia.eu\/index.php\/produit\/douille-a-billes-compacte-kbc-25\/#primaryimage\"},\"thumbnailUrl\":\"https:\/\/linwin-shop.bartmedia.eu\/wp-content\/uploads\/2024\/11\/CATR0658.jpg\",\"datePublished\":\"2024-01-23T21:14:29+00:00\",\"dateModified\":\"2024-06-01T07:32:47+00:00\",\"breadcrumb\":{\"@id\":\"https:\/\/linwin-shop.bartmedia.eu\/index.php\/produit\/douille-a-billes-compacte-kbc-25\/#breadcrumb\"},\"inLanguage\":\"fr-FR\",\"potentialAction\":[{\"@type\":\"ReadAction\",\"target\":[\"https:\/\/linwin-shop.bartmedia.eu\/index.php\/produit\/douille-a-billes-compacte-kbc-25\/\"]}]},{\"@type\":\"ImageObject\",\"inLanguage\":\"fr-FR\",\"@id\":\"https:\/\/linwin-shop.bartmedia.eu\/index.php\/produit\/douille-a-billes-compacte-kbc-25\/#primaryimage\",\"url\":\"https:\/\/linwin-shop.bartmedia.eu\/wp-content\/uploads\/2024\/11\/CATR0658.jpg\",\"contentUrl\":\"https:\/\/linwin-shop.bartmedia.eu\/wp-content\/uploads\/2024\/11\/CATR0658.jpg\",\"width\":670,\"height\":324},{\"@type\":\"BreadcrumbList\",\"@id\":\"https:\/\/linwin-shop.bartmedia.eu\/index.php\/produit\/douille-a-billes-compacte-kbc-25\/#breadcrumb\",\"itemListElement\":[{\"@type\":\"ListItem\",\"position\":1,\"name\":\"Accueil\",\"item\":\"https:\/\/linwin-shop.bartmedia.eu\/\"},{\"@type\":\"ListItem\",\"position\":2,\"name\":\"Boutique\",\"item\":\"https:\/\/linwin-shop.bartmedia.eu\/index.php\/boutique\/\"},{\"@type\":\"ListItem\",\"position\":3,\"name\":\"DOUILLE A BILLES COMPACTE KBC-25\"}]},{\"@type\":\"WebSite\",\"@id\":\"https:\/\/linwin-shop.bartmedia.eu\/#website\",\"url\":\"https:\/\/linwin-shop.bartmedia.eu\/\",\"name\":\"\",\"description\":\"\",\"potentialAction\":[{\"@type\":\"SearchAction\",\"target\":{\"@type\":\"EntryPoint\",\"urlTemplate\":\"https:\/\/linwin-shop.bartmedia.eu\/?s={search_term_string}\"},\"query-input\":{\"@type\":\"PropertyValueSpecification\",\"valueRequired\":true,\"valueName\":\"search_term_string\"}}],\"inLanguage\":\"fr-FR\"}]}<\/script>\n<!-- \/ Yoast SEO plugin. -->","yoast_head_json":{"title":"DOUILLE A BILLES COMPACTE KBC-25 -","robots":{"index":"noindex","follow":"follow","max-snippet":"max-snippet:-1","max-image-preview":"max-image-preview:large","max-video-preview":"max-video-preview:-1"},"og_locale":"fr_FR","og_type":"article","og_title":"DOUILLE A BILLES COMPACTE KBC-25 -","og_description":"DOUILLE A BILLES COMPACTE KBC-25","og_url":"https:\/\/linwin-shop.bartmedia.eu\/index.php\/produit\/douille-a-billes-compacte-kbc-25\/","article_modified_time":"2024-06-01T07:32:47+00:00","og_image":[{"width":420,"height":859,"url":"https:\/\/linwin-shop.bartmedia.eu\/wp-content\/uploads\/2024\/01\/54668c63-5b2a-41ee-ac81-7ead59ea53fb_dc_ecommerce_big_png.png","type":"image\/png"}],"twitter_card":"summary_large_image","twitter_misc":{"Dur\u00e9e de lecture estim\u00e9e":"1 minute"},"schema":{"@context":"https:\/\/schema.org","@graph":[{"@type":"WebPage","@id":"https:\/\/linwin-shop.bartmedia.eu\/index.php\/produit\/douille-a-billes-compacte-kbc-25\/","url":"https:\/\/linwin-shop.bartmedia.eu\/index.php\/produit\/douille-a-billes-compacte-kbc-25\/","name":"DOUILLE A BILLES COMPACTE KBC-25 -","isPartOf":{"@id":"https:\/\/linwin-shop.bartmedia.eu\/#website"},"primaryImageOfPage":{"@id":"https:\/\/linwin-shop.bartmedia.eu\/index.php\/produit\/douille-a-billes-compacte-kbc-25\/#primaryimage"},"image":{"@id":"https:\/\/linwin-shop.bartmedia.eu\/index.php\/produit\/douille-a-billes-compacte-kbc-25\/#primaryimage"},"thumbnailUrl":"https:\/\/linwin-shop.bartmedia.eu\/wp-content\/uploads\/2024\/11\/CATR0658.jpg","datePublished":"2024-01-23T21:14:29+00:00","dateModified":"2024-06-01T07:32:47+00:00","breadcrumb":{"@id":"https:\/\/linwin-shop.bartmedia.eu\/index.php\/produit\/douille-a-billes-compacte-kbc-25\/#breadcrumb"},"inLanguage":"fr-FR","potentialAction":[{"@type":"ReadAction","target":["https:\/\/linwin-shop.bartmedia.eu\/index.php\/produit\/douille-a-billes-compacte-kbc-25\/"]}]},{"@type":"ImageObject","inLanguage":"fr-FR","@id":"https:\/\/linwin-shop.bartmedia.eu\/index.php\/produit\/douille-a-billes-compacte-kbc-25\/#primaryimage","url":"https:\/\/linwin-shop.bartmedia.eu\/wp-content\/uploads\/2024\/11\/CATR0658.jpg","contentUrl":"https:\/\/linwin-shop.bartmedia.eu\/wp-content\/uploads\/2024\/11\/CATR0658.jpg","width":670,"height":324},{"@type":"BreadcrumbList","@id":"https:\/\/linwin-shop.bartmedia.eu\/index.php\/produit\/douille-a-billes-compacte-kbc-25\/#breadcrumb","itemListElement":[{"@type":"ListItem","position":1,"name":"Accueil","item":"https:\/\/linwin-shop.bartmedia.eu\/"},{"@type":"ListItem","position":2,"name":"Boutique","item":"https:\/\/linwin-shop.bartmedia.eu\/index.php\/boutique\/"},{"@type":"ListItem","position":3,"name":"DOUILLE A BILLES COMPACTE KBC-25"}]},{"@type":"WebSite","@id":"https:\/\/linwin-shop.bartmedia.eu\/#website","url":"https:\/\/linwin-shop.bartmedia.eu\/","name":"","description":"","potentialAction":[{"@type":"SearchAction","target":{"@type":"EntryPoint","urlTemplate":"https:\/\/linwin-shop.bartmedia.eu\/?s={search_term_string}"},"query-input":{"@type":"PropertyValueSpecification","valueRequired":true,"valueName":"search_term_string"}}],"inLanguage":"fr-FR"}]}},"jetpack_sharing_enabled":true,"_links":{"self":[{"href":"https:\/\/linwin-shop.bartmedia.eu\/index.php\/wp-json\/wp\/v2\/product\/12691","targetHints":{"allow":["GET"]}}],"collection":[{"href":"https:\/\/linwin-shop.bartmedia.eu\/index.php\/wp-json\/wp\/v2\/product"}],"about":[{"href":"https:\/\/linwin-shop.bartmedia.eu\/index.php\/wp-json\/wp\/v2\/types\/product"}],"replies":[{"embeddable":true,"href":"https:\/\/linwin-shop.bartmedia.eu\/index.php\/wp-json\/wp\/v2\/comments?post=12691"}],"wp:featuredmedia":[{"embeddable":true,"href":"https:\/\/linwin-shop.bartmedia.eu\/index.php\/wp-json\/wp\/v2\/media\/18996"}],"wp:attachment":[{"href":"https:\/\/linwin-shop.bartmedia.eu\/index.php\/wp-json\/wp\/v2\/media?parent=12691"}],"wp:term":[{"taxonomy":"product_cat","embeddable":true,"href":"https:\/\/linwin-shop.bartmedia.eu\/index.php\/wp-json\/wp\/v2\/product_cat?post=12691"},{"taxonomy":"product_tag","embeddable":true,"href":"https:\/\/linwin-shop.bartmedia.eu\/index.php\/wp-json\/wp\/v2\/product_tag?post=12691"}],"curies":[{"name":"wp","href":"https:\/\/api.w.org\/{rel}","templated":true}]}}