{"id":12763,"date":"2024-01-23T21:14:51","date_gmt":"2024-01-23T21:14:51","guid":{"rendered":"https:\/\/linwin-shop.bartmedia.eu\/index.php\/produit\/douille-a-billes-super-kba-16-d\/"},"modified":"2024-06-01T07:37:26","modified_gmt":"2024-06-01T07:37:26","slug":"douille-a-billes-super-kba-16-d","status":"publish","type":"product","link":"https:\/\/linwin-shop.bartmedia.eu\/index.php\/produit\/douille-a-billes-super-kba-16-d\/","title":{"rendered":"DOUILLE A BILLES SUPER KBA-16-D"},"content":{"rendered":"<h2>DOUILLE A BILLES SUPER KBA-16-D<\/h2>\n<h3>Bosch Rexroth<\/h3>\n<p>Douille \u00e0\u00a0billes Super<br \/>\nSuper A (avec compensation des d\u00e9fauts d\u2019alignement)<br \/>\nFerm\u00e9<br \/>\nDiam\u00e8tre de l\u2019arbre d = 16<br \/>\nAvec un racleur<\/p>\n<ul>\n<li>Vitesses de d\u00e9placement \u00e9lev\u00e9es (5 m\/s)<\/li>\n<li>Douilles \u00e0\u00a0billes \u00e9conomiques pour exigences \u00e9lev\u00e9es<\/li>\n<li>Pistes segmentaires tremp\u00e9es avec rainures de guidage rectifi\u00e9es et introduction optimale des billes pour une circulation tr\u00e8s silencieuse et une dur\u00e9e de vie \u00e9lev\u00e9e<\/li>\n<li>Racleurs int\u00e9gr\u00e9s, rapport\u00e9s ou sans racleur<\/li>\n<li>Billes en acier pour roulements \u00e0\u00a0billes<\/li>\n<li>Avec compensation de la flexion de l&rsquo;arbre et des d\u00e9fauts d&rsquo;alignement jusqu&rsquo;\u00e0 30&prime;<\/li>\n<li>Cage de guidage et douille ext\u00e9rieure en PA ou en POM<\/li>\n<li>Sans lubrification initiale<\/li>\n<\/ul>\n<p>&nbsp;<\/p>\n<p>&nbsp;<br \/><a href=\"\/fiches_techniques\/CATR0670.pdf\" target=\"_blank\" class=\"tecF\">Fiche technique<\/a><\/p>\n","protected":false},"excerpt":{"rendered":"<p>DOUILLE A BILLES SUPER KBA-16-D<\/p>\n","protected":false},"featured_media":19002,"comment_status":"closed","ping_status":"open","template":"","meta":[],"product_cat":[3617],"product_tag":[],"class_list":{"0":"post-12763","1":"product","2":"type-product","3":"status-publish","4":"has-post-thumbnail","6":"product_cat-douilles-a-billes-rexroth","7":"pa_rangees-de-billes-713","9":"first","10":"instock","11":"taxable","12":"shipping-taxable","13":"product-type-simple"},"yoast_head":"<!-- This site is optimized with the Yoast SEO plugin v23.5 - https:\/\/yoast.com\/wordpress\/plugins\/seo\/ -->\n<title>DOUILLE A BILLES SUPER KBA-16-D -<\/title>\n<meta name=\"robots\" content=\"noindex, follow, max-snippet:-1, max-image-preview:large, max-video-preview:-1\" \/>\n<meta property=\"og:locale\" content=\"fr_FR\" \/>\n<meta property=\"og:type\" content=\"article\" \/>\n<meta property=\"og:title\" content=\"DOUILLE A BILLES SUPER KBA-16-D -\" \/>\n<meta property=\"og:description\" content=\"DOUILLE A BILLES SUPER KBA-16-D\" \/>\n<meta property=\"og:url\" content=\"https:\/\/linwin-shop.bartmedia.eu\/index.php\/produit\/douille-a-billes-super-kba-16-d\/\" \/>\n<meta property=\"article:modified_time\" content=\"2024-06-01T07:37:26+00:00\" \/>\n<meta property=\"og:image\" content=\"https:\/\/linwin-shop.bartmedia.eu\/wp-content\/uploads\/2024\/01\/fddebe03-93c3-413d-9d53-a85fd9961f0b_dc_ecommerce_big_jpg.jpg\" \/>\n\t<meta property=\"og:image:width\" content=\"963\" \/>\n\t<meta property=\"og:image:height\" content=\"753\" \/>\n\t<meta property=\"og:image:type\" content=\"image\/jpeg\" \/>\n<meta name=\"twitter:card\" content=\"summary_large_image\" \/>\n<meta name=\"twitter:label1\" content=\"Dur\u00e9e de lecture estim\u00e9e\" \/>\n\t<meta name=\"twitter:data1\" content=\"1 minute\" \/>\n<script type=\"application\/ld+json\" class=\"yoast-schema-graph\">{\"@context\":\"https:\/\/schema.org\",\"@graph\":[{\"@type\":\"WebPage\",\"@id\":\"https:\/\/linwin-shop.bartmedia.eu\/index.php\/produit\/douille-a-billes-super-kba-16-d\/\",\"url\":\"https:\/\/linwin-shop.bartmedia.eu\/index.php\/produit\/douille-a-billes-super-kba-16-d\/\",\"name\":\"DOUILLE A BILLES SUPER KBA-16-D -\",\"isPartOf\":{\"@id\":\"https:\/\/linwin-shop.bartmedia.eu\/#website\"},\"primaryImageOfPage\":{\"@id\":\"https:\/\/linwin-shop.bartmedia.eu\/index.php\/produit\/douille-a-billes-super-kba-16-d\/#primaryimage\"},\"image\":{\"@id\":\"https:\/\/linwin-shop.bartmedia.eu\/index.php\/produit\/douille-a-billes-super-kba-16-d\/#primaryimage\"},\"thumbnailUrl\":\"https:\/\/linwin-shop.bartmedia.eu\/wp-content\/uploads\/2024\/11\/CATR0670.jpg\",\"datePublished\":\"2024-01-23T21:14:51+00:00\",\"dateModified\":\"2024-06-01T07:37:26+00:00\",\"breadcrumb\":{\"@id\":\"https:\/\/linwin-shop.bartmedia.eu\/index.php\/produit\/douille-a-billes-super-kba-16-d\/#breadcrumb\"},\"inLanguage\":\"fr-FR\",\"potentialAction\":[{\"@type\":\"ReadAction\",\"target\":[\"https:\/\/linwin-shop.bartmedia.eu\/index.php\/produit\/douille-a-billes-super-kba-16-d\/\"]}]},{\"@type\":\"ImageObject\",\"inLanguage\":\"fr-FR\",\"@id\":\"https:\/\/linwin-shop.bartmedia.eu\/index.php\/produit\/douille-a-billes-super-kba-16-d\/#primaryimage\",\"url\":\"https:\/\/linwin-shop.bartmedia.eu\/wp-content\/uploads\/2024\/11\/CATR0670.jpg\",\"contentUrl\":\"https:\/\/linwin-shop.bartmedia.eu\/wp-content\/uploads\/2024\/11\/CATR0670.jpg\",\"width\":212,\"height\":208},{\"@type\":\"BreadcrumbList\",\"@id\":\"https:\/\/linwin-shop.bartmedia.eu\/index.php\/produit\/douille-a-billes-super-kba-16-d\/#breadcrumb\",\"itemListElement\":[{\"@type\":\"ListItem\",\"position\":1,\"name\":\"Accueil\",\"item\":\"https:\/\/linwin-shop.bartmedia.eu\/\"},{\"@type\":\"ListItem\",\"position\":2,\"name\":\"Boutique\",\"item\":\"https:\/\/linwin-shop.bartmedia.eu\/index.php\/boutique\/\"},{\"@type\":\"ListItem\",\"position\":3,\"name\":\"DOUILLE A BILLES SUPER KBA-16-D\"}]},{\"@type\":\"WebSite\",\"@id\":\"https:\/\/linwin-shop.bartmedia.eu\/#website\",\"url\":\"https:\/\/linwin-shop.bartmedia.eu\/\",\"name\":\"\",\"description\":\"\",\"potentialAction\":[{\"@type\":\"SearchAction\",\"target\":{\"@type\":\"EntryPoint\",\"urlTemplate\":\"https:\/\/linwin-shop.bartmedia.eu\/?s={search_term_string}\"},\"query-input\":{\"@type\":\"PropertyValueSpecification\",\"valueRequired\":true,\"valueName\":\"search_term_string\"}}],\"inLanguage\":\"fr-FR\"}]}<\/script>\n<!-- \/ Yoast SEO plugin. -->","yoast_head_json":{"title":"DOUILLE A BILLES SUPER KBA-16-D -","robots":{"index":"noindex","follow":"follow","max-snippet":"max-snippet:-1","max-image-preview":"max-image-preview:large","max-video-preview":"max-video-preview:-1"},"og_locale":"fr_FR","og_type":"article","og_title":"DOUILLE A BILLES SUPER KBA-16-D -","og_description":"DOUILLE A BILLES SUPER KBA-16-D","og_url":"https:\/\/linwin-shop.bartmedia.eu\/index.php\/produit\/douille-a-billes-super-kba-16-d\/","article_modified_time":"2024-06-01T07:37:26+00:00","og_image":[{"width":963,"height":753,"url":"https:\/\/linwin-shop.bartmedia.eu\/wp-content\/uploads\/2024\/01\/fddebe03-93c3-413d-9d53-a85fd9961f0b_dc_ecommerce_big_jpg.jpg","type":"image\/jpeg"}],"twitter_card":"summary_large_image","twitter_misc":{"Dur\u00e9e de lecture estim\u00e9e":"1 minute"},"schema":{"@context":"https:\/\/schema.org","@graph":[{"@type":"WebPage","@id":"https:\/\/linwin-shop.bartmedia.eu\/index.php\/produit\/douille-a-billes-super-kba-16-d\/","url":"https:\/\/linwin-shop.bartmedia.eu\/index.php\/produit\/douille-a-billes-super-kba-16-d\/","name":"DOUILLE A BILLES SUPER KBA-16-D -","isPartOf":{"@id":"https:\/\/linwin-shop.bartmedia.eu\/#website"},"primaryImageOfPage":{"@id":"https:\/\/linwin-shop.bartmedia.eu\/index.php\/produit\/douille-a-billes-super-kba-16-d\/#primaryimage"},"image":{"@id":"https:\/\/linwin-shop.bartmedia.eu\/index.php\/produit\/douille-a-billes-super-kba-16-d\/#primaryimage"},"thumbnailUrl":"https:\/\/linwin-shop.bartmedia.eu\/wp-content\/uploads\/2024\/11\/CATR0670.jpg","datePublished":"2024-01-23T21:14:51+00:00","dateModified":"2024-06-01T07:37:26+00:00","breadcrumb":{"@id":"https:\/\/linwin-shop.bartmedia.eu\/index.php\/produit\/douille-a-billes-super-kba-16-d\/#breadcrumb"},"inLanguage":"fr-FR","potentialAction":[{"@type":"ReadAction","target":["https:\/\/linwin-shop.bartmedia.eu\/index.php\/produit\/douille-a-billes-super-kba-16-d\/"]}]},{"@type":"ImageObject","inLanguage":"fr-FR","@id":"https:\/\/linwin-shop.bartmedia.eu\/index.php\/produit\/douille-a-billes-super-kba-16-d\/#primaryimage","url":"https:\/\/linwin-shop.bartmedia.eu\/wp-content\/uploads\/2024\/11\/CATR0670.jpg","contentUrl":"https:\/\/linwin-shop.bartmedia.eu\/wp-content\/uploads\/2024\/11\/CATR0670.jpg","width":212,"height":208},{"@type":"BreadcrumbList","@id":"https:\/\/linwin-shop.bartmedia.eu\/index.php\/produit\/douille-a-billes-super-kba-16-d\/#breadcrumb","itemListElement":[{"@type":"ListItem","position":1,"name":"Accueil","item":"https:\/\/linwin-shop.bartmedia.eu\/"},{"@type":"ListItem","position":2,"name":"Boutique","item":"https:\/\/linwin-shop.bartmedia.eu\/index.php\/boutique\/"},{"@type":"ListItem","position":3,"name":"DOUILLE A BILLES SUPER KBA-16-D"}]},{"@type":"WebSite","@id":"https:\/\/linwin-shop.bartmedia.eu\/#website","url":"https:\/\/linwin-shop.bartmedia.eu\/","name":"","description":"","potentialAction":[{"@type":"SearchAction","target":{"@type":"EntryPoint","urlTemplate":"https:\/\/linwin-shop.bartmedia.eu\/?s={search_term_string}"},"query-input":{"@type":"PropertyValueSpecification","valueRequired":true,"valueName":"search_term_string"}}],"inLanguage":"fr-FR"}]}},"jetpack_sharing_enabled":true,"_links":{"self":[{"href":"https:\/\/linwin-shop.bartmedia.eu\/index.php\/wp-json\/wp\/v2\/product\/12763","targetHints":{"allow":["GET"]}}],"collection":[{"href":"https:\/\/linwin-shop.bartmedia.eu\/index.php\/wp-json\/wp\/v2\/product"}],"about":[{"href":"https:\/\/linwin-shop.bartmedia.eu\/index.php\/wp-json\/wp\/v2\/types\/product"}],"replies":[{"embeddable":true,"href":"https:\/\/linwin-shop.bartmedia.eu\/index.php\/wp-json\/wp\/v2\/comments?post=12763"}],"wp:featuredmedia":[{"embeddable":true,"href":"https:\/\/linwin-shop.bartmedia.eu\/index.php\/wp-json\/wp\/v2\/media\/19002"}],"wp:attachment":[{"href":"https:\/\/linwin-shop.bartmedia.eu\/index.php\/wp-json\/wp\/v2\/media?parent=12763"}],"wp:term":[{"taxonomy":"product_cat","embeddable":true,"href":"https:\/\/linwin-shop.bartmedia.eu\/index.php\/wp-json\/wp\/v2\/product_cat?post=12763"},{"taxonomy":"product_tag","embeddable":true,"href":"https:\/\/linwin-shop.bartmedia.eu\/index.php\/wp-json\/wp\/v2\/product_tag?post=12763"}],"curies":[{"name":"wp","href":"https:\/\/api.w.org\/{rel}","templated":true}]}}