{"id":16365,"date":"2024-01-23T21:32:28","date_gmt":"2024-01-23T21:32:28","guid":{"rendered":"https:\/\/linwin-shop.bartmedia.eu\/index.php\/produit\/guide-a-billes-resist-nrii-kwd-015-sns-c1-n-0-4\/"},"modified":"2024-06-01T07:34:37","modified_gmt":"2024-06-01T07:34:37","slug":"guide-a-billes-resist-nrii-kwd-015-sns-c1-n-0-4","status":"publish","type":"product","link":"https:\/\/linwin-shop.bartmedia.eu\/index.php\/produit\/guide-a-billes-resist-nrii-kwd-015-sns-c1-n-0-4\/","title":{"rendered":"GUIDE \u00c0 BILLES RESIST NRII KWD-015-SNS-C1-N-0"},"content":{"rendered":"<h2>GUIDE \u00c0 BILLES RESIST NRII KWD-015-SNS-C1-N-0<\/h2>\n<h3>Bosch Rexroth<\/h3>\n<p>Le guide \u00e0\u00a0billes en Resist NRII est r\u00e9sistant \u00e0 la corrosion et tr\u00e8s pr\u00e9cis. En outre, il se distingue par les caract\u00e9ristiques du produit suivantes:<br \/>\nTaille de construction 15<br \/>\nMod\u00e8le SNS: Largeur = \u00e9troit, longueur = normal, hauteur = standard<br \/>\nCorps du chariot de guidage et toutes les pi\u00e8ces d\u2019acier en acier r\u00e9sistant \u00e0\u00a0la corrosion selon DIN\u00a010088<br \/>\nClasse de\u00a0pr\u00e9charge C1: Faible pr\u00e9charge<br \/>\nClasse de pr\u00e9cision N: Normale<br \/>\nSans cage \u00e0\u00a0billes<br \/>\nSans conservation<br \/>\nSans lubrification initiale<br \/>\nSans \u00e9l\u00e9ment \u00e0\u00a0rapporter \u00e0\u00a0gauche (bord de but\u00e9e avant)<br \/>\nSans \u00e9l\u00e9ment \u00e0\u00a0rapporter \u00e0\u00a0droite (bord de but\u00e9e avant)<br \/>\nRaccordement de lubrification droit fourni en vrac.<br \/>\nCorps du chariot de guidage en version standard<br \/>\nLongueur totale du chariot de guidage = 58,2\u00a0mm<br \/>\nConstruction interchangeable: Les chariots de guidage et les rails de guidage peuvent \u00eatre combin\u00e9s entre eux dans chaque pr\u00e9cision.<\/p>\n<ul>\n<li>Disponibles en cinq tailles courantes<\/li>\n<li>Variations r\u00e9duites de la d\u00e9formation \u00e9lastique gr\u00e2ce \u00e0\u00a0la forme optimale de la zone d&rsquo;entr\u00e9e et au nombre \u00e9lev\u00e9 de billes<\/li>\n<li>Raccords de lubrification sur toutes les faces, avec filetage m\u00e9tallique<\/li>\n<li>Dispositif d&rsquo;\u00e9tanch\u00e9it\u00e9 int\u00e9gr\u00e9 assurant une \u00e9tanch\u00e9it\u00e9 compl\u00e8te<\/li>\n<li>Convient pour tous les rails \u00e0\u00a0billes SNS<\/li>\n<li>Syst\u00e8me de lubrification minimale avec d\u00e9p\u00f4t int\u00e9gr\u00e9 en cas de lubrification \u00e0\u00a0l&rsquo;huile<\/li>\n<li>Capacit\u00e9s de charge \u00e9lev\u00e9es \u00e9gales dans les quatre directions principales de la charge<\/li>\n<li>Domaine d&rsquo;application: Pour encombrement lat\u00e9ral limit\u00e9<\/li>\n<li>Excellentes valeurs dynamiques<sup><\/sup><\/li>\n<li>Lubrification longue dur\u00e9e possible sur plusieurs ann\u00e9es<\/li>\n<li>Variations des forces de frottement nettement r\u00e9duites, niveau de force de frottement faible, particuli\u00e8rement sous charge ext\u00e9rieure<\/li>\n<li>Zone d&rsquo;entr\u00e9e brevet\u00e9e, permettant d&rsquo;augmenter la pr\u00e9cision du d\u00e9placement jusqu&rsquo;\u00e0 un facteur de six<\/li>\n<li>\u00c9l\u00e9ments rapport\u00e9s \u00e0\u00a0fixation par le haut sur le guide \u00e0\u00a0billes<\/li>\n<li>Toutes les pi\u00e8ces m\u00e9talliques sont fabriqu\u00e9es en acier r\u00e9sistant \u00e0\u00a0la corrosion<\/li>\n<\/ul>\n<p>&nbsp;<\/p>\n<p>&nbsp;<\/p>\n","protected":false},"excerpt":{"rendered":"<p>GUIDE \u00c0 BILLES RESIST NRII KWD-015-SNS-C1-N-0<\/p>\n","protected":false},"featured_media":16285,"comment_status":"closed","ping_status":"open","template":"","meta":[],"product_cat":[3629],"product_tag":[],"class_list":{"0":"post-16365","1":"product","2":"type-product","3":"status-publish","4":"has-post-thumbnail","6":"product_cat-guide-a-billes-rexroth-nr","8":"first","9":"instock","10":"taxable","11":"shipping-taxable","12":"product-type-simple"},"yoast_head":"<!-- This site is optimized with the Yoast SEO plugin v23.5 - https:\/\/yoast.com\/wordpress\/plugins\/seo\/ -->\n<title>GUIDE \u00c0 BILLES RESIST NRII KWD-015-SNS-C1-N-0 -<\/title>\n<meta name=\"robots\" content=\"noindex, follow, max-snippet:-1, max-image-preview:large, max-video-preview:-1\" \/>\n<meta property=\"og:locale\" content=\"fr_FR\" \/>\n<meta property=\"og:type\" content=\"article\" \/>\n<meta property=\"og:title\" content=\"GUIDE \u00c0 BILLES RESIST NRII KWD-015-SNS-C1-N-0 -\" \/>\n<meta property=\"og:description\" content=\"GUIDE \u00c0 BILLES RESIST NRII KWD-015-SNS-C1-N-0\" \/>\n<meta property=\"og:url\" content=\"https:\/\/linwin-shop.bartmedia.eu\/index.php\/produit\/guide-a-billes-resist-nrii-kwd-015-sns-c1-n-0-4\/\" \/>\n<meta property=\"article:modified_time\" content=\"2024-06-01T07:34:37+00:00\" \/>\n<meta property=\"og:image\" content=\"https:\/\/linwin-shop.bartmedia.eu\/wp-content\/uploads\/2024\/01\/f01de747-1e71-4ef2-86ff-740b3828917a_dc_ecommerce_big_jpg.jpg\" \/>\n\t<meta property=\"og:image:width\" content=\"964\" \/>\n\t<meta property=\"og:image:height\" content=\"728\" \/>\n\t<meta property=\"og:image:type\" content=\"image\/jpeg\" \/>\n<meta name=\"twitter:card\" content=\"summary_large_image\" \/>\n<meta name=\"twitter:label1\" content=\"Dur\u00e9e de lecture estim\u00e9e\" \/>\n\t<meta name=\"twitter:data1\" content=\"2 minutes\" \/>\n<script type=\"application\/ld+json\" class=\"yoast-schema-graph\">{\"@context\":\"https:\/\/schema.org\",\"@graph\":[{\"@type\":\"WebPage\",\"@id\":\"https:\/\/linwin-shop.bartmedia.eu\/index.php\/produit\/guide-a-billes-resist-nrii-kwd-015-sns-c1-n-0-4\/\",\"url\":\"https:\/\/linwin-shop.bartmedia.eu\/index.php\/produit\/guide-a-billes-resist-nrii-kwd-015-sns-c1-n-0-4\/\",\"name\":\"GUIDE \u00c0 BILLES RESIST NRII KWD-015-SNS-C1-N-0 -\",\"isPartOf\":{\"@id\":\"https:\/\/linwin-shop.bartmedia.eu\/#website\"},\"primaryImageOfPage\":{\"@id\":\"https:\/\/linwin-shop.bartmedia.eu\/index.php\/produit\/guide-a-billes-resist-nrii-kwd-015-sns-c1-n-0-4\/#primaryimage\"},\"image\":{\"@id\":\"https:\/\/linwin-shop.bartmedia.eu\/index.php\/produit\/guide-a-billes-resist-nrii-kwd-015-sns-c1-n-0-4\/#primaryimage\"},\"thumbnailUrl\":\"https:\/\/linwin-shop.bartmedia.eu\/wp-content\/uploads\/2024\/01\/f01de747-1e71-4ef2-86ff-740b3828917a_dc_ecommerce_big_jpg.jpg\",\"datePublished\":\"2024-01-23T21:32:28+00:00\",\"dateModified\":\"2024-06-01T07:34:37+00:00\",\"breadcrumb\":{\"@id\":\"https:\/\/linwin-shop.bartmedia.eu\/index.php\/produit\/guide-a-billes-resist-nrii-kwd-015-sns-c1-n-0-4\/#breadcrumb\"},\"inLanguage\":\"fr-FR\",\"potentialAction\":[{\"@type\":\"ReadAction\",\"target\":[\"https:\/\/linwin-shop.bartmedia.eu\/index.php\/produit\/guide-a-billes-resist-nrii-kwd-015-sns-c1-n-0-4\/\"]}]},{\"@type\":\"ImageObject\",\"inLanguage\":\"fr-FR\",\"@id\":\"https:\/\/linwin-shop.bartmedia.eu\/index.php\/produit\/guide-a-billes-resist-nrii-kwd-015-sns-c1-n-0-4\/#primaryimage\",\"url\":\"https:\/\/linwin-shop.bartmedia.eu\/wp-content\/uploads\/2024\/01\/f01de747-1e71-4ef2-86ff-740b3828917a_dc_ecommerce_big_jpg.jpg\",\"contentUrl\":\"https:\/\/linwin-shop.bartmedia.eu\/wp-content\/uploads\/2024\/01\/f01de747-1e71-4ef2-86ff-740b3828917a_dc_ecommerce_big_jpg.jpg\",\"width\":964,\"height\":728,\"caption\":\"Image produit GUIDE \u00c0 BILLES RESIST NRII KWD-020-SNS-C0-N-0\"},{\"@type\":\"BreadcrumbList\",\"@id\":\"https:\/\/linwin-shop.bartmedia.eu\/index.php\/produit\/guide-a-billes-resist-nrii-kwd-015-sns-c1-n-0-4\/#breadcrumb\",\"itemListElement\":[{\"@type\":\"ListItem\",\"position\":1,\"name\":\"Accueil\",\"item\":\"https:\/\/linwin-shop.bartmedia.eu\/\"},{\"@type\":\"ListItem\",\"position\":2,\"name\":\"Boutique\",\"item\":\"https:\/\/linwin-shop.bartmedia.eu\/index.php\/boutique\/\"},{\"@type\":\"ListItem\",\"position\":3,\"name\":\"GUIDE \u00c0 BILLES RESIST NRII KWD-015-SNS-C1-N-0\"}]},{\"@type\":\"WebSite\",\"@id\":\"https:\/\/linwin-shop.bartmedia.eu\/#website\",\"url\":\"https:\/\/linwin-shop.bartmedia.eu\/\",\"name\":\"\",\"description\":\"\",\"potentialAction\":[{\"@type\":\"SearchAction\",\"target\":{\"@type\":\"EntryPoint\",\"urlTemplate\":\"https:\/\/linwin-shop.bartmedia.eu\/?s={search_term_string}\"},\"query-input\":{\"@type\":\"PropertyValueSpecification\",\"valueRequired\":true,\"valueName\":\"search_term_string\"}}],\"inLanguage\":\"fr-FR\"}]}<\/script>\n<!-- \/ Yoast SEO plugin. -->","yoast_head_json":{"title":"GUIDE \u00c0 BILLES RESIST NRII KWD-015-SNS-C1-N-0 -","robots":{"index":"noindex","follow":"follow","max-snippet":"max-snippet:-1","max-image-preview":"max-image-preview:large","max-video-preview":"max-video-preview:-1"},"og_locale":"fr_FR","og_type":"article","og_title":"GUIDE \u00c0 BILLES RESIST NRII KWD-015-SNS-C1-N-0 -","og_description":"GUIDE \u00c0 BILLES RESIST NRII KWD-015-SNS-C1-N-0","og_url":"https:\/\/linwin-shop.bartmedia.eu\/index.php\/produit\/guide-a-billes-resist-nrii-kwd-015-sns-c1-n-0-4\/","article_modified_time":"2024-06-01T07:34:37+00:00","og_image":[{"width":964,"height":728,"url":"https:\/\/linwin-shop.bartmedia.eu\/wp-content\/uploads\/2024\/01\/f01de747-1e71-4ef2-86ff-740b3828917a_dc_ecommerce_big_jpg.jpg","type":"image\/jpeg"}],"twitter_card":"summary_large_image","twitter_misc":{"Dur\u00e9e de lecture estim\u00e9e":"2 minutes"},"schema":{"@context":"https:\/\/schema.org","@graph":[{"@type":"WebPage","@id":"https:\/\/linwin-shop.bartmedia.eu\/index.php\/produit\/guide-a-billes-resist-nrii-kwd-015-sns-c1-n-0-4\/","url":"https:\/\/linwin-shop.bartmedia.eu\/index.php\/produit\/guide-a-billes-resist-nrii-kwd-015-sns-c1-n-0-4\/","name":"GUIDE \u00c0 BILLES RESIST NRII KWD-015-SNS-C1-N-0 -","isPartOf":{"@id":"https:\/\/linwin-shop.bartmedia.eu\/#website"},"primaryImageOfPage":{"@id":"https:\/\/linwin-shop.bartmedia.eu\/index.php\/produit\/guide-a-billes-resist-nrii-kwd-015-sns-c1-n-0-4\/#primaryimage"},"image":{"@id":"https:\/\/linwin-shop.bartmedia.eu\/index.php\/produit\/guide-a-billes-resist-nrii-kwd-015-sns-c1-n-0-4\/#primaryimage"},"thumbnailUrl":"https:\/\/linwin-shop.bartmedia.eu\/wp-content\/uploads\/2024\/01\/f01de747-1e71-4ef2-86ff-740b3828917a_dc_ecommerce_big_jpg.jpg","datePublished":"2024-01-23T21:32:28+00:00","dateModified":"2024-06-01T07:34:37+00:00","breadcrumb":{"@id":"https:\/\/linwin-shop.bartmedia.eu\/index.php\/produit\/guide-a-billes-resist-nrii-kwd-015-sns-c1-n-0-4\/#breadcrumb"},"inLanguage":"fr-FR","potentialAction":[{"@type":"ReadAction","target":["https:\/\/linwin-shop.bartmedia.eu\/index.php\/produit\/guide-a-billes-resist-nrii-kwd-015-sns-c1-n-0-4\/"]}]},{"@type":"ImageObject","inLanguage":"fr-FR","@id":"https:\/\/linwin-shop.bartmedia.eu\/index.php\/produit\/guide-a-billes-resist-nrii-kwd-015-sns-c1-n-0-4\/#primaryimage","url":"https:\/\/linwin-shop.bartmedia.eu\/wp-content\/uploads\/2024\/01\/f01de747-1e71-4ef2-86ff-740b3828917a_dc_ecommerce_big_jpg.jpg","contentUrl":"https:\/\/linwin-shop.bartmedia.eu\/wp-content\/uploads\/2024\/01\/f01de747-1e71-4ef2-86ff-740b3828917a_dc_ecommerce_big_jpg.jpg","width":964,"height":728,"caption":"Image produit GUIDE \u00c0 BILLES RESIST NRII KWD-020-SNS-C0-N-0"},{"@type":"BreadcrumbList","@id":"https:\/\/linwin-shop.bartmedia.eu\/index.php\/produit\/guide-a-billes-resist-nrii-kwd-015-sns-c1-n-0-4\/#breadcrumb","itemListElement":[{"@type":"ListItem","position":1,"name":"Accueil","item":"https:\/\/linwin-shop.bartmedia.eu\/"},{"@type":"ListItem","position":2,"name":"Boutique","item":"https:\/\/linwin-shop.bartmedia.eu\/index.php\/boutique\/"},{"@type":"ListItem","position":3,"name":"GUIDE \u00c0 BILLES RESIST NRII KWD-015-SNS-C1-N-0"}]},{"@type":"WebSite","@id":"https:\/\/linwin-shop.bartmedia.eu\/#website","url":"https:\/\/linwin-shop.bartmedia.eu\/","name":"","description":"","potentialAction":[{"@type":"SearchAction","target":{"@type":"EntryPoint","urlTemplate":"https:\/\/linwin-shop.bartmedia.eu\/?s={search_term_string}"},"query-input":{"@type":"PropertyValueSpecification","valueRequired":true,"valueName":"search_term_string"}}],"inLanguage":"fr-FR"}]}},"jetpack_sharing_enabled":true,"_links":{"self":[{"href":"https:\/\/linwin-shop.bartmedia.eu\/index.php\/wp-json\/wp\/v2\/product\/16365","targetHints":{"allow":["GET"]}}],"collection":[{"href":"https:\/\/linwin-shop.bartmedia.eu\/index.php\/wp-json\/wp\/v2\/product"}],"about":[{"href":"https:\/\/linwin-shop.bartmedia.eu\/index.php\/wp-json\/wp\/v2\/types\/product"}],"replies":[{"embeddable":true,"href":"https:\/\/linwin-shop.bartmedia.eu\/index.php\/wp-json\/wp\/v2\/comments?post=16365"}],"wp:featuredmedia":[{"embeddable":true,"href":"https:\/\/linwin-shop.bartmedia.eu\/index.php\/wp-json\/wp\/v2\/media\/16285"}],"wp:attachment":[{"href":"https:\/\/linwin-shop.bartmedia.eu\/index.php\/wp-json\/wp\/v2\/media?parent=16365"}],"wp:term":[{"taxonomy":"product_cat","embeddable":true,"href":"https:\/\/linwin-shop.bartmedia.eu\/index.php\/wp-json\/wp\/v2\/product_cat?post=16365"},{"taxonomy":"product_tag","embeddable":true,"href":"https:\/\/linwin-shop.bartmedia.eu\/index.php\/wp-json\/wp\/v2\/product_tag?post=16365"}],"curies":[{"name":"wp","href":"https:\/\/api.w.org\/{rel}","templated":true}]}}