{"id":16657,"date":"2024-01-23T21:33:53","date_gmt":"2024-01-23T21:33:53","guid":{"rendered":"https:\/\/linwin-shop.bartmedia.eu\/index.php\/produit\/guide-a-billes-en-acier-au-carbone-kwd-045-sns-c2-x-1-3\/"},"modified":"2024-06-01T07:37:09","modified_gmt":"2024-06-01T07:37:09","slug":"guide-a-billes-en-acier-au-carbone-kwd-045-sns-c2-x-1-3","status":"publish","type":"product","link":"https:\/\/linwin-shop.bartmedia.eu\/index.php\/produit\/guide-a-billes-en-acier-au-carbone-kwd-045-sns-c2-x-1-3\/","title":{"rendered":"GUIDE \u00c0 BILLES EN ACIER AU CARBONE KWD-045-SNS-C2-X-1"},"content":{"rendered":"<h2>GUIDE \u00c0 BILLES EN ACIER AU CARBONE KWD-045-SNS-C2-X-1<\/h2>\n<h3>Bosch Rexroth<\/h3>\n<p>Le guide \u00e0\u00a0billes est tr\u00e8s pr\u00e9cis et poss\u00e8de les propri\u00e9t\u00e9s suivantes:<br \/>\nTaille de construction 45<br \/>\nMod\u00e8le SNS: Largeur = \u00e9troit, longueur = normal, hauteur = standard<br \/>\nCorps du chariot de guidage en acier au carbone CS<br \/>\nClasse de pr\u00e9charge C2: Pr\u00e9charge moyenne<br \/>\nClasse de pr\u00e9cision XP: Pr\u00e9cision extra<br \/>\nSans cage \u00e0\u00a0billes<br \/>\nPremi\u00e8re lubrification et conservation<br \/>\nGraisse pour roulements \u00e0 billes Dynalub 510<br \/>\nSans \u00e9l\u00e9ment \u00e0\u00a0rapporter \u00e0\u00a0gauche (bord de but\u00e9e avant)<br \/>\nSans \u00e9l\u00e9ment \u00e0\u00a0rapporter \u00e0\u00a0droite (bord de but\u00e9e avant)<br \/>\nRaccordement de lubrification droit fourni en vrac.<br \/>\nCorps du chariot de guidage en version standard<br \/>\nLongueur totale du chariot de guidage = 137,6\u00a0mm<br \/>\nConstruction interchangeable: Les chariots de guidage et les rails de guidage peuvent \u00eatre combin\u00e9s entre eux dans chaque pr\u00e9cision.<\/p>\n<ul>\n<li>Variations r\u00e9duites de la d\u00e9formation \u00e9lastique gr\u00e2ce \u00e0\u00a0la forme optimale de la zone d&rsquo;entr\u00e9e et au nombre \u00e9lev\u00e9 de billes<\/li>\n<li>Taraudage de fixation sur face avant pour l&rsquo;ensemble des pi\u00e8ces rapport\u00e9es<\/li>\n<li>Dispositif d&rsquo;\u00e9tanch\u00e9it\u00e9 int\u00e9gr\u00e9 assurant une \u00e9tanch\u00e9it\u00e9 compl\u00e8te<\/li>\n<li>Diff\u00e9rentes classes de pr\u00e9charge<\/li>\n<li>Les guides \u00e0 billes sont lubrifi\u00e9s en usine<\/li>\n<li>Adapt\u00e9 pour tous les rails \u00e0\u00a0billes SNS\/SNO<\/li>\n<li>Syst\u00e8me de lubrification minimale avec d\u00e9p\u00f4t int\u00e9gr\u00e9 en cas de lubrification \u00e0\u00a0l&rsquo;huile<\/li>\n<li>R\u00e9sistance \u00e9lev\u00e9e aux couples de rotation<\/li>\n<li>Capacit\u00e9s de charge \u00e9lev\u00e9es \u00e9gales dans les quatre directions principales de la charge<\/li>\n<li>Domaine d&rsquo;application: Pour encombrement lat\u00e9ral limit\u00e9<\/li>\n<li>Excellentes valeurs dynamiques<sup><\/sup><\/li>\n<li>Lubrification longue dur\u00e9e possible sur plusieurs ann\u00e9es<\/li>\n<li>Interchangeabilit\u00e9 illimit\u00e9e gr\u00e2ce aux nombreuses possibilit\u00e9s de combinaison de toutes les ex\u00e9cutions de rails \u00e0\u00a0billes avec toutes les variantes de guides \u00e0\u00a0billes dans chaque classe de pr\u00e9cision<\/li>\n<li>\u00c9l\u00e9ments rapport\u00e9s \u00e0\u00a0fixation par le haut sur le guide \u00e0\u00a0billes<\/li>\n<\/ul>\n<p>&nbsp;<\/p>\n<p>&nbsp;<br \/><a href=\"\/fiches_techniques\/CATR1622.pdf\" target=\"_blank\" class=\"tecF\">Fiche technique<\/a><\/p>\n","protected":false},"excerpt":{"rendered":"<p>GUIDE \u00c0 BILLES EN ACIER AU CARBONE KWD-045-SNS-C2-X-1<\/p>\n","protected":false},"featured_media":19055,"comment_status":"closed","ping_status":"open","template":"","meta":[],"product_cat":[3626],"product_tag":[],"class_list":{"0":"post-16657","1":"product","2":"type-product","3":"status-publish","4":"has-post-thumbnail","6":"product_cat-guide-a-billes","7":"pa_hauteur-du-chariot-de-guidage-50-3","9":"first","10":"instock","11":"taxable","12":"shipping-taxable","13":"product-type-simple"},"yoast_head":"<!-- This site is optimized with the Yoast SEO plugin v23.5 - https:\/\/yoast.com\/wordpress\/plugins\/seo\/ -->\n<title>GUIDE \u00c0 BILLES EN ACIER AU CARBONE KWD-045-SNS-C2-X-1 -<\/title>\n<meta name=\"robots\" content=\"noindex, follow, max-snippet:-1, max-image-preview:large, max-video-preview:-1\" \/>\n<meta property=\"og:locale\" content=\"fr_FR\" \/>\n<meta property=\"og:type\" content=\"article\" \/>\n<meta property=\"og:title\" content=\"GUIDE \u00c0 BILLES EN ACIER AU CARBONE KWD-045-SNS-C2-X-1 -\" \/>\n<meta property=\"og:description\" content=\"GUIDE \u00c0 BILLES EN ACIER AU CARBONE KWD-045-SNS-C2-X-1\" \/>\n<meta property=\"og:url\" content=\"https:\/\/linwin-shop.bartmedia.eu\/index.php\/produit\/guide-a-billes-en-acier-au-carbone-kwd-045-sns-c2-x-1-3\/\" \/>\n<meta property=\"article:modified_time\" content=\"2024-06-01T07:37:09+00:00\" \/>\n<meta property=\"og:image\" content=\"https:\/\/linwin-shop.bartmedia.eu\/wp-content\/uploads\/2024\/01\/16a55a96-3336-48ad-a693-7359ef4104d7_dc_ecommerce_big_jpg.jpg\" \/>\n\t<meta property=\"og:image:width\" content=\"963\" \/>\n\t<meta property=\"og:image:height\" content=\"728\" \/>\n\t<meta property=\"og:image:type\" content=\"image\/jpeg\" \/>\n<meta name=\"twitter:card\" content=\"summary_large_image\" \/>\n<meta name=\"twitter:label1\" content=\"Dur\u00e9e de lecture estim\u00e9e\" \/>\n\t<meta name=\"twitter:data1\" content=\"2 minutes\" \/>\n<script type=\"application\/ld+json\" class=\"yoast-schema-graph\">{\"@context\":\"https:\/\/schema.org\",\"@graph\":[{\"@type\":\"WebPage\",\"@id\":\"https:\/\/linwin-shop.bartmedia.eu\/index.php\/produit\/guide-a-billes-en-acier-au-carbone-kwd-045-sns-c2-x-1-3\/\",\"url\":\"https:\/\/linwin-shop.bartmedia.eu\/index.php\/produit\/guide-a-billes-en-acier-au-carbone-kwd-045-sns-c2-x-1-3\/\",\"name\":\"GUIDE \u00c0 BILLES EN ACIER AU CARBONE KWD-045-SNS-C2-X-1 -\",\"isPartOf\":{\"@id\":\"https:\/\/linwin-shop.bartmedia.eu\/#website\"},\"primaryImageOfPage\":{\"@id\":\"https:\/\/linwin-shop.bartmedia.eu\/index.php\/produit\/guide-a-billes-en-acier-au-carbone-kwd-045-sns-c2-x-1-3\/#primaryimage\"},\"image\":{\"@id\":\"https:\/\/linwin-shop.bartmedia.eu\/index.php\/produit\/guide-a-billes-en-acier-au-carbone-kwd-045-sns-c2-x-1-3\/#primaryimage\"},\"thumbnailUrl\":\"https:\/\/linwin-shop.bartmedia.eu\/wp-content\/uploads\/2024\/11\/CATR1622.jpg\",\"datePublished\":\"2024-01-23T21:33:53+00:00\",\"dateModified\":\"2024-06-01T07:37:09+00:00\",\"breadcrumb\":{\"@id\":\"https:\/\/linwin-shop.bartmedia.eu\/index.php\/produit\/guide-a-billes-en-acier-au-carbone-kwd-045-sns-c2-x-1-3\/#breadcrumb\"},\"inLanguage\":\"fr-FR\",\"potentialAction\":[{\"@type\":\"ReadAction\",\"target\":[\"https:\/\/linwin-shop.bartmedia.eu\/index.php\/produit\/guide-a-billes-en-acier-au-carbone-kwd-045-sns-c2-x-1-3\/\"]}]},{\"@type\":\"ImageObject\",\"inLanguage\":\"fr-FR\",\"@id\":\"https:\/\/linwin-shop.bartmedia.eu\/index.php\/produit\/guide-a-billes-en-acier-au-carbone-kwd-045-sns-c2-x-1-3\/#primaryimage\",\"url\":\"https:\/\/linwin-shop.bartmedia.eu\/wp-content\/uploads\/2024\/11\/CATR1622.jpg\",\"contentUrl\":\"https:\/\/linwin-shop.bartmedia.eu\/wp-content\/uploads\/2024\/11\/CATR1622.jpg\",\"width\":374,\"height\":237},{\"@type\":\"BreadcrumbList\",\"@id\":\"https:\/\/linwin-shop.bartmedia.eu\/index.php\/produit\/guide-a-billes-en-acier-au-carbone-kwd-045-sns-c2-x-1-3\/#breadcrumb\",\"itemListElement\":[{\"@type\":\"ListItem\",\"position\":1,\"name\":\"Accueil\",\"item\":\"https:\/\/linwin-shop.bartmedia.eu\/\"},{\"@type\":\"ListItem\",\"position\":2,\"name\":\"Boutique\",\"item\":\"https:\/\/linwin-shop.bartmedia.eu\/index.php\/boutique\/\"},{\"@type\":\"ListItem\",\"position\":3,\"name\":\"GUIDE \u00c0 BILLES EN ACIER AU CARBONE KWD-045-SNS-C2-X-1\"}]},{\"@type\":\"WebSite\",\"@id\":\"https:\/\/linwin-shop.bartmedia.eu\/#website\",\"url\":\"https:\/\/linwin-shop.bartmedia.eu\/\",\"name\":\"\",\"description\":\"\",\"potentialAction\":[{\"@type\":\"SearchAction\",\"target\":{\"@type\":\"EntryPoint\",\"urlTemplate\":\"https:\/\/linwin-shop.bartmedia.eu\/?s={search_term_string}\"},\"query-input\":{\"@type\":\"PropertyValueSpecification\",\"valueRequired\":true,\"valueName\":\"search_term_string\"}}],\"inLanguage\":\"fr-FR\"}]}<\/script>\n<!-- \/ Yoast SEO plugin. -->","yoast_head_json":{"title":"GUIDE \u00c0 BILLES EN ACIER AU CARBONE KWD-045-SNS-C2-X-1 -","robots":{"index":"noindex","follow":"follow","max-snippet":"max-snippet:-1","max-image-preview":"max-image-preview:large","max-video-preview":"max-video-preview:-1"},"og_locale":"fr_FR","og_type":"article","og_title":"GUIDE \u00c0 BILLES EN ACIER AU CARBONE KWD-045-SNS-C2-X-1 -","og_description":"GUIDE \u00c0 BILLES EN ACIER AU CARBONE KWD-045-SNS-C2-X-1","og_url":"https:\/\/linwin-shop.bartmedia.eu\/index.php\/produit\/guide-a-billes-en-acier-au-carbone-kwd-045-sns-c2-x-1-3\/","article_modified_time":"2024-06-01T07:37:09+00:00","og_image":[{"width":963,"height":728,"url":"https:\/\/linwin-shop.bartmedia.eu\/wp-content\/uploads\/2024\/01\/16a55a96-3336-48ad-a693-7359ef4104d7_dc_ecommerce_big_jpg.jpg","type":"image\/jpeg"}],"twitter_card":"summary_large_image","twitter_misc":{"Dur\u00e9e de lecture estim\u00e9e":"2 minutes"},"schema":{"@context":"https:\/\/schema.org","@graph":[{"@type":"WebPage","@id":"https:\/\/linwin-shop.bartmedia.eu\/index.php\/produit\/guide-a-billes-en-acier-au-carbone-kwd-045-sns-c2-x-1-3\/","url":"https:\/\/linwin-shop.bartmedia.eu\/index.php\/produit\/guide-a-billes-en-acier-au-carbone-kwd-045-sns-c2-x-1-3\/","name":"GUIDE \u00c0 BILLES EN ACIER AU CARBONE KWD-045-SNS-C2-X-1 -","isPartOf":{"@id":"https:\/\/linwin-shop.bartmedia.eu\/#website"},"primaryImageOfPage":{"@id":"https:\/\/linwin-shop.bartmedia.eu\/index.php\/produit\/guide-a-billes-en-acier-au-carbone-kwd-045-sns-c2-x-1-3\/#primaryimage"},"image":{"@id":"https:\/\/linwin-shop.bartmedia.eu\/index.php\/produit\/guide-a-billes-en-acier-au-carbone-kwd-045-sns-c2-x-1-3\/#primaryimage"},"thumbnailUrl":"https:\/\/linwin-shop.bartmedia.eu\/wp-content\/uploads\/2024\/11\/CATR1622.jpg","datePublished":"2024-01-23T21:33:53+00:00","dateModified":"2024-06-01T07:37:09+00:00","breadcrumb":{"@id":"https:\/\/linwin-shop.bartmedia.eu\/index.php\/produit\/guide-a-billes-en-acier-au-carbone-kwd-045-sns-c2-x-1-3\/#breadcrumb"},"inLanguage":"fr-FR","potentialAction":[{"@type":"ReadAction","target":["https:\/\/linwin-shop.bartmedia.eu\/index.php\/produit\/guide-a-billes-en-acier-au-carbone-kwd-045-sns-c2-x-1-3\/"]}]},{"@type":"ImageObject","inLanguage":"fr-FR","@id":"https:\/\/linwin-shop.bartmedia.eu\/index.php\/produit\/guide-a-billes-en-acier-au-carbone-kwd-045-sns-c2-x-1-3\/#primaryimage","url":"https:\/\/linwin-shop.bartmedia.eu\/wp-content\/uploads\/2024\/11\/CATR1622.jpg","contentUrl":"https:\/\/linwin-shop.bartmedia.eu\/wp-content\/uploads\/2024\/11\/CATR1622.jpg","width":374,"height":237},{"@type":"BreadcrumbList","@id":"https:\/\/linwin-shop.bartmedia.eu\/index.php\/produit\/guide-a-billes-en-acier-au-carbone-kwd-045-sns-c2-x-1-3\/#breadcrumb","itemListElement":[{"@type":"ListItem","position":1,"name":"Accueil","item":"https:\/\/linwin-shop.bartmedia.eu\/"},{"@type":"ListItem","position":2,"name":"Boutique","item":"https:\/\/linwin-shop.bartmedia.eu\/index.php\/boutique\/"},{"@type":"ListItem","position":3,"name":"GUIDE \u00c0 BILLES EN ACIER AU CARBONE KWD-045-SNS-C2-X-1"}]},{"@type":"WebSite","@id":"https:\/\/linwin-shop.bartmedia.eu\/#website","url":"https:\/\/linwin-shop.bartmedia.eu\/","name":"","description":"","potentialAction":[{"@type":"SearchAction","target":{"@type":"EntryPoint","urlTemplate":"https:\/\/linwin-shop.bartmedia.eu\/?s={search_term_string}"},"query-input":{"@type":"PropertyValueSpecification","valueRequired":true,"valueName":"search_term_string"}}],"inLanguage":"fr-FR"}]}},"jetpack_sharing_enabled":true,"_links":{"self":[{"href":"https:\/\/linwin-shop.bartmedia.eu\/index.php\/wp-json\/wp\/v2\/product\/16657","targetHints":{"allow":["GET"]}}],"collection":[{"href":"https:\/\/linwin-shop.bartmedia.eu\/index.php\/wp-json\/wp\/v2\/product"}],"about":[{"href":"https:\/\/linwin-shop.bartmedia.eu\/index.php\/wp-json\/wp\/v2\/types\/product"}],"replies":[{"embeddable":true,"href":"https:\/\/linwin-shop.bartmedia.eu\/index.php\/wp-json\/wp\/v2\/comments?post=16657"}],"wp:featuredmedia":[{"embeddable":true,"href":"https:\/\/linwin-shop.bartmedia.eu\/index.php\/wp-json\/wp\/v2\/media\/19055"}],"wp:attachment":[{"href":"https:\/\/linwin-shop.bartmedia.eu\/index.php\/wp-json\/wp\/v2\/media?parent=16657"}],"wp:term":[{"taxonomy":"product_cat","embeddable":true,"href":"https:\/\/linwin-shop.bartmedia.eu\/index.php\/wp-json\/wp\/v2\/product_cat?post=16657"},{"taxonomy":"product_tag","embeddable":true,"href":"https:\/\/linwin-shop.bartmedia.eu\/index.php\/wp-json\/wp\/v2\/product_tag?post=16657"}],"curies":[{"name":"wp","href":"https:\/\/api.w.org\/{rel}","templated":true}]}}