{"id":16825,"date":"2024-01-23T21:34:43","date_gmt":"2024-01-23T21:34:43","guid":{"rendered":"https:\/\/linwin-shop.bartmedia.eu\/index.php\/produit\/guide-a-billes-en-acier-au-carbone-kwc-035-bns-c2-n-2\/"},"modified":"2024-06-01T07:28:01","modified_gmt":"2024-06-01T07:28:01","slug":"guide-a-billes-en-acier-au-carbone-kwc-035-bns-c2-n-2","status":"publish","type":"product","link":"https:\/\/linwin-shop.bartmedia.eu\/index.php\/produit\/guide-a-billes-en-acier-au-carbone-kwc-035-bns-c2-n-2\/","title":{"rendered":"GUIDE \u00c0 BILLES EN ACIER AU CARBONE KWC-035-BNS-C2-N-2"},"content":{"rendered":"<h2>GUIDE \u00c0 BILLES EN ACIER AU CARBONE KWC-035-BNS-C2-N-2<\/h2>\n<h3>Bosch Rexroth<\/h3>\n<p>Le guide \u00e0\u00a0billes est tr\u00e8s pr\u00e9cis et poss\u00e8de les propri\u00e9t\u00e9s suivantes:<br \/>\nTaille de construction 35<br \/>\nMod\u00e8le BNS: Largeur = large, longueur = normal, hauteur = standard<br \/>\nCorps du chariot de guidage en acier au carbone CS<br \/>\nClasse de pr\u00e9charge C2: Pr\u00e9charge moyenne<br \/>\nClasse de pr\u00e9cision N: Normale<br \/>\nSans cage \u00e0\u00a0billes<br \/>\nConserv\u00e9<br \/>\nSans lubrification initiale<br \/>\nSans \u00e9l\u00e9ment \u00e0\u00a0rapporter \u00e0\u00a0gauche (bord de but\u00e9e avant)<br \/>\nSans \u00e9l\u00e9ment \u00e0\u00a0rapporter \u00e0\u00a0droite (bord de but\u00e9e avant)<br \/>\nGraisseur d\u2019angle 45\u00b0 fourni en vrac.<br \/>\nCorps du chariot de guidage en version standard<br \/>\nLongueur totale du chariot de guidage = 142,0\u00a0mm<br \/>\nConstruction interchangeable: Les chariots de guidage et les rails de guidage peuvent \u00eatre combin\u00e9s entre eux dans chaque pr\u00e9cision.<\/p>\n<p>&nbsp;<\/p>\n<p>&nbsp;<br \/><a href=\"\/fiches_techniques\/CATR1671.pdf\" target=\"_blank\" class=\"tecF\">Fiche technique<\/a><\/p>\n","protected":false},"excerpt":{"rendered":"<p>GUIDE \u00c0 BILLES EN ACIER AU CARBONE KWC-035-BNS-C2-N-2<\/p>\n","protected":false},"featured_media":19069,"comment_status":"closed","ping_status":"open","template":"","meta":[],"product_cat":[3623],"product_tag":[],"class_list":{"0":"post-16825","1":"product","2":"type-product","3":"status-publish","4":"has-post-thumbnail","6":"product_cat-guide-a-billes-large-rexroth","8":"first","9":"instock","10":"taxable","11":"shipping-taxable","12":"product-type-simple"},"yoast_head":"<!-- This site is optimized with the Yoast SEO plugin v23.5 - https:\/\/yoast.com\/wordpress\/plugins\/seo\/ -->\n<title>GUIDE \u00c0 BILLES EN ACIER AU CARBONE KWC-035-BNS-C2-N-2 -<\/title>\n<meta name=\"robots\" content=\"noindex, follow, max-snippet:-1, max-image-preview:large, max-video-preview:-1\" \/>\n<meta property=\"og:locale\" content=\"fr_FR\" \/>\n<meta property=\"og:type\" content=\"article\" \/>\n<meta property=\"og:title\" content=\"GUIDE \u00c0 BILLES EN ACIER AU CARBONE KWC-035-BNS-C2-N-2 -\" \/>\n<meta property=\"og:description\" content=\"GUIDE \u00c0 BILLES EN ACIER AU CARBONE KWC-035-BNS-C2-N-2\" \/>\n<meta property=\"og:url\" content=\"https:\/\/linwin-shop.bartmedia.eu\/index.php\/produit\/guide-a-billes-en-acier-au-carbone-kwc-035-bns-c2-n-2\/\" \/>\n<meta property=\"article:modified_time\" content=\"2024-06-01T07:28:01+00:00\" \/>\n<meta property=\"og:image\" content=\"https:\/\/linwin-shop.bartmedia.eu\/wp-content\/uploads\/2024\/01\/80edd447-0979-4b3d-91a0-fbbef068e4d4_dc_ecommerce_big_jpg.jpg\" \/>\n\t<meta property=\"og:image:width\" content=\"963\" \/>\n\t<meta property=\"og:image:height\" content=\"700\" \/>\n\t<meta property=\"og:image:type\" content=\"image\/jpeg\" \/>\n<meta name=\"twitter:card\" content=\"summary_large_image\" \/>\n<meta name=\"twitter:label1\" content=\"Dur\u00e9e de lecture estim\u00e9e\" \/>\n\t<meta name=\"twitter:data1\" content=\"1 minute\" \/>\n<script type=\"application\/ld+json\" class=\"yoast-schema-graph\">{\"@context\":\"https:\/\/schema.org\",\"@graph\":[{\"@type\":\"WebPage\",\"@id\":\"https:\/\/linwin-shop.bartmedia.eu\/index.php\/produit\/guide-a-billes-en-acier-au-carbone-kwc-035-bns-c2-n-2\/\",\"url\":\"https:\/\/linwin-shop.bartmedia.eu\/index.php\/produit\/guide-a-billes-en-acier-au-carbone-kwc-035-bns-c2-n-2\/\",\"name\":\"GUIDE \u00c0 BILLES EN ACIER AU CARBONE KWC-035-BNS-C2-N-2 -\",\"isPartOf\":{\"@id\":\"https:\/\/linwin-shop.bartmedia.eu\/#website\"},\"primaryImageOfPage\":{\"@id\":\"https:\/\/linwin-shop.bartmedia.eu\/index.php\/produit\/guide-a-billes-en-acier-au-carbone-kwc-035-bns-c2-n-2\/#primaryimage\"},\"image\":{\"@id\":\"https:\/\/linwin-shop.bartmedia.eu\/index.php\/produit\/guide-a-billes-en-acier-au-carbone-kwc-035-bns-c2-n-2\/#primaryimage\"},\"thumbnailUrl\":\"https:\/\/linwin-shop.bartmedia.eu\/wp-content\/uploads\/2024\/11\/CATR1671.jpg\",\"datePublished\":\"2024-01-23T21:34:43+00:00\",\"dateModified\":\"2024-06-01T07:28:01+00:00\",\"breadcrumb\":{\"@id\":\"https:\/\/linwin-shop.bartmedia.eu\/index.php\/produit\/guide-a-billes-en-acier-au-carbone-kwc-035-bns-c2-n-2\/#breadcrumb\"},\"inLanguage\":\"fr-FR\",\"potentialAction\":[{\"@type\":\"ReadAction\",\"target\":[\"https:\/\/linwin-shop.bartmedia.eu\/index.php\/produit\/guide-a-billes-en-acier-au-carbone-kwc-035-bns-c2-n-2\/\"]}]},{\"@type\":\"ImageObject\",\"inLanguage\":\"fr-FR\",\"@id\":\"https:\/\/linwin-shop.bartmedia.eu\/index.php\/produit\/guide-a-billes-en-acier-au-carbone-kwc-035-bns-c2-n-2\/#primaryimage\",\"url\":\"https:\/\/linwin-shop.bartmedia.eu\/wp-content\/uploads\/2024\/11\/CATR1671.jpg\",\"contentUrl\":\"https:\/\/linwin-shop.bartmedia.eu\/wp-content\/uploads\/2024\/11\/CATR1671.jpg\",\"width\":377,\"height\":298},{\"@type\":\"BreadcrumbList\",\"@id\":\"https:\/\/linwin-shop.bartmedia.eu\/index.php\/produit\/guide-a-billes-en-acier-au-carbone-kwc-035-bns-c2-n-2\/#breadcrumb\",\"itemListElement\":[{\"@type\":\"ListItem\",\"position\":1,\"name\":\"Accueil\",\"item\":\"https:\/\/linwin-shop.bartmedia.eu\/\"},{\"@type\":\"ListItem\",\"position\":2,\"name\":\"Boutique\",\"item\":\"https:\/\/linwin-shop.bartmedia.eu\/index.php\/boutique\/\"},{\"@type\":\"ListItem\",\"position\":3,\"name\":\"GUIDE \u00c0 BILLES EN ACIER AU CARBONE KWC-035-BNS-C2-N-2\"}]},{\"@type\":\"WebSite\",\"@id\":\"https:\/\/linwin-shop.bartmedia.eu\/#website\",\"url\":\"https:\/\/linwin-shop.bartmedia.eu\/\",\"name\":\"\",\"description\":\"\",\"potentialAction\":[{\"@type\":\"SearchAction\",\"target\":{\"@type\":\"EntryPoint\",\"urlTemplate\":\"https:\/\/linwin-shop.bartmedia.eu\/?s={search_term_string}\"},\"query-input\":{\"@type\":\"PropertyValueSpecification\",\"valueRequired\":true,\"valueName\":\"search_term_string\"}}],\"inLanguage\":\"fr-FR\"}]}<\/script>\n<!-- \/ Yoast SEO plugin. -->","yoast_head_json":{"title":"GUIDE \u00c0 BILLES EN ACIER AU CARBONE KWC-035-BNS-C2-N-2 -","robots":{"index":"noindex","follow":"follow","max-snippet":"max-snippet:-1","max-image-preview":"max-image-preview:large","max-video-preview":"max-video-preview:-1"},"og_locale":"fr_FR","og_type":"article","og_title":"GUIDE \u00c0 BILLES EN ACIER AU CARBONE KWC-035-BNS-C2-N-2 -","og_description":"GUIDE \u00c0 BILLES EN ACIER AU CARBONE KWC-035-BNS-C2-N-2","og_url":"https:\/\/linwin-shop.bartmedia.eu\/index.php\/produit\/guide-a-billes-en-acier-au-carbone-kwc-035-bns-c2-n-2\/","article_modified_time":"2024-06-01T07:28:01+00:00","og_image":[{"width":963,"height":700,"url":"https:\/\/linwin-shop.bartmedia.eu\/wp-content\/uploads\/2024\/01\/80edd447-0979-4b3d-91a0-fbbef068e4d4_dc_ecommerce_big_jpg.jpg","type":"image\/jpeg"}],"twitter_card":"summary_large_image","twitter_misc":{"Dur\u00e9e de lecture estim\u00e9e":"1 minute"},"schema":{"@context":"https:\/\/schema.org","@graph":[{"@type":"WebPage","@id":"https:\/\/linwin-shop.bartmedia.eu\/index.php\/produit\/guide-a-billes-en-acier-au-carbone-kwc-035-bns-c2-n-2\/","url":"https:\/\/linwin-shop.bartmedia.eu\/index.php\/produit\/guide-a-billes-en-acier-au-carbone-kwc-035-bns-c2-n-2\/","name":"GUIDE \u00c0 BILLES EN ACIER AU CARBONE KWC-035-BNS-C2-N-2 -","isPartOf":{"@id":"https:\/\/linwin-shop.bartmedia.eu\/#website"},"primaryImageOfPage":{"@id":"https:\/\/linwin-shop.bartmedia.eu\/index.php\/produit\/guide-a-billes-en-acier-au-carbone-kwc-035-bns-c2-n-2\/#primaryimage"},"image":{"@id":"https:\/\/linwin-shop.bartmedia.eu\/index.php\/produit\/guide-a-billes-en-acier-au-carbone-kwc-035-bns-c2-n-2\/#primaryimage"},"thumbnailUrl":"https:\/\/linwin-shop.bartmedia.eu\/wp-content\/uploads\/2024\/11\/CATR1671.jpg","datePublished":"2024-01-23T21:34:43+00:00","dateModified":"2024-06-01T07:28:01+00:00","breadcrumb":{"@id":"https:\/\/linwin-shop.bartmedia.eu\/index.php\/produit\/guide-a-billes-en-acier-au-carbone-kwc-035-bns-c2-n-2\/#breadcrumb"},"inLanguage":"fr-FR","potentialAction":[{"@type":"ReadAction","target":["https:\/\/linwin-shop.bartmedia.eu\/index.php\/produit\/guide-a-billes-en-acier-au-carbone-kwc-035-bns-c2-n-2\/"]}]},{"@type":"ImageObject","inLanguage":"fr-FR","@id":"https:\/\/linwin-shop.bartmedia.eu\/index.php\/produit\/guide-a-billes-en-acier-au-carbone-kwc-035-bns-c2-n-2\/#primaryimage","url":"https:\/\/linwin-shop.bartmedia.eu\/wp-content\/uploads\/2024\/11\/CATR1671.jpg","contentUrl":"https:\/\/linwin-shop.bartmedia.eu\/wp-content\/uploads\/2024\/11\/CATR1671.jpg","width":377,"height":298},{"@type":"BreadcrumbList","@id":"https:\/\/linwin-shop.bartmedia.eu\/index.php\/produit\/guide-a-billes-en-acier-au-carbone-kwc-035-bns-c2-n-2\/#breadcrumb","itemListElement":[{"@type":"ListItem","position":1,"name":"Accueil","item":"https:\/\/linwin-shop.bartmedia.eu\/"},{"@type":"ListItem","position":2,"name":"Boutique","item":"https:\/\/linwin-shop.bartmedia.eu\/index.php\/boutique\/"},{"@type":"ListItem","position":3,"name":"GUIDE \u00c0 BILLES EN ACIER AU CARBONE KWC-035-BNS-C2-N-2"}]},{"@type":"WebSite","@id":"https:\/\/linwin-shop.bartmedia.eu\/#website","url":"https:\/\/linwin-shop.bartmedia.eu\/","name":"","description":"","potentialAction":[{"@type":"SearchAction","target":{"@type":"EntryPoint","urlTemplate":"https:\/\/linwin-shop.bartmedia.eu\/?s={search_term_string}"},"query-input":{"@type":"PropertyValueSpecification","valueRequired":true,"valueName":"search_term_string"}}],"inLanguage":"fr-FR"}]}},"jetpack_sharing_enabled":true,"_links":{"self":[{"href":"https:\/\/linwin-shop.bartmedia.eu\/index.php\/wp-json\/wp\/v2\/product\/16825","targetHints":{"allow":["GET"]}}],"collection":[{"href":"https:\/\/linwin-shop.bartmedia.eu\/index.php\/wp-json\/wp\/v2\/product"}],"about":[{"href":"https:\/\/linwin-shop.bartmedia.eu\/index.php\/wp-json\/wp\/v2\/types\/product"}],"replies":[{"embeddable":true,"href":"https:\/\/linwin-shop.bartmedia.eu\/index.php\/wp-json\/wp\/v2\/comments?post=16825"}],"wp:featuredmedia":[{"embeddable":true,"href":"https:\/\/linwin-shop.bartmedia.eu\/index.php\/wp-json\/wp\/v2\/media\/19069"}],"wp:attachment":[{"href":"https:\/\/linwin-shop.bartmedia.eu\/index.php\/wp-json\/wp\/v2\/media?parent=16825"}],"wp:term":[{"taxonomy":"product_cat","embeddable":true,"href":"https:\/\/linwin-shop.bartmedia.eu\/index.php\/wp-json\/wp\/v2\/product_cat?post=16825"},{"taxonomy":"product_tag","embeddable":true,"href":"https:\/\/linwin-shop.bartmedia.eu\/index.php\/wp-json\/wp\/v2\/product_tag?post=16825"}],"curies":[{"name":"wp","href":"https:\/\/api.w.org\/{rel}","templated":true}]}}