{"id":16892,"date":"2024-01-23T21:35:08","date_gmt":"2024-01-23T21:35:08","guid":{"rendered":"https:\/\/linwin-shop.bartmedia.eu\/index.php\/produit\/rail-a-billes-en-acier-au-carbone-ksa-015-sns-n-ma-ak\/"},"modified":"2024-06-01T07:32:11","modified_gmt":"2024-06-01T07:32:11","slug":"rail-a-billes-en-acier-au-carbone-ksa-015-sns-n-ma-ak","status":"publish","type":"product","link":"https:\/\/linwin-shop.bartmedia.eu\/index.php\/produit\/rail-a-billes-en-acier-au-carbone-ksa-015-sns-n-ma-ak\/","title":{"rendered":"RAIL \u00c0 BILLES EN ACIER AU CARBONE KSA-015-SNS-N-MA-AK"},"content":{"rendered":"<h2>RAIL \u00c0 BILLES EN ACIER AU CARBONE KSA-015-SNS-N-MA-AK<\/h2>\n<h3>Bosch Rexroth<\/h3>\n<p>Le rail \u00e0 billes est tr\u00e8s pr\u00e9cis et poss\u00e8de les propri\u00e9t\u00e9s suivantes:<br \/>\nTaille de construction 15<br \/>\nMod\u00e8le SNS: Largeur = \u00e9troit, longueur = normal, hauteur = standard<br \/>\nRail de guidage en acier au carbone CS<br \/>\nFixation MA: Vissage par le haut<br \/>\nCouvercle AK: Capsules de protection en plastique<br \/>\nClasse de pr\u00e9cision normale<br \/>\nNombre de tron\u00e7ons: un tron\u00e7on<br \/>\nRail en version standard<\/p>\n<ul>\n<li>Pas d&rsquo;encombrement n\u00e9cessaire sur face avant<\/li>\n<li>\u00c0\u00a0fixation par le haut, avec capuchons de protection en plastique<\/li>\n<li>R\u00e9sistance \u00e9lev\u00e9e aux couples de rotation<\/li>\n<li>Rigidit\u00e9 maximale dans toutes les directions de la charge<\/li>\n<\/ul>\n<p>&nbsp;<\/p>\n<p>&nbsp;<\/p>\n","protected":false},"excerpt":{"rendered":"<p>RAIL \u00c0 BILLES EN ACIER AU CARBONE KSA-015-SNS-N-MA-AK<\/p>\n","protected":false},"featured_media":16893,"comment_status":"closed","ping_status":"open","template":"","meta":[],"product_cat":[15],"product_tag":[],"class_list":{"0":"post-16892","1":"product","2":"type-product","3":"status-publish","4":"has-post-thumbnail","6":"product_cat-non-classe","8":"first","9":"instock","10":"taxable","11":"shipping-taxable","12":"product-type-simple"},"yoast_head":"<!-- This site is optimized with the Yoast SEO plugin v23.5 - https:\/\/yoast.com\/wordpress\/plugins\/seo\/ -->\n<title>RAIL \u00c0 BILLES EN ACIER AU CARBONE KSA-015-SNS-N-MA-AK -<\/title>\n<meta name=\"robots\" content=\"noindex, follow, max-snippet:-1, max-image-preview:large, max-video-preview:-1\" \/>\n<meta property=\"og:locale\" content=\"fr_FR\" \/>\n<meta property=\"og:type\" content=\"article\" \/>\n<meta property=\"og:title\" content=\"RAIL \u00c0 BILLES EN ACIER AU CARBONE KSA-015-SNS-N-MA-AK -\" \/>\n<meta property=\"og:description\" content=\"RAIL \u00c0 BILLES EN ACIER AU CARBONE KSA-015-SNS-N-MA-AK\" \/>\n<meta property=\"og:url\" content=\"https:\/\/linwin-shop.bartmedia.eu\/index.php\/produit\/rail-a-billes-en-acier-au-carbone-ksa-015-sns-n-ma-ak\/\" \/>\n<meta property=\"article:modified_time\" content=\"2024-06-01T07:32:11+00:00\" \/>\n<meta property=\"og:image\" content=\"https:\/\/linwin-shop.bartmedia.eu\/wp-content\/uploads\/2024\/01\/25c7931c-8edd-4488-b3e9-8d248c71d2fb_dc_ecommerce_big_jpg.jpg\" \/>\n\t<meta property=\"og:image:width\" content=\"963\" \/>\n\t<meta property=\"og:image:height\" content=\"858\" \/>\n\t<meta property=\"og:image:type\" content=\"image\/jpeg\" \/>\n<meta name=\"twitter:card\" content=\"summary_large_image\" \/>\n<meta name=\"twitter:label1\" content=\"Dur\u00e9e de lecture estim\u00e9e\" \/>\n\t<meta name=\"twitter:data1\" content=\"1 minute\" \/>\n<script type=\"application\/ld+json\" class=\"yoast-schema-graph\">{\"@context\":\"https:\/\/schema.org\",\"@graph\":[{\"@type\":\"WebPage\",\"@id\":\"https:\/\/linwin-shop.bartmedia.eu\/index.php\/produit\/rail-a-billes-en-acier-au-carbone-ksa-015-sns-n-ma-ak\/\",\"url\":\"https:\/\/linwin-shop.bartmedia.eu\/index.php\/produit\/rail-a-billes-en-acier-au-carbone-ksa-015-sns-n-ma-ak\/\",\"name\":\"RAIL \u00c0 BILLES EN ACIER AU CARBONE KSA-015-SNS-N-MA-AK -\",\"isPartOf\":{\"@id\":\"https:\/\/linwin-shop.bartmedia.eu\/#website\"},\"primaryImageOfPage\":{\"@id\":\"https:\/\/linwin-shop.bartmedia.eu\/index.php\/produit\/rail-a-billes-en-acier-au-carbone-ksa-015-sns-n-ma-ak\/#primaryimage\"},\"image\":{\"@id\":\"https:\/\/linwin-shop.bartmedia.eu\/index.php\/produit\/rail-a-billes-en-acier-au-carbone-ksa-015-sns-n-ma-ak\/#primaryimage\"},\"thumbnailUrl\":\"https:\/\/linwin-shop.bartmedia.eu\/wp-content\/uploads\/2024\/01\/25c7931c-8edd-4488-b3e9-8d248c71d2fb_dc_ecommerce_big_jpg.jpg\",\"datePublished\":\"2024-01-23T21:35:08+00:00\",\"dateModified\":\"2024-06-01T07:32:11+00:00\",\"breadcrumb\":{\"@id\":\"https:\/\/linwin-shop.bartmedia.eu\/index.php\/produit\/rail-a-billes-en-acier-au-carbone-ksa-015-sns-n-ma-ak\/#breadcrumb\"},\"inLanguage\":\"fr-FR\",\"potentialAction\":[{\"@type\":\"ReadAction\",\"target\":[\"https:\/\/linwin-shop.bartmedia.eu\/index.php\/produit\/rail-a-billes-en-acier-au-carbone-ksa-015-sns-n-ma-ak\/\"]}]},{\"@type\":\"ImageObject\",\"inLanguage\":\"fr-FR\",\"@id\":\"https:\/\/linwin-shop.bartmedia.eu\/index.php\/produit\/rail-a-billes-en-acier-au-carbone-ksa-015-sns-n-ma-ak\/#primaryimage\",\"url\":\"https:\/\/linwin-shop.bartmedia.eu\/wp-content\/uploads\/2024\/01\/25c7931c-8edd-4488-b3e9-8d248c71d2fb_dc_ecommerce_big_jpg.jpg\",\"contentUrl\":\"https:\/\/linwin-shop.bartmedia.eu\/wp-content\/uploads\/2024\/01\/25c7931c-8edd-4488-b3e9-8d248c71d2fb_dc_ecommerce_big_jpg.jpg\",\"width\":963,\"height\":858,\"caption\":\"Image produit RAIL \u00c0 BILLES EN ACIER AU CARBONE KSA-015-SNS-N-MA-AK\"},{\"@type\":\"BreadcrumbList\",\"@id\":\"https:\/\/linwin-shop.bartmedia.eu\/index.php\/produit\/rail-a-billes-en-acier-au-carbone-ksa-015-sns-n-ma-ak\/#breadcrumb\",\"itemListElement\":[{\"@type\":\"ListItem\",\"position\":1,\"name\":\"Accueil\",\"item\":\"https:\/\/linwin-shop.bartmedia.eu\/\"},{\"@type\":\"ListItem\",\"position\":2,\"name\":\"Boutique\",\"item\":\"https:\/\/linwin-shop.bartmedia.eu\/index.php\/boutique\/\"},{\"@type\":\"ListItem\",\"position\":3,\"name\":\"RAIL \u00c0 BILLES EN ACIER AU CARBONE KSA-015-SNS-N-MA-AK\"}]},{\"@type\":\"WebSite\",\"@id\":\"https:\/\/linwin-shop.bartmedia.eu\/#website\",\"url\":\"https:\/\/linwin-shop.bartmedia.eu\/\",\"name\":\"\",\"description\":\"\",\"potentialAction\":[{\"@type\":\"SearchAction\",\"target\":{\"@type\":\"EntryPoint\",\"urlTemplate\":\"https:\/\/linwin-shop.bartmedia.eu\/?s={search_term_string}\"},\"query-input\":{\"@type\":\"PropertyValueSpecification\",\"valueRequired\":true,\"valueName\":\"search_term_string\"}}],\"inLanguage\":\"fr-FR\"}]}<\/script>\n<!-- \/ Yoast SEO plugin. -->","yoast_head_json":{"title":"RAIL \u00c0 BILLES EN ACIER AU CARBONE KSA-015-SNS-N-MA-AK -","robots":{"index":"noindex","follow":"follow","max-snippet":"max-snippet:-1","max-image-preview":"max-image-preview:large","max-video-preview":"max-video-preview:-1"},"og_locale":"fr_FR","og_type":"article","og_title":"RAIL \u00c0 BILLES EN ACIER AU CARBONE KSA-015-SNS-N-MA-AK -","og_description":"RAIL \u00c0 BILLES EN ACIER AU CARBONE KSA-015-SNS-N-MA-AK","og_url":"https:\/\/linwin-shop.bartmedia.eu\/index.php\/produit\/rail-a-billes-en-acier-au-carbone-ksa-015-sns-n-ma-ak\/","article_modified_time":"2024-06-01T07:32:11+00:00","og_image":[{"width":963,"height":858,"url":"https:\/\/linwin-shop.bartmedia.eu\/wp-content\/uploads\/2024\/01\/25c7931c-8edd-4488-b3e9-8d248c71d2fb_dc_ecommerce_big_jpg.jpg","type":"image\/jpeg"}],"twitter_card":"summary_large_image","twitter_misc":{"Dur\u00e9e de lecture estim\u00e9e":"1 minute"},"schema":{"@context":"https:\/\/schema.org","@graph":[{"@type":"WebPage","@id":"https:\/\/linwin-shop.bartmedia.eu\/index.php\/produit\/rail-a-billes-en-acier-au-carbone-ksa-015-sns-n-ma-ak\/","url":"https:\/\/linwin-shop.bartmedia.eu\/index.php\/produit\/rail-a-billes-en-acier-au-carbone-ksa-015-sns-n-ma-ak\/","name":"RAIL \u00c0 BILLES EN ACIER AU CARBONE KSA-015-SNS-N-MA-AK -","isPartOf":{"@id":"https:\/\/linwin-shop.bartmedia.eu\/#website"},"primaryImageOfPage":{"@id":"https:\/\/linwin-shop.bartmedia.eu\/index.php\/produit\/rail-a-billes-en-acier-au-carbone-ksa-015-sns-n-ma-ak\/#primaryimage"},"image":{"@id":"https:\/\/linwin-shop.bartmedia.eu\/index.php\/produit\/rail-a-billes-en-acier-au-carbone-ksa-015-sns-n-ma-ak\/#primaryimage"},"thumbnailUrl":"https:\/\/linwin-shop.bartmedia.eu\/wp-content\/uploads\/2024\/01\/25c7931c-8edd-4488-b3e9-8d248c71d2fb_dc_ecommerce_big_jpg.jpg","datePublished":"2024-01-23T21:35:08+00:00","dateModified":"2024-06-01T07:32:11+00:00","breadcrumb":{"@id":"https:\/\/linwin-shop.bartmedia.eu\/index.php\/produit\/rail-a-billes-en-acier-au-carbone-ksa-015-sns-n-ma-ak\/#breadcrumb"},"inLanguage":"fr-FR","potentialAction":[{"@type":"ReadAction","target":["https:\/\/linwin-shop.bartmedia.eu\/index.php\/produit\/rail-a-billes-en-acier-au-carbone-ksa-015-sns-n-ma-ak\/"]}]},{"@type":"ImageObject","inLanguage":"fr-FR","@id":"https:\/\/linwin-shop.bartmedia.eu\/index.php\/produit\/rail-a-billes-en-acier-au-carbone-ksa-015-sns-n-ma-ak\/#primaryimage","url":"https:\/\/linwin-shop.bartmedia.eu\/wp-content\/uploads\/2024\/01\/25c7931c-8edd-4488-b3e9-8d248c71d2fb_dc_ecommerce_big_jpg.jpg","contentUrl":"https:\/\/linwin-shop.bartmedia.eu\/wp-content\/uploads\/2024\/01\/25c7931c-8edd-4488-b3e9-8d248c71d2fb_dc_ecommerce_big_jpg.jpg","width":963,"height":858,"caption":"Image produit RAIL \u00c0 BILLES EN ACIER AU CARBONE KSA-015-SNS-N-MA-AK"},{"@type":"BreadcrumbList","@id":"https:\/\/linwin-shop.bartmedia.eu\/index.php\/produit\/rail-a-billes-en-acier-au-carbone-ksa-015-sns-n-ma-ak\/#breadcrumb","itemListElement":[{"@type":"ListItem","position":1,"name":"Accueil","item":"https:\/\/linwin-shop.bartmedia.eu\/"},{"@type":"ListItem","position":2,"name":"Boutique","item":"https:\/\/linwin-shop.bartmedia.eu\/index.php\/boutique\/"},{"@type":"ListItem","position":3,"name":"RAIL \u00c0 BILLES EN ACIER AU CARBONE KSA-015-SNS-N-MA-AK"}]},{"@type":"WebSite","@id":"https:\/\/linwin-shop.bartmedia.eu\/#website","url":"https:\/\/linwin-shop.bartmedia.eu\/","name":"","description":"","potentialAction":[{"@type":"SearchAction","target":{"@type":"EntryPoint","urlTemplate":"https:\/\/linwin-shop.bartmedia.eu\/?s={search_term_string}"},"query-input":{"@type":"PropertyValueSpecification","valueRequired":true,"valueName":"search_term_string"}}],"inLanguage":"fr-FR"}]}},"jetpack_sharing_enabled":true,"_links":{"self":[{"href":"https:\/\/linwin-shop.bartmedia.eu\/index.php\/wp-json\/wp\/v2\/product\/16892","targetHints":{"allow":["GET"]}}],"collection":[{"href":"https:\/\/linwin-shop.bartmedia.eu\/index.php\/wp-json\/wp\/v2\/product"}],"about":[{"href":"https:\/\/linwin-shop.bartmedia.eu\/index.php\/wp-json\/wp\/v2\/types\/product"}],"replies":[{"embeddable":true,"href":"https:\/\/linwin-shop.bartmedia.eu\/index.php\/wp-json\/wp\/v2\/comments?post=16892"}],"wp:featuredmedia":[{"embeddable":true,"href":"https:\/\/linwin-shop.bartmedia.eu\/index.php\/wp-json\/wp\/v2\/media\/16893"}],"wp:attachment":[{"href":"https:\/\/linwin-shop.bartmedia.eu\/index.php\/wp-json\/wp\/v2\/media?parent=16892"}],"wp:term":[{"taxonomy":"product_cat","embeddable":true,"href":"https:\/\/linwin-shop.bartmedia.eu\/index.php\/wp-json\/wp\/v2\/product_cat?post=16892"},{"taxonomy":"product_tag","embeddable":true,"href":"https:\/\/linwin-shop.bartmedia.eu\/index.php\/wp-json\/wp\/v2\/product_tag?post=16892"}],"curies":[{"name":"wp","href":"https:\/\/api.w.org\/{rel}","templated":true}]}}