{"id":16946,"date":"2024-01-23T21:35:22","date_gmt":"2024-01-23T21:35:22","guid":{"rendered":"https:\/\/linwin-shop.bartmedia.eu\/index.php\/produit\/guide-a-billes-nrfg-kwd-035-sns-c1-h-0\/"},"modified":"2024-11-15T14:53:17","modified_gmt":"2024-11-15T14:53:17","slug":"guide-a-billes-nrfg-kwd-035-sns-c1-h-0","status":"publish","type":"product","link":"https:\/\/linwin-shop.bartmedia.eu\/index.php\/produit\/guide-a-billes-nrfg-kwd-035-sns-c1-h-0\/","title":{"rendered":"Guide \u00e0 billes REXROTH NRFG KWD-035-SNS-C1-H-0"},"content":{"rendered":"<h2>GUIDE \u00c0 BILLES NRFG KWD-035-SNS-C1-H-0<\/h2>\n<h3>Bosch Rexroth<\/h3>\n<p>Le guide \u00e0\u00a0billes tr\u00e8s pr\u00e9cis en Resist NR convient pour l\u2019utilisation dans l\u2019industrie de l\u2019emballage et dans certains secteurs de l\u2019industrie alimentaire. En outre, il se distingue par les caract\u00e9ristiques du produit suivantes:<br \/>\nTaille de construction 35<br \/>\nMod\u00e8le SNS: Largeur = \u00e9troit, longueur = normal, hauteur = standard<br \/>\nCorps du chariot de guidage et toutes les pi\u00e8ces d\u2019acier en acier r\u00e9sistant \u00e0\u00a0la corrosion selon DIN\u00a010088<br \/>\nClasse de\u00a0pr\u00e9charge C1: Faible pr\u00e9charge<br \/>\nClasse de pr\u00e9cision H: \u00c9lev\u00e9e<br \/>\nSans cage \u00e0\u00a0billes<br \/>\nSans conservation<br \/>\nSans lubrification initiale<br \/>\nSans \u00e9l\u00e9ment \u00e0\u00a0rapporter \u00e0\u00a0gauche (bord de but\u00e9e avant)<br \/>\nSans \u00e9l\u00e9ment \u00e0\u00a0rapporter \u00e0\u00a0droite (bord de but\u00e9e avant)<br \/>\nRaccordement de lubrification droit fourni en vrac.<br \/>\nCorps du chariot de guidage en version standard<br \/>\nLongueur totale du chariot de guidage = 110,5\u00a0mm<br \/>\nConstruction interchangeable: Les chariots de guidage et les rails de guidage peuvent \u00eatre combin\u00e9s entre eux dans chaque pr\u00e9cision.<\/p>\n<ul>\n<li>Toutes les pi\u00e8ces en plastique sont en mat\u00e9riaux certifi\u00e9s<\/li>\n<li>Variations r\u00e9duites de la d\u00e9formation \u00e9lastique gr\u00e2ce \u00e0\u00a0la forme optimale de la zone d&rsquo;entr\u00e9e et au nombre \u00e9lev\u00e9 de billes<\/li>\n<li>Rigidit\u00e9 \u00e9lev\u00e9e dans toutes les directions de charge \u2013 de ce fait utilisable en tant que guide individuel<\/li>\n<li>Raccords de lubrification sur toutes les faces, avec filetage m\u00e9tallique<\/li>\n<li>Taraudage de fixation sur face avant pour l&rsquo;ensemble des pi\u00e8ces rapport\u00e9es<\/li>\n<li>Dispositif d&rsquo;\u00e9tanch\u00e9it\u00e9 int\u00e9gr\u00e9 assurant une \u00e9tanch\u00e9it\u00e9 compl\u00e8te<\/li>\n<li>Convient pour tous les rails \u00e0\u00a0billes SNS<\/li>\n<li>Fonctionnement silencieux et souple gr\u00e2ce \u00e0\u00a0la conception optimale de la recirculation et du guidage des billes<\/li>\n<li>Capacit\u00e9s de charge \u00e9lev\u00e9es \u00e9gales dans les quatre directions principales de la charge<\/li>\n<li>Excellentes valeurs dynamiques<sup><\/sup><\/li>\n<li>Lubrification longue dur\u00e9e possible sur plusieurs ann\u00e9es<\/li>\n<li>Interchangeabilit\u00e9 illimit\u00e9e gr\u00e2ce aux nombreuses possibilit\u00e9s de combinaison de toutes les ex\u00e9cutions de rails \u00e0\u00a0billes avec toutes les variantes de guides \u00e0\u00a0billes dans chaque classe de pr\u00e9cision<\/li>\n<li>Rigidit\u00e9 maximale du syst\u00e8me gr\u00e2ce \u00e0\u00a0une r\u00e9alisation en O pr\u00e9charg\u00e9e<\/li>\n<li>\u00c9l\u00e9ments rapport\u00e9s \u00e0\u00a0fixation par le haut sur le guide \u00e0\u00a0billes<\/li>\n<li>Toutes les pi\u00e8ces m\u00e9talliques sont fabriqu\u00e9es en acier r\u00e9sistant \u00e0\u00a0la corrosion<\/li>\n<\/ul>\n<p>&nbsp;<\/p>\n<p>&nbsp;<\/p>\n","protected":false},"excerpt":{"rendered":"<p>GUIDE \u00c0 BILLES NRFG KWD-035-SNS-C1-H-0<\/p>\n","protected":false},"featured_media":16942,"comment_status":"closed","ping_status":"open","template":"","meta":[],"product_cat":[3629],"product_tag":[],"class_list":{"0":"post-16946","1":"product","2":"type-product","3":"status-publish","4":"has-post-thumbnail","6":"product_cat-guide-a-billes-rexroth-nr","8":"first","9":"instock","10":"taxable","11":"shipping-taxable","12":"product-type-simple"},"yoast_head":"<!-- This site is optimized with the Yoast SEO plugin v23.5 - https:\/\/yoast.com\/wordpress\/plugins\/seo\/ -->\n<title>Guide \u00e0 billes REXROTH NRFG KWD-035-SNS-C1-H-0 -<\/title>\n<meta name=\"robots\" content=\"noindex, follow, max-snippet:-1, max-image-preview:large, max-video-preview:-1\" \/>\n<meta property=\"og:locale\" content=\"fr_FR\" \/>\n<meta property=\"og:type\" content=\"article\" \/>\n<meta property=\"og:title\" content=\"Guide \u00e0 billes REXROTH NRFG KWD-035-SNS-C1-H-0 -\" \/>\n<meta property=\"og:description\" content=\"GUIDE \u00c0 BILLES NRFG KWD-035-SNS-C1-H-0\" \/>\n<meta property=\"og:url\" content=\"https:\/\/linwin-shop.bartmedia.eu\/index.php\/produit\/guide-a-billes-nrfg-kwd-035-sns-c1-h-0\/\" \/>\n<meta property=\"article:modified_time\" content=\"2024-11-15T14:53:17+00:00\" \/>\n<meta property=\"og:image\" content=\"https:\/\/linwin-shop.bartmedia.eu\/wp-content\/uploads\/2024\/01\/b2925b1f-1341-4712-a06d-86fffa64e440_dc_ecommerce_big_jpg.jpg\" \/>\n\t<meta property=\"og:image:width\" content=\"964\" \/>\n\t<meta property=\"og:image:height\" content=\"730\" \/>\n\t<meta property=\"og:image:type\" content=\"image\/jpeg\" \/>\n<meta name=\"twitter:card\" content=\"summary_large_image\" \/>\n<meta name=\"twitter:label1\" content=\"Dur\u00e9e de lecture estim\u00e9e\" \/>\n\t<meta name=\"twitter:data1\" content=\"2 minutes\" \/>\n<script type=\"application\/ld+json\" class=\"yoast-schema-graph\">{\"@context\":\"https:\/\/schema.org\",\"@graph\":[{\"@type\":\"WebPage\",\"@id\":\"https:\/\/linwin-shop.bartmedia.eu\/index.php\/produit\/guide-a-billes-nrfg-kwd-035-sns-c1-h-0\/\",\"url\":\"https:\/\/linwin-shop.bartmedia.eu\/index.php\/produit\/guide-a-billes-nrfg-kwd-035-sns-c1-h-0\/\",\"name\":\"Guide \u00e0 billes REXROTH NRFG KWD-035-SNS-C1-H-0 -\",\"isPartOf\":{\"@id\":\"https:\/\/linwin-shop.bartmedia.eu\/#website\"},\"primaryImageOfPage\":{\"@id\":\"https:\/\/linwin-shop.bartmedia.eu\/index.php\/produit\/guide-a-billes-nrfg-kwd-035-sns-c1-h-0\/#primaryimage\"},\"image\":{\"@id\":\"https:\/\/linwin-shop.bartmedia.eu\/index.php\/produit\/guide-a-billes-nrfg-kwd-035-sns-c1-h-0\/#primaryimage\"},\"thumbnailUrl\":\"https:\/\/linwin-shop.bartmedia.eu\/wp-content\/uploads\/2024\/01\/b2925b1f-1341-4712-a06d-86fffa64e440_dc_ecommerce_big_jpg.jpg\",\"datePublished\":\"2024-01-23T21:35:22+00:00\",\"dateModified\":\"2024-11-15T14:53:17+00:00\",\"breadcrumb\":{\"@id\":\"https:\/\/linwin-shop.bartmedia.eu\/index.php\/produit\/guide-a-billes-nrfg-kwd-035-sns-c1-h-0\/#breadcrumb\"},\"inLanguage\":\"fr-FR\",\"potentialAction\":[{\"@type\":\"ReadAction\",\"target\":[\"https:\/\/linwin-shop.bartmedia.eu\/index.php\/produit\/guide-a-billes-nrfg-kwd-035-sns-c1-h-0\/\"]}]},{\"@type\":\"ImageObject\",\"inLanguage\":\"fr-FR\",\"@id\":\"https:\/\/linwin-shop.bartmedia.eu\/index.php\/produit\/guide-a-billes-nrfg-kwd-035-sns-c1-h-0\/#primaryimage\",\"url\":\"https:\/\/linwin-shop.bartmedia.eu\/wp-content\/uploads\/2024\/01\/b2925b1f-1341-4712-a06d-86fffa64e440_dc_ecommerce_big_jpg.jpg\",\"contentUrl\":\"https:\/\/linwin-shop.bartmedia.eu\/wp-content\/uploads\/2024\/01\/b2925b1f-1341-4712-a06d-86fffa64e440_dc_ecommerce_big_jpg.jpg\",\"width\":964,\"height\":730,\"caption\":\"Image produit GUIDE \u00c0 BILLES NRFG KWD-020-SNS-C0-H-0\"},{\"@type\":\"BreadcrumbList\",\"@id\":\"https:\/\/linwin-shop.bartmedia.eu\/index.php\/produit\/guide-a-billes-nrfg-kwd-035-sns-c1-h-0\/#breadcrumb\",\"itemListElement\":[{\"@type\":\"ListItem\",\"position\":1,\"name\":\"Accueil\",\"item\":\"https:\/\/linwin-shop.bartmedia.eu\/\"},{\"@type\":\"ListItem\",\"position\":2,\"name\":\"Boutique\",\"item\":\"https:\/\/linwin-shop.bartmedia.eu\/index.php\/boutique\/\"},{\"@type\":\"ListItem\",\"position\":3,\"name\":\"Guide \u00e0 billes REXROTH NRFG KWD-035-SNS-C1-H-0\"}]},{\"@type\":\"WebSite\",\"@id\":\"https:\/\/linwin-shop.bartmedia.eu\/#website\",\"url\":\"https:\/\/linwin-shop.bartmedia.eu\/\",\"name\":\"\",\"description\":\"\",\"potentialAction\":[{\"@type\":\"SearchAction\",\"target\":{\"@type\":\"EntryPoint\",\"urlTemplate\":\"https:\/\/linwin-shop.bartmedia.eu\/?s={search_term_string}\"},\"query-input\":{\"@type\":\"PropertyValueSpecification\",\"valueRequired\":true,\"valueName\":\"search_term_string\"}}],\"inLanguage\":\"fr-FR\"}]}<\/script>\n<!-- \/ Yoast SEO plugin. -->","yoast_head_json":{"title":"Guide \u00e0 billes REXROTH NRFG KWD-035-SNS-C1-H-0 -","robots":{"index":"noindex","follow":"follow","max-snippet":"max-snippet:-1","max-image-preview":"max-image-preview:large","max-video-preview":"max-video-preview:-1"},"og_locale":"fr_FR","og_type":"article","og_title":"Guide \u00e0 billes REXROTH NRFG KWD-035-SNS-C1-H-0 -","og_description":"GUIDE \u00c0 BILLES NRFG KWD-035-SNS-C1-H-0","og_url":"https:\/\/linwin-shop.bartmedia.eu\/index.php\/produit\/guide-a-billes-nrfg-kwd-035-sns-c1-h-0\/","article_modified_time":"2024-11-15T14:53:17+00:00","og_image":[{"width":964,"height":730,"url":"https:\/\/linwin-shop.bartmedia.eu\/wp-content\/uploads\/2024\/01\/b2925b1f-1341-4712-a06d-86fffa64e440_dc_ecommerce_big_jpg.jpg","type":"image\/jpeg"}],"twitter_card":"summary_large_image","twitter_misc":{"Dur\u00e9e de lecture estim\u00e9e":"2 minutes"},"schema":{"@context":"https:\/\/schema.org","@graph":[{"@type":"WebPage","@id":"https:\/\/linwin-shop.bartmedia.eu\/index.php\/produit\/guide-a-billes-nrfg-kwd-035-sns-c1-h-0\/","url":"https:\/\/linwin-shop.bartmedia.eu\/index.php\/produit\/guide-a-billes-nrfg-kwd-035-sns-c1-h-0\/","name":"Guide \u00e0 billes REXROTH NRFG KWD-035-SNS-C1-H-0 -","isPartOf":{"@id":"https:\/\/linwin-shop.bartmedia.eu\/#website"},"primaryImageOfPage":{"@id":"https:\/\/linwin-shop.bartmedia.eu\/index.php\/produit\/guide-a-billes-nrfg-kwd-035-sns-c1-h-0\/#primaryimage"},"image":{"@id":"https:\/\/linwin-shop.bartmedia.eu\/index.php\/produit\/guide-a-billes-nrfg-kwd-035-sns-c1-h-0\/#primaryimage"},"thumbnailUrl":"https:\/\/linwin-shop.bartmedia.eu\/wp-content\/uploads\/2024\/01\/b2925b1f-1341-4712-a06d-86fffa64e440_dc_ecommerce_big_jpg.jpg","datePublished":"2024-01-23T21:35:22+00:00","dateModified":"2024-11-15T14:53:17+00:00","breadcrumb":{"@id":"https:\/\/linwin-shop.bartmedia.eu\/index.php\/produit\/guide-a-billes-nrfg-kwd-035-sns-c1-h-0\/#breadcrumb"},"inLanguage":"fr-FR","potentialAction":[{"@type":"ReadAction","target":["https:\/\/linwin-shop.bartmedia.eu\/index.php\/produit\/guide-a-billes-nrfg-kwd-035-sns-c1-h-0\/"]}]},{"@type":"ImageObject","inLanguage":"fr-FR","@id":"https:\/\/linwin-shop.bartmedia.eu\/index.php\/produit\/guide-a-billes-nrfg-kwd-035-sns-c1-h-0\/#primaryimage","url":"https:\/\/linwin-shop.bartmedia.eu\/wp-content\/uploads\/2024\/01\/b2925b1f-1341-4712-a06d-86fffa64e440_dc_ecommerce_big_jpg.jpg","contentUrl":"https:\/\/linwin-shop.bartmedia.eu\/wp-content\/uploads\/2024\/01\/b2925b1f-1341-4712-a06d-86fffa64e440_dc_ecommerce_big_jpg.jpg","width":964,"height":730,"caption":"Image produit GUIDE \u00c0 BILLES NRFG KWD-020-SNS-C0-H-0"},{"@type":"BreadcrumbList","@id":"https:\/\/linwin-shop.bartmedia.eu\/index.php\/produit\/guide-a-billes-nrfg-kwd-035-sns-c1-h-0\/#breadcrumb","itemListElement":[{"@type":"ListItem","position":1,"name":"Accueil","item":"https:\/\/linwin-shop.bartmedia.eu\/"},{"@type":"ListItem","position":2,"name":"Boutique","item":"https:\/\/linwin-shop.bartmedia.eu\/index.php\/boutique\/"},{"@type":"ListItem","position":3,"name":"Guide \u00e0 billes REXROTH NRFG KWD-035-SNS-C1-H-0"}]},{"@type":"WebSite","@id":"https:\/\/linwin-shop.bartmedia.eu\/#website","url":"https:\/\/linwin-shop.bartmedia.eu\/","name":"","description":"","potentialAction":[{"@type":"SearchAction","target":{"@type":"EntryPoint","urlTemplate":"https:\/\/linwin-shop.bartmedia.eu\/?s={search_term_string}"},"query-input":{"@type":"PropertyValueSpecification","valueRequired":true,"valueName":"search_term_string"}}],"inLanguage":"fr-FR"}]}},"jetpack_sharing_enabled":true,"_links":{"self":[{"href":"https:\/\/linwin-shop.bartmedia.eu\/index.php\/wp-json\/wp\/v2\/product\/16946","targetHints":{"allow":["GET"]}}],"collection":[{"href":"https:\/\/linwin-shop.bartmedia.eu\/index.php\/wp-json\/wp\/v2\/product"}],"about":[{"href":"https:\/\/linwin-shop.bartmedia.eu\/index.php\/wp-json\/wp\/v2\/types\/product"}],"replies":[{"embeddable":true,"href":"https:\/\/linwin-shop.bartmedia.eu\/index.php\/wp-json\/wp\/v2\/comments?post=16946"}],"wp:featuredmedia":[{"embeddable":true,"href":"https:\/\/linwin-shop.bartmedia.eu\/index.php\/wp-json\/wp\/v2\/media\/16942"}],"wp:attachment":[{"href":"https:\/\/linwin-shop.bartmedia.eu\/index.php\/wp-json\/wp\/v2\/media?parent=16946"}],"wp:term":[{"taxonomy":"product_cat","embeddable":true,"href":"https:\/\/linwin-shop.bartmedia.eu\/index.php\/wp-json\/wp\/v2\/product_cat?post=16946"},{"taxonomy":"product_tag","embeddable":true,"href":"https:\/\/linwin-shop.bartmedia.eu\/index.php\/wp-json\/wp\/v2\/product_tag?post=16946"}],"curies":[{"name":"wp","href":"https:\/\/api.w.org\/{rel}","templated":true}]}}