{"id":17103,"date":"2024-01-23T21:36:13","date_gmt":"2024-01-23T21:36:13","guid":{"rendered":"https:\/\/linwin-shop.bartmedia.eu\/index.php\/produit\/guide-a-rouleaux-en-acier-au-carbone-rwd-025-slh-c2-h-2\/"},"modified":"2024-11-15T14:53:10","modified_gmt":"2024-11-15T14:53:10","slug":"guide-a-rouleaux-en-acier-au-carbone-rwd-025-slh-c2-h-2","status":"publish","type":"product","link":"https:\/\/linwin-shop.bartmedia.eu\/index.php\/produit\/guide-a-rouleaux-en-acier-au-carbone-rwd-025-slh-c2-h-2\/","title":{"rendered":"GUIDE A ROULEAUX REXROTH CS RWD-025-SLH-C2-H2"},"content":{"rendered":"<h2>GUIDE \u00c0 ROULEAUX EN ACIER AU CARBONE RWD-025-SLH-C2-H-2<\/h2>\n<h3>Bosch Rexroth<\/h3>\n<p>Le guide \u00e0\u00a0rouleaux est tr\u00e8s pr\u00e9cis et poss\u00e8de les propri\u00e9t\u00e9s suivantes:<br \/>\nTaille de construction 25<br \/>\nMod\u00e8le SLH: largeur = \u00e9troit, longueur = long, hauteur = haut<br \/>\nCorps du chariot de guidage en acier au carbone CS<br \/>\nClasse de pr\u00e9contrainte C2: pr\u00e9charge moyenne<br \/>\nClasse de pr\u00e9cision H: \u00e9lev\u00e9e<br \/>\nSans cha\u00eene \u00e0\u00a0rouleaux<br \/>\nConserv\u00e9<br \/>\nSans lubrification initiale<br \/>\nSans \u00e9l\u00e9ment \u00e0\u00a0rapporter \u00e0\u00a0gauche (bord de but\u00e9e avant)<br \/>\nSans \u00e9l\u00e9ment \u00e0\u00a0rapporter \u00e0\u00a0droite (bord de but\u00e9e avant)<br \/>\nRaccordement de lubrification droit fourni en vrac.<br \/>\nCorps du chariot de guidage en version standard<br \/>\nLongueur totale du chariot de guidage =  115,0 mm<br \/>\nConstruction interchangeable: les chariots de guidage et les rails de guidage peuvent \u00eatre combin\u00e9s entre eux dans chaque pr\u00e9cision.<\/p>\n<ul>\n<li>Tailles 25 et 65<\/li>\n<li>Fonctionnement souple et silencieux gr\u00e2ce \u00e0\u00a0la conception optimale du renvoi et du guidage des rouleaux<\/li>\n<li>Classes de pr\u00e9charge de C1 \u00e0\u00a0C5<\/li>\n<li>Versions avec racleurs DS, SS ou AS<\/li>\n<li>R\u00e9sistance \u00e9lev\u00e9e aux couples de rotation<\/li>\n<li>Graisseurs pouvant \u00eatre fix\u00e9s sur toutes les faces, assurant un entretien ais\u00e9<\/li>\n<li>Capacit\u00e9s de charge \u00e9lev\u00e9es \u00e9gales dans les quatre directions principales de la charge<\/li>\n<li>Rigidit\u00e9 tr\u00e8s \u00e9lev\u00e9e quelle que soit la direction dans laquelle la charge est appliqu\u00e9e gr\u00e2ce \u00e0\u00a0une fixation par les deux al\u00e9sages compl\u00e9mentaires dispos\u00e9s sur l&rsquo;axe m\u00e9dian du guide \u00e0\u00a0rouleaux<\/li>\n<li>Faible quantit\u00e9 de lubrifiant gr\u00e2ce \u00e0\u00a0la nouvelle conception des canaux de lubrification<\/li>\n<li>Interchangeabilit\u00e9 illimit\u00e9e<\/li>\n<li>Accessoires vissables simplement sur la face avant du guide \u00e0\u00a0rouleaux<\/li>\n<li>Pi\u00e8ces rapport\u00e9es sur le guide \u00e0\u00a0rouleaux \u00e0\u00a0fixation par le haut et par le bas<\/li>\n<li>Faible d\u00e9formation \u00e9lastique et pr\u00e9cision maximale gr\u00e2ce \u00e0\u00a0la forme id\u00e9ale de la zone d&rsquo;entr\u00e9e et au nombre \u00e9lev\u00e9 de rouleaux<\/li>\n<li>Dispositif d&rsquo;\u00e9tanch\u00e9it\u00e9 int\u00e9gr\u00e9 assurant une \u00e9tanch\u00e9it\u00e9 compl\u00e8te en s\u00e9rie<\/li>\n<li>Le guide \u00e0\u00a0rouleaux s&rsquo;installe facilement sur le rail avec son dispositif de transport.<\/li>\n<li>Nombreuses possibilit\u00e9s de combinaisons de toutes les ex\u00e9cutions de rails de guidage avec toutes les variantes de guides \u00e0\u00a0rouleaux<\/li>\n<\/ul>\n<p>&nbsp;<\/p>\n<p>&nbsp;<br \/><a href=\"\/fiches_techniques\/CATR1824.pdf\" target=\"_blank\" class=\"tecF\">Fiche technique<\/a><\/p>\n","protected":false},"excerpt":{"rendered":"<p>GUIDE \u00c0 ROULEAUX EN ACIER AU CARBONE RWD-025-SLH-C2-H-2<\/p>\n","protected":false},"featured_media":19081,"comment_status":"closed","ping_status":"open","template":"","meta":[],"product_cat":[3633],"product_tag":[],"class_list":{"0":"post-17103","1":"product","2":"type-product","3":"status-publish","4":"has-post-thumbnail","6":"product_cat-guide-a-rouleaux-rexroth","7":"pa_hauteur-du-chariot-de-guidage-2942","9":"first","10":"instock","11":"taxable","12":"shipping-taxable","13":"product-type-simple"},"yoast_head":"<!-- This site is optimized with the Yoast SEO plugin v23.5 - https:\/\/yoast.com\/wordpress\/plugins\/seo\/ -->\n<title>GUIDE A ROULEAUX REXROTH CS RWD-025-SLH-C2-H2 -<\/title>\n<meta name=\"robots\" content=\"noindex, follow, max-snippet:-1, max-image-preview:large, max-video-preview:-1\" \/>\n<meta property=\"og:locale\" content=\"fr_FR\" \/>\n<meta property=\"og:type\" content=\"article\" \/>\n<meta property=\"og:title\" content=\"GUIDE A ROULEAUX REXROTH CS RWD-025-SLH-C2-H2 -\" \/>\n<meta property=\"og:description\" content=\"GUIDE \u00c0 ROULEAUX EN ACIER AU CARBONE RWD-025-SLH-C2-H-2\" \/>\n<meta property=\"og:url\" content=\"https:\/\/linwin-shop.bartmedia.eu\/index.php\/produit\/guide-a-rouleaux-en-acier-au-carbone-rwd-025-slh-c2-h-2\/\" \/>\n<meta property=\"article:modified_time\" content=\"2024-11-15T14:53:10+00:00\" \/>\n<meta property=\"og:image\" content=\"https:\/\/linwin-shop.bartmedia.eu\/wp-content\/uploads\/2024\/11\/CATR1824.jpg\" \/>\n\t<meta property=\"og:image:width\" content=\"372\" \/>\n\t<meta property=\"og:image:height\" content=\"174\" \/>\n\t<meta property=\"og:image:type\" content=\"image\/jpeg\" \/>\n<meta name=\"twitter:card\" content=\"summary_large_image\" \/>\n<meta name=\"twitter:label1\" content=\"Dur\u00e9e de lecture estim\u00e9e\" \/>\n\t<meta name=\"twitter:data1\" content=\"2 minutes\" \/>\n<script type=\"application\/ld+json\" class=\"yoast-schema-graph\">{\"@context\":\"https:\/\/schema.org\",\"@graph\":[{\"@type\":\"WebPage\",\"@id\":\"https:\/\/linwin-shop.bartmedia.eu\/index.php\/produit\/guide-a-rouleaux-en-acier-au-carbone-rwd-025-slh-c2-h-2\/\",\"url\":\"https:\/\/linwin-shop.bartmedia.eu\/index.php\/produit\/guide-a-rouleaux-en-acier-au-carbone-rwd-025-slh-c2-h-2\/\",\"name\":\"GUIDE A ROULEAUX REXROTH CS RWD-025-SLH-C2-H2 -\",\"isPartOf\":{\"@id\":\"https:\/\/linwin-shop.bartmedia.eu\/#website\"},\"primaryImageOfPage\":{\"@id\":\"https:\/\/linwin-shop.bartmedia.eu\/index.php\/produit\/guide-a-rouleaux-en-acier-au-carbone-rwd-025-slh-c2-h-2\/#primaryimage\"},\"image\":{\"@id\":\"https:\/\/linwin-shop.bartmedia.eu\/index.php\/produit\/guide-a-rouleaux-en-acier-au-carbone-rwd-025-slh-c2-h-2\/#primaryimage\"},\"thumbnailUrl\":\"https:\/\/linwin-shop.bartmedia.eu\/wp-content\/uploads\/2024\/11\/CATR1824.jpg\",\"datePublished\":\"2024-01-23T21:36:13+00:00\",\"dateModified\":\"2024-11-15T14:53:10+00:00\",\"breadcrumb\":{\"@id\":\"https:\/\/linwin-shop.bartmedia.eu\/index.php\/produit\/guide-a-rouleaux-en-acier-au-carbone-rwd-025-slh-c2-h-2\/#breadcrumb\"},\"inLanguage\":\"fr-FR\",\"potentialAction\":[{\"@type\":\"ReadAction\",\"target\":[\"https:\/\/linwin-shop.bartmedia.eu\/index.php\/produit\/guide-a-rouleaux-en-acier-au-carbone-rwd-025-slh-c2-h-2\/\"]}]},{\"@type\":\"ImageObject\",\"inLanguage\":\"fr-FR\",\"@id\":\"https:\/\/linwin-shop.bartmedia.eu\/index.php\/produit\/guide-a-rouleaux-en-acier-au-carbone-rwd-025-slh-c2-h-2\/#primaryimage\",\"url\":\"https:\/\/linwin-shop.bartmedia.eu\/wp-content\/uploads\/2024\/11\/CATR1824.jpg\",\"contentUrl\":\"https:\/\/linwin-shop.bartmedia.eu\/wp-content\/uploads\/2024\/11\/CATR1824.jpg\",\"width\":372,\"height\":174},{\"@type\":\"BreadcrumbList\",\"@id\":\"https:\/\/linwin-shop.bartmedia.eu\/index.php\/produit\/guide-a-rouleaux-en-acier-au-carbone-rwd-025-slh-c2-h-2\/#breadcrumb\",\"itemListElement\":[{\"@type\":\"ListItem\",\"position\":1,\"name\":\"Accueil\",\"item\":\"https:\/\/linwin-shop.bartmedia.eu\/\"},{\"@type\":\"ListItem\",\"position\":2,\"name\":\"Boutique\",\"item\":\"https:\/\/linwin-shop.bartmedia.eu\/index.php\/boutique\/\"},{\"@type\":\"ListItem\",\"position\":3,\"name\":\"GUIDE A ROULEAUX REXROTH CS RWD-025-SLH-C2-H2\"}]},{\"@type\":\"WebSite\",\"@id\":\"https:\/\/linwin-shop.bartmedia.eu\/#website\",\"url\":\"https:\/\/linwin-shop.bartmedia.eu\/\",\"name\":\"\",\"description\":\"\",\"potentialAction\":[{\"@type\":\"SearchAction\",\"target\":{\"@type\":\"EntryPoint\",\"urlTemplate\":\"https:\/\/linwin-shop.bartmedia.eu\/?s={search_term_string}\"},\"query-input\":{\"@type\":\"PropertyValueSpecification\",\"valueRequired\":true,\"valueName\":\"search_term_string\"}}],\"inLanguage\":\"fr-FR\"}]}<\/script>\n<!-- \/ Yoast SEO plugin. -->","yoast_head_json":{"title":"GUIDE A ROULEAUX REXROTH CS RWD-025-SLH-C2-H2 -","robots":{"index":"noindex","follow":"follow","max-snippet":"max-snippet:-1","max-image-preview":"max-image-preview:large","max-video-preview":"max-video-preview:-1"},"og_locale":"fr_FR","og_type":"article","og_title":"GUIDE A ROULEAUX REXROTH CS RWD-025-SLH-C2-H2 -","og_description":"GUIDE \u00c0 ROULEAUX EN ACIER AU CARBONE RWD-025-SLH-C2-H-2","og_url":"https:\/\/linwin-shop.bartmedia.eu\/index.php\/produit\/guide-a-rouleaux-en-acier-au-carbone-rwd-025-slh-c2-h-2\/","article_modified_time":"2024-11-15T14:53:10+00:00","og_image":[{"width":372,"height":174,"url":"https:\/\/linwin-shop.bartmedia.eu\/wp-content\/uploads\/2024\/11\/CATR1824.jpg","type":"image\/jpeg"}],"twitter_card":"summary_large_image","twitter_misc":{"Dur\u00e9e de lecture estim\u00e9e":"2 minutes"},"schema":{"@context":"https:\/\/schema.org","@graph":[{"@type":"WebPage","@id":"https:\/\/linwin-shop.bartmedia.eu\/index.php\/produit\/guide-a-rouleaux-en-acier-au-carbone-rwd-025-slh-c2-h-2\/","url":"https:\/\/linwin-shop.bartmedia.eu\/index.php\/produit\/guide-a-rouleaux-en-acier-au-carbone-rwd-025-slh-c2-h-2\/","name":"GUIDE A ROULEAUX REXROTH CS RWD-025-SLH-C2-H2 -","isPartOf":{"@id":"https:\/\/linwin-shop.bartmedia.eu\/#website"},"primaryImageOfPage":{"@id":"https:\/\/linwin-shop.bartmedia.eu\/index.php\/produit\/guide-a-rouleaux-en-acier-au-carbone-rwd-025-slh-c2-h-2\/#primaryimage"},"image":{"@id":"https:\/\/linwin-shop.bartmedia.eu\/index.php\/produit\/guide-a-rouleaux-en-acier-au-carbone-rwd-025-slh-c2-h-2\/#primaryimage"},"thumbnailUrl":"https:\/\/linwin-shop.bartmedia.eu\/wp-content\/uploads\/2024\/11\/CATR1824.jpg","datePublished":"2024-01-23T21:36:13+00:00","dateModified":"2024-11-15T14:53:10+00:00","breadcrumb":{"@id":"https:\/\/linwin-shop.bartmedia.eu\/index.php\/produit\/guide-a-rouleaux-en-acier-au-carbone-rwd-025-slh-c2-h-2\/#breadcrumb"},"inLanguage":"fr-FR","potentialAction":[{"@type":"ReadAction","target":["https:\/\/linwin-shop.bartmedia.eu\/index.php\/produit\/guide-a-rouleaux-en-acier-au-carbone-rwd-025-slh-c2-h-2\/"]}]},{"@type":"ImageObject","inLanguage":"fr-FR","@id":"https:\/\/linwin-shop.bartmedia.eu\/index.php\/produit\/guide-a-rouleaux-en-acier-au-carbone-rwd-025-slh-c2-h-2\/#primaryimage","url":"https:\/\/linwin-shop.bartmedia.eu\/wp-content\/uploads\/2024\/11\/CATR1824.jpg","contentUrl":"https:\/\/linwin-shop.bartmedia.eu\/wp-content\/uploads\/2024\/11\/CATR1824.jpg","width":372,"height":174},{"@type":"BreadcrumbList","@id":"https:\/\/linwin-shop.bartmedia.eu\/index.php\/produit\/guide-a-rouleaux-en-acier-au-carbone-rwd-025-slh-c2-h-2\/#breadcrumb","itemListElement":[{"@type":"ListItem","position":1,"name":"Accueil","item":"https:\/\/linwin-shop.bartmedia.eu\/"},{"@type":"ListItem","position":2,"name":"Boutique","item":"https:\/\/linwin-shop.bartmedia.eu\/index.php\/boutique\/"},{"@type":"ListItem","position":3,"name":"GUIDE A ROULEAUX REXROTH CS RWD-025-SLH-C2-H2"}]},{"@type":"WebSite","@id":"https:\/\/linwin-shop.bartmedia.eu\/#website","url":"https:\/\/linwin-shop.bartmedia.eu\/","name":"","description":"","potentialAction":[{"@type":"SearchAction","target":{"@type":"EntryPoint","urlTemplate":"https:\/\/linwin-shop.bartmedia.eu\/?s={search_term_string}"},"query-input":{"@type":"PropertyValueSpecification","valueRequired":true,"valueName":"search_term_string"}}],"inLanguage":"fr-FR"}]}},"jetpack_sharing_enabled":true,"_links":{"self":[{"href":"https:\/\/linwin-shop.bartmedia.eu\/index.php\/wp-json\/wp\/v2\/product\/17103","targetHints":{"allow":["GET"]}}],"collection":[{"href":"https:\/\/linwin-shop.bartmedia.eu\/index.php\/wp-json\/wp\/v2\/product"}],"about":[{"href":"https:\/\/linwin-shop.bartmedia.eu\/index.php\/wp-json\/wp\/v2\/types\/product"}],"replies":[{"embeddable":true,"href":"https:\/\/linwin-shop.bartmedia.eu\/index.php\/wp-json\/wp\/v2\/comments?post=17103"}],"wp:featuredmedia":[{"embeddable":true,"href":"https:\/\/linwin-shop.bartmedia.eu\/index.php\/wp-json\/wp\/v2\/media\/19081"}],"wp:attachment":[{"href":"https:\/\/linwin-shop.bartmedia.eu\/index.php\/wp-json\/wp\/v2\/media?parent=17103"}],"wp:term":[{"taxonomy":"product_cat","embeddable":true,"href":"https:\/\/linwin-shop.bartmedia.eu\/index.php\/wp-json\/wp\/v2\/product_cat?post=17103"},{"taxonomy":"product_tag","embeddable":true,"href":"https:\/\/linwin-shop.bartmedia.eu\/index.php\/wp-json\/wp\/v2\/product_tag?post=17103"}],"curies":[{"name":"wp","href":"https:\/\/api.w.org\/{rel}","templated":true}]}}