{"id":17289,"date":"2024-01-23T21:37:10","date_gmt":"2024-01-23T21:37:10","guid":{"rendered":"https:\/\/linwin-shop.bartmedia.eu\/index.php\/produit\/guide-a-rouleaux-resist-cr-rwa-100-fns-c2-h-2\/"},"modified":"2024-06-01T07:24:38","modified_gmt":"2024-06-01T07:24:38","slug":"guide-a-rouleaux-resist-cr-rwa-100-fns-c2-h-2","status":"publish","type":"product","link":"https:\/\/linwin-shop.bartmedia.eu\/index.php\/produit\/guide-a-rouleaux-resist-cr-rwa-100-fns-c2-h-2\/","title":{"rendered":"GUIDE \u00c0 ROULEAUX RESIST CR RWA-100-FNS-C2-H-2"},"content":{"rendered":"<h2>GUIDE \u00c0 ROULEAUX RESIST CR RWA-100-FNS-C2-H-2<\/h2>\n<h3>Bosch Rexroth<\/h3>\n<p>Le guide \u00e0 rouleaux est tr\u00e8s pr\u00e9cis et r\u00e9sistant \u00e0 la corrosion gr\u00e2ce au rev\u00eatement en Resist CR. En outre, il se distingue par les caract\u00e9ristiques du produit suivantes:<br \/>\nTaille de construction 100<br \/>\nMod\u00e8le FNS: Largeur = \u00e0\u00a0bride, longueur = normal, hauteur = standard<br \/>\nCorps du chariot de guidage en acier au carbone CS, chrom\u00e9 dur argent mat<br \/>\nClasse de pr\u00e9charge C2: Pr\u00e9charge moyenne<br \/>\nClasse de pr\u00e9cision H: \u00c9lev\u00e9e<br \/>\nSans cha\u00eene \u00e0\u00a0rouleaux<br \/>\nConserv\u00e9<br \/>\nSans lubrification initiale<br \/>\nSans \u00e9l\u00e9ment \u00e0\u00a0rapporter \u00e0\u00a0gauche (bord de but\u00e9e avant)<br \/>\nSans \u00e9l\u00e9ment \u00e0\u00a0rapporter \u00e0\u00a0droite (bord de but\u00e9e avant)<br \/>\nRaccordement de lubrification droit fourni en vrac.<br \/>\nCorps du chariot de guidage en version standard<br \/>\nLongueur totale du chariot de guidage = 302,5\u00a0mm<br \/>\nConstruction interchangeable: Les chariots de guidage et les rails de guidage peuvent \u00eatre combin\u00e9s entre eux dans chaque pr\u00e9cision.<\/p>\n<ul>\n<li>Fonctionnement souple et silencieux gr\u00e2ce \u00e0\u00a0la conception optimale du renvoi et du guidage des rouleaux<\/li>\n<li>Faible d\u00e9formation \u00e9lastique obtenue par la forme id\u00e9ale de la zone d&rsquo;entr\u00e9e et par le nombre \u00e9lev\u00e9 de rouleaux<\/li>\n<li>Capuchons de retenue en aluminium (taille 125) ou en plastique (taille 100)<\/li>\n<li>Racleurs rapport\u00e9s int\u00e9gr\u00e9s de s\u00e9rie pour une \u00e9tanch\u00e9it\u00e9 parfaite de tous les chemins de roulement et une protection am\u00e9lior\u00e9e des pi\u00e8ces en plastique<\/li>\n<li>Les guides \u00e0\u00a0rouleaux et rails de guidage \u00e0\u00a0rouleaux pour charges lourdes r\u00e9sistant \u00e0\u00a0la corrosion Resist CR, chrom\u00e9 dur, argent\u00e9 mat, sont disponibles dans la classe de pr\u00e9cision\u00a0H (pr\u00e9charges C2 et C3).<\/li>\n<li>R\u00e9sistance \u00e9lev\u00e9e aux couples de rotation<\/li>\n<li>Graisseurs pouvant \u00eatre fix\u00e9s sur toutes les faces, assurant un entretien ais\u00e9<\/li>\n<li>Faible quantit\u00e9 de lubrifiant gr\u00e2ce \u00e0\u00a0la nouvelle conception des canaux de lubrification<\/li>\n<li>Pi\u00e8ces rapport\u00e9es sur le guide \u00e0\u00a0rouleaux \u00e0\u00a0fixation par le haut et par le bas<\/li>\n<li>Guides \u00e0\u00a0rouleaux pour charges \u00e9lev\u00e9es pour la construction m\u00e9canique lourde, avec une capacit\u00e9 de charge extr\u00eamement \u00e9lev\u00e9e<\/li>\n<li>Rigidit\u00e9 maximale dans toutes les directions de la charge<\/li>\n<li>En cas de charge agissant de bas en haut ou lat\u00e9ralement, la rigidit\u00e9 de l&rsquo;ensemble peut \u00eatre augment\u00e9e gr\u00e2ce \u00e0\u00a0une fixation par les trois al\u00e9sages compl\u00e9mentaires dispos\u00e9s sur l&rsquo;axe m\u00e9dian du guide \u00e0\u00a0rouleaux<\/li>\n<li>Interchangeabilit\u00e9 illimit\u00e9e et nombreuses possibilit\u00e9s de combinaisons gr\u00e2ce aux rails de guidage \u00e0\u00a0rouleaux universels en diff\u00e9rentes ex\u00e9cutions sur toutes les variantes de guides \u00e0\u00a0rouleaux<\/li>\n<\/ul>\n<p>&nbsp;<\/p>\n<p>&nbsp;<\/p>\n","protected":false},"excerpt":{"rendered":"<p>GUIDE \u00c0 ROULEAUX RESIST CR RWA-100-FNS-C2-H-2<\/p>\n","protected":false},"featured_media":17279,"comment_status":"closed","ping_status":"open","template":"","meta":[],"product_cat":[3632],"product_tag":[],"class_list":{"0":"post-17289","1":"product","2":"type-product","3":"status-publish","4":"has-post-thumbnail","6":"product_cat-guide-a-rouleaux-rexroth-taille-55-65","7":"pa_hauteur-du-chariot-de-guidage-3087","9":"first","10":"instock","11":"taxable","12":"shipping-taxable","13":"product-type-simple"},"yoast_head":"<!-- This site is optimized with the Yoast SEO plugin v23.5 - https:\/\/yoast.com\/wordpress\/plugins\/seo\/ -->\n<title>GUIDE \u00c0 ROULEAUX RESIST CR RWA-100-FNS-C2-H-2 -<\/title>\n<meta name=\"robots\" content=\"noindex, follow, max-snippet:-1, max-image-preview:large, max-video-preview:-1\" \/>\n<meta property=\"og:locale\" content=\"fr_FR\" \/>\n<meta property=\"og:type\" content=\"article\" \/>\n<meta property=\"og:title\" content=\"GUIDE \u00c0 ROULEAUX RESIST CR RWA-100-FNS-C2-H-2 -\" \/>\n<meta property=\"og:description\" content=\"GUIDE \u00c0 ROULEAUX RESIST CR RWA-100-FNS-C2-H-2\" \/>\n<meta property=\"og:url\" content=\"https:\/\/linwin-shop.bartmedia.eu\/index.php\/produit\/guide-a-rouleaux-resist-cr-rwa-100-fns-c2-h-2\/\" \/>\n<meta property=\"article:modified_time\" content=\"2024-06-01T07:24:38+00:00\" \/>\n<meta property=\"og:image\" content=\"https:\/\/linwin-shop.bartmedia.eu\/wp-content\/uploads\/2024\/01\/6e29b67f-9392-4d95-8071-d5caa6f1166a_dc_ecommerce_big_jpg.jpg\" \/>\n\t<meta property=\"og:image:width\" content=\"964\" \/>\n\t<meta property=\"og:image:height\" content=\"724\" \/>\n\t<meta property=\"og:image:type\" content=\"image\/jpeg\" \/>\n<meta name=\"twitter:card\" content=\"summary_large_image\" \/>\n<meta name=\"twitter:label1\" content=\"Dur\u00e9e de lecture estim\u00e9e\" \/>\n\t<meta name=\"twitter:data1\" content=\"2 minutes\" \/>\n<script type=\"application\/ld+json\" class=\"yoast-schema-graph\">{\"@context\":\"https:\/\/schema.org\",\"@graph\":[{\"@type\":\"WebPage\",\"@id\":\"https:\/\/linwin-shop.bartmedia.eu\/index.php\/produit\/guide-a-rouleaux-resist-cr-rwa-100-fns-c2-h-2\/\",\"url\":\"https:\/\/linwin-shop.bartmedia.eu\/index.php\/produit\/guide-a-rouleaux-resist-cr-rwa-100-fns-c2-h-2\/\",\"name\":\"GUIDE \u00c0 ROULEAUX RESIST CR RWA-100-FNS-C2-H-2 -\",\"isPartOf\":{\"@id\":\"https:\/\/linwin-shop.bartmedia.eu\/#website\"},\"primaryImageOfPage\":{\"@id\":\"https:\/\/linwin-shop.bartmedia.eu\/index.php\/produit\/guide-a-rouleaux-resist-cr-rwa-100-fns-c2-h-2\/#primaryimage\"},\"image\":{\"@id\":\"https:\/\/linwin-shop.bartmedia.eu\/index.php\/produit\/guide-a-rouleaux-resist-cr-rwa-100-fns-c2-h-2\/#primaryimage\"},\"thumbnailUrl\":\"https:\/\/linwin-shop.bartmedia.eu\/wp-content\/uploads\/2024\/01\/6e29b67f-9392-4d95-8071-d5caa6f1166a_dc_ecommerce_big_jpg.jpg\",\"datePublished\":\"2024-01-23T21:37:10+00:00\",\"dateModified\":\"2024-06-01T07:24:38+00:00\",\"breadcrumb\":{\"@id\":\"https:\/\/linwin-shop.bartmedia.eu\/index.php\/produit\/guide-a-rouleaux-resist-cr-rwa-100-fns-c2-h-2\/#breadcrumb\"},\"inLanguage\":\"fr-FR\",\"potentialAction\":[{\"@type\":\"ReadAction\",\"target\":[\"https:\/\/linwin-shop.bartmedia.eu\/index.php\/produit\/guide-a-rouleaux-resist-cr-rwa-100-fns-c2-h-2\/\"]}]},{\"@type\":\"ImageObject\",\"inLanguage\":\"fr-FR\",\"@id\":\"https:\/\/linwin-shop.bartmedia.eu\/index.php\/produit\/guide-a-rouleaux-resist-cr-rwa-100-fns-c2-h-2\/#primaryimage\",\"url\":\"https:\/\/linwin-shop.bartmedia.eu\/wp-content\/uploads\/2024\/01\/6e29b67f-9392-4d95-8071-d5caa6f1166a_dc_ecommerce_big_jpg.jpg\",\"contentUrl\":\"https:\/\/linwin-shop.bartmedia.eu\/wp-content\/uploads\/2024\/01\/6e29b67f-9392-4d95-8071-d5caa6f1166a_dc_ecommerce_big_jpg.jpg\",\"width\":964,\"height\":724,\"caption\":\"Image produit GUIDE \u00c0 ROULEAUX RESIST CR RWA-125-FNS-C2-H-2\"},{\"@type\":\"BreadcrumbList\",\"@id\":\"https:\/\/linwin-shop.bartmedia.eu\/index.php\/produit\/guide-a-rouleaux-resist-cr-rwa-100-fns-c2-h-2\/#breadcrumb\",\"itemListElement\":[{\"@type\":\"ListItem\",\"position\":1,\"name\":\"Accueil\",\"item\":\"https:\/\/linwin-shop.bartmedia.eu\/\"},{\"@type\":\"ListItem\",\"position\":2,\"name\":\"Boutique\",\"item\":\"https:\/\/linwin-shop.bartmedia.eu\/index.php\/boutique\/\"},{\"@type\":\"ListItem\",\"position\":3,\"name\":\"GUIDE \u00c0 ROULEAUX RESIST CR RWA-100-FNS-C2-H-2\"}]},{\"@type\":\"WebSite\",\"@id\":\"https:\/\/linwin-shop.bartmedia.eu\/#website\",\"url\":\"https:\/\/linwin-shop.bartmedia.eu\/\",\"name\":\"\",\"description\":\"\",\"potentialAction\":[{\"@type\":\"SearchAction\",\"target\":{\"@type\":\"EntryPoint\",\"urlTemplate\":\"https:\/\/linwin-shop.bartmedia.eu\/?s={search_term_string}\"},\"query-input\":{\"@type\":\"PropertyValueSpecification\",\"valueRequired\":true,\"valueName\":\"search_term_string\"}}],\"inLanguage\":\"fr-FR\"}]}<\/script>\n<!-- \/ Yoast SEO plugin. -->","yoast_head_json":{"title":"GUIDE \u00c0 ROULEAUX RESIST CR RWA-100-FNS-C2-H-2 -","robots":{"index":"noindex","follow":"follow","max-snippet":"max-snippet:-1","max-image-preview":"max-image-preview:large","max-video-preview":"max-video-preview:-1"},"og_locale":"fr_FR","og_type":"article","og_title":"GUIDE \u00c0 ROULEAUX RESIST CR RWA-100-FNS-C2-H-2 -","og_description":"GUIDE \u00c0 ROULEAUX RESIST CR RWA-100-FNS-C2-H-2","og_url":"https:\/\/linwin-shop.bartmedia.eu\/index.php\/produit\/guide-a-rouleaux-resist-cr-rwa-100-fns-c2-h-2\/","article_modified_time":"2024-06-01T07:24:38+00:00","og_image":[{"width":964,"height":724,"url":"https:\/\/linwin-shop.bartmedia.eu\/wp-content\/uploads\/2024\/01\/6e29b67f-9392-4d95-8071-d5caa6f1166a_dc_ecommerce_big_jpg.jpg","type":"image\/jpeg"}],"twitter_card":"summary_large_image","twitter_misc":{"Dur\u00e9e de lecture estim\u00e9e":"2 minutes"},"schema":{"@context":"https:\/\/schema.org","@graph":[{"@type":"WebPage","@id":"https:\/\/linwin-shop.bartmedia.eu\/index.php\/produit\/guide-a-rouleaux-resist-cr-rwa-100-fns-c2-h-2\/","url":"https:\/\/linwin-shop.bartmedia.eu\/index.php\/produit\/guide-a-rouleaux-resist-cr-rwa-100-fns-c2-h-2\/","name":"GUIDE \u00c0 ROULEAUX RESIST CR RWA-100-FNS-C2-H-2 -","isPartOf":{"@id":"https:\/\/linwin-shop.bartmedia.eu\/#website"},"primaryImageOfPage":{"@id":"https:\/\/linwin-shop.bartmedia.eu\/index.php\/produit\/guide-a-rouleaux-resist-cr-rwa-100-fns-c2-h-2\/#primaryimage"},"image":{"@id":"https:\/\/linwin-shop.bartmedia.eu\/index.php\/produit\/guide-a-rouleaux-resist-cr-rwa-100-fns-c2-h-2\/#primaryimage"},"thumbnailUrl":"https:\/\/linwin-shop.bartmedia.eu\/wp-content\/uploads\/2024\/01\/6e29b67f-9392-4d95-8071-d5caa6f1166a_dc_ecommerce_big_jpg.jpg","datePublished":"2024-01-23T21:37:10+00:00","dateModified":"2024-06-01T07:24:38+00:00","breadcrumb":{"@id":"https:\/\/linwin-shop.bartmedia.eu\/index.php\/produit\/guide-a-rouleaux-resist-cr-rwa-100-fns-c2-h-2\/#breadcrumb"},"inLanguage":"fr-FR","potentialAction":[{"@type":"ReadAction","target":["https:\/\/linwin-shop.bartmedia.eu\/index.php\/produit\/guide-a-rouleaux-resist-cr-rwa-100-fns-c2-h-2\/"]}]},{"@type":"ImageObject","inLanguage":"fr-FR","@id":"https:\/\/linwin-shop.bartmedia.eu\/index.php\/produit\/guide-a-rouleaux-resist-cr-rwa-100-fns-c2-h-2\/#primaryimage","url":"https:\/\/linwin-shop.bartmedia.eu\/wp-content\/uploads\/2024\/01\/6e29b67f-9392-4d95-8071-d5caa6f1166a_dc_ecommerce_big_jpg.jpg","contentUrl":"https:\/\/linwin-shop.bartmedia.eu\/wp-content\/uploads\/2024\/01\/6e29b67f-9392-4d95-8071-d5caa6f1166a_dc_ecommerce_big_jpg.jpg","width":964,"height":724,"caption":"Image produit GUIDE \u00c0 ROULEAUX RESIST CR RWA-125-FNS-C2-H-2"},{"@type":"BreadcrumbList","@id":"https:\/\/linwin-shop.bartmedia.eu\/index.php\/produit\/guide-a-rouleaux-resist-cr-rwa-100-fns-c2-h-2\/#breadcrumb","itemListElement":[{"@type":"ListItem","position":1,"name":"Accueil","item":"https:\/\/linwin-shop.bartmedia.eu\/"},{"@type":"ListItem","position":2,"name":"Boutique","item":"https:\/\/linwin-shop.bartmedia.eu\/index.php\/boutique\/"},{"@type":"ListItem","position":3,"name":"GUIDE \u00c0 ROULEAUX RESIST CR RWA-100-FNS-C2-H-2"}]},{"@type":"WebSite","@id":"https:\/\/linwin-shop.bartmedia.eu\/#website","url":"https:\/\/linwin-shop.bartmedia.eu\/","name":"","description":"","potentialAction":[{"@type":"SearchAction","target":{"@type":"EntryPoint","urlTemplate":"https:\/\/linwin-shop.bartmedia.eu\/?s={search_term_string}"},"query-input":{"@type":"PropertyValueSpecification","valueRequired":true,"valueName":"search_term_string"}}],"inLanguage":"fr-FR"}]}},"jetpack_sharing_enabled":true,"_links":{"self":[{"href":"https:\/\/linwin-shop.bartmedia.eu\/index.php\/wp-json\/wp\/v2\/product\/17289","targetHints":{"allow":["GET"]}}],"collection":[{"href":"https:\/\/linwin-shop.bartmedia.eu\/index.php\/wp-json\/wp\/v2\/product"}],"about":[{"href":"https:\/\/linwin-shop.bartmedia.eu\/index.php\/wp-json\/wp\/v2\/types\/product"}],"replies":[{"embeddable":true,"href":"https:\/\/linwin-shop.bartmedia.eu\/index.php\/wp-json\/wp\/v2\/comments?post=17289"}],"wp:featuredmedia":[{"embeddable":true,"href":"https:\/\/linwin-shop.bartmedia.eu\/index.php\/wp-json\/wp\/v2\/media\/17279"}],"wp:attachment":[{"href":"https:\/\/linwin-shop.bartmedia.eu\/index.php\/wp-json\/wp\/v2\/media?parent=17289"}],"wp:term":[{"taxonomy":"product_cat","embeddable":true,"href":"https:\/\/linwin-shop.bartmedia.eu\/index.php\/wp-json\/wp\/v2\/product_cat?post=17289"},{"taxonomy":"product_tag","embeddable":true,"href":"https:\/\/linwin-shop.bartmedia.eu\/index.php\/wp-json\/wp\/v2\/product_tag?post=17289"}],"curies":[{"name":"wp","href":"https:\/\/api.w.org\/{rel}","templated":true}]}}