{"id":17710,"date":"2024-01-23T21:39:18","date_gmt":"2024-01-23T21:39:18","guid":{"rendered":"https:\/\/linwin-shop.bartmedia.eu\/index.php\/produit\/ecrou-dentraint-par-vis-a-billes-zem-e-k-16x16rx3-3\/"},"modified":"2024-06-01T07:37:39","modified_gmt":"2024-06-01T07:37:39","slug":"ecrou-dentraint-par-vis-a-billes-zem-e-k-16x16rx3-3","status":"publish","type":"product","link":"https:\/\/linwin-shop.bartmedia.eu\/index.php\/produit\/ecrou-dentraint-par-vis-a-billes-zem-e-k-16x16rx3-3\/","title":{"rendered":"\u00c9CROU D&rsquo;ENTRA\u00ceNT PAR VIS \u00c0 BILLES ZEM-E-K 16X16RX3-3"},"content":{"rendered":"<h2>\u00c9CROU D&rsquo;ENTRA\u00ceNT PAR VIS \u00c0 BILLES ZEM-E-K 16X16RX3-3<\/h2>\n<h3>Bosch Rexroth<\/h3>\n<p>\u00c9crou simple cylindrique ZEM-E-K avec racleur standard et jeu axial standard<br \/>\nDiam\u00e8tre nominal d0 =\u00a016<br \/>\nPas de la vis \u00e0 billes P =\u00a016 (\u00e0 droite)<br \/>\nDiam\u00e8tre des billes Dw =\u00a03<br \/>\nNombre de rang\u00e9es de billes i =\u00a03<\/p>\n<ul>\n<li>Avec joints<\/li>\n<li>Dimensions de raccordement Rexroth<\/li>\n<li>Classe de pr\u00e9charge: C0, C00, C1, C2, C3<\/li>\n<li>Classe de tol\u00e9rance: T3 (pour les tailles d&rsquo;apr\u00e8s Vue d&rsquo;ensemble produits Vis, voir\u00a0Remarques et informations techniques g\u00e9n\u00e9rales, \u00ab\u00a0Description de produit\u00a0\u00bb), T5, T7, T9<\/li>\n<li>Partiellement en version \u00e0\u00a0gauche<\/li>\n<\/ul>\n<p>&nbsp;<\/p>\n<p>&nbsp;<br \/><a href=\"\/fiches_techniques\/CATR1512.pdf\" target=\"_blank\" class=\"tecF\">Fiche technique<\/a><\/p>\n","protected":false},"excerpt":{"rendered":"<p>\u00c9CROU D&rsquo;ENTRA\u00ceNT PAR VIS \u00c0 BILLES ZEM-E-K 16X16RX3-3<\/p>\n","protected":false},"featured_media":19044,"comment_status":"closed","ping_status":"open","template":"","meta":[],"product_cat":[3618],"product_tag":[],"class_list":{"0":"post-17710","1":"product","2":"type-product","3":"status-publish","4":"has-post-thumbnail","6":"product_cat-ecrou-et-barreau-a-bille-rexroth","7":"pa_temperature-de-stockage-max-3277","9":"first","10":"instock","11":"taxable","12":"shipping-taxable","13":"product-type-simple"},"yoast_head":"<!-- This site is optimized with the Yoast SEO plugin v23.5 - https:\/\/yoast.com\/wordpress\/plugins\/seo\/ -->\n<title>\u00c9CROU D&#039;ENTRA\u00ceNT PAR VIS \u00c0 BILLES ZEM-E-K 16X16RX3-3 -<\/title>\n<meta name=\"robots\" content=\"noindex, follow, max-snippet:-1, max-image-preview:large, max-video-preview:-1\" \/>\n<meta property=\"og:locale\" content=\"fr_FR\" \/>\n<meta property=\"og:type\" content=\"article\" \/>\n<meta property=\"og:title\" content=\"\u00c9CROU D&#039;ENTRA\u00ceNT PAR VIS \u00c0 BILLES ZEM-E-K 16X16RX3-3 -\" \/>\n<meta property=\"og:description\" content=\"\u00c9CROU D&#039;ENTRA\u00ceNT PAR VIS \u00c0 BILLES ZEM-E-K 16X16RX3-3\" \/>\n<meta property=\"og:url\" content=\"https:\/\/linwin-shop.bartmedia.eu\/index.php\/produit\/ecrou-dentraint-par-vis-a-billes-zem-e-k-16x16rx3-3\/\" \/>\n<meta property=\"article:modified_time\" content=\"2024-06-01T07:37:39+00:00\" \/>\n<meta property=\"og:image\" content=\"https:\/\/linwin-shop.bartmedia.eu\/wp-content\/uploads\/2024\/01\/ee84eeb5-fabd-4258-9126-17005ac2aa1c_dc_ecommerce_big_jpg.jpg\" \/>\n\t<meta property=\"og:image:width\" content=\"964\" \/>\n\t<meta property=\"og:image:height\" content=\"546\" \/>\n\t<meta property=\"og:image:type\" content=\"image\/jpeg\" \/>\n<meta name=\"twitter:card\" content=\"summary_large_image\" \/>\n<script type=\"application\/ld+json\" class=\"yoast-schema-graph\">{\"@context\":\"https:\/\/schema.org\",\"@graph\":[{\"@type\":\"WebPage\",\"@id\":\"https:\/\/linwin-shop.bartmedia.eu\/index.php\/produit\/ecrou-dentraint-par-vis-a-billes-zem-e-k-16x16rx3-3\/\",\"url\":\"https:\/\/linwin-shop.bartmedia.eu\/index.php\/produit\/ecrou-dentraint-par-vis-a-billes-zem-e-k-16x16rx3-3\/\",\"name\":\"\u00c9CROU D'ENTRA\u00ceNT PAR VIS \u00c0 BILLES ZEM-E-K 16X16RX3-3 -\",\"isPartOf\":{\"@id\":\"https:\/\/linwin-shop.bartmedia.eu\/#website\"},\"primaryImageOfPage\":{\"@id\":\"https:\/\/linwin-shop.bartmedia.eu\/index.php\/produit\/ecrou-dentraint-par-vis-a-billes-zem-e-k-16x16rx3-3\/#primaryimage\"},\"image\":{\"@id\":\"https:\/\/linwin-shop.bartmedia.eu\/index.php\/produit\/ecrou-dentraint-par-vis-a-billes-zem-e-k-16x16rx3-3\/#primaryimage\"},\"thumbnailUrl\":\"https:\/\/linwin-shop.bartmedia.eu\/wp-content\/uploads\/2024\/11\/CATR1512.jpg\",\"datePublished\":\"2024-01-23T21:39:18+00:00\",\"dateModified\":\"2024-06-01T07:37:39+00:00\",\"breadcrumb\":{\"@id\":\"https:\/\/linwin-shop.bartmedia.eu\/index.php\/produit\/ecrou-dentraint-par-vis-a-billes-zem-e-k-16x16rx3-3\/#breadcrumb\"},\"inLanguage\":\"fr-FR\",\"potentialAction\":[{\"@type\":\"ReadAction\",\"target\":[\"https:\/\/linwin-shop.bartmedia.eu\/index.php\/produit\/ecrou-dentraint-par-vis-a-billes-zem-e-k-16x16rx3-3\/\"]}]},{\"@type\":\"ImageObject\",\"inLanguage\":\"fr-FR\",\"@id\":\"https:\/\/linwin-shop.bartmedia.eu\/index.php\/produit\/ecrou-dentraint-par-vis-a-billes-zem-e-k-16x16rx3-3\/#primaryimage\",\"url\":\"https:\/\/linwin-shop.bartmedia.eu\/wp-content\/uploads\/2024\/11\/CATR1512.jpg\",\"contentUrl\":\"https:\/\/linwin-shop.bartmedia.eu\/wp-content\/uploads\/2024\/11\/CATR1512.jpg\",\"width\":492,\"height\":293},{\"@type\":\"BreadcrumbList\",\"@id\":\"https:\/\/linwin-shop.bartmedia.eu\/index.php\/produit\/ecrou-dentraint-par-vis-a-billes-zem-e-k-16x16rx3-3\/#breadcrumb\",\"itemListElement\":[{\"@type\":\"ListItem\",\"position\":1,\"name\":\"Accueil\",\"item\":\"https:\/\/linwin-shop.bartmedia.eu\/\"},{\"@type\":\"ListItem\",\"position\":2,\"name\":\"Boutique\",\"item\":\"https:\/\/linwin-shop.bartmedia.eu\/index.php\/boutique\/\"},{\"@type\":\"ListItem\",\"position\":3,\"name\":\"\u00c9CROU D&rsquo;ENTRA\u00ceNT PAR VIS \u00c0 BILLES ZEM-E-K 16X16RX3-3\"}]},{\"@type\":\"WebSite\",\"@id\":\"https:\/\/linwin-shop.bartmedia.eu\/#website\",\"url\":\"https:\/\/linwin-shop.bartmedia.eu\/\",\"name\":\"\",\"description\":\"\",\"potentialAction\":[{\"@type\":\"SearchAction\",\"target\":{\"@type\":\"EntryPoint\",\"urlTemplate\":\"https:\/\/linwin-shop.bartmedia.eu\/?s={search_term_string}\"},\"query-input\":{\"@type\":\"PropertyValueSpecification\",\"valueRequired\":true,\"valueName\":\"search_term_string\"}}],\"inLanguage\":\"fr-FR\"}]}<\/script>\n<!-- \/ Yoast SEO plugin. -->","yoast_head_json":{"title":"\u00c9CROU D'ENTRA\u00ceNT PAR VIS \u00c0 BILLES ZEM-E-K 16X16RX3-3 -","robots":{"index":"noindex","follow":"follow","max-snippet":"max-snippet:-1","max-image-preview":"max-image-preview:large","max-video-preview":"max-video-preview:-1"},"og_locale":"fr_FR","og_type":"article","og_title":"\u00c9CROU D'ENTRA\u00ceNT PAR VIS \u00c0 BILLES ZEM-E-K 16X16RX3-3 -","og_description":"\u00c9CROU D'ENTRA\u00ceNT PAR VIS \u00c0 BILLES ZEM-E-K 16X16RX3-3","og_url":"https:\/\/linwin-shop.bartmedia.eu\/index.php\/produit\/ecrou-dentraint-par-vis-a-billes-zem-e-k-16x16rx3-3\/","article_modified_time":"2024-06-01T07:37:39+00:00","og_image":[{"width":964,"height":546,"url":"https:\/\/linwin-shop.bartmedia.eu\/wp-content\/uploads\/2024\/01\/ee84eeb5-fabd-4258-9126-17005ac2aa1c_dc_ecommerce_big_jpg.jpg","type":"image\/jpeg"}],"twitter_card":"summary_large_image","schema":{"@context":"https:\/\/schema.org","@graph":[{"@type":"WebPage","@id":"https:\/\/linwin-shop.bartmedia.eu\/index.php\/produit\/ecrou-dentraint-par-vis-a-billes-zem-e-k-16x16rx3-3\/","url":"https:\/\/linwin-shop.bartmedia.eu\/index.php\/produit\/ecrou-dentraint-par-vis-a-billes-zem-e-k-16x16rx3-3\/","name":"\u00c9CROU D'ENTRA\u00ceNT PAR VIS \u00c0 BILLES ZEM-E-K 16X16RX3-3 -","isPartOf":{"@id":"https:\/\/linwin-shop.bartmedia.eu\/#website"},"primaryImageOfPage":{"@id":"https:\/\/linwin-shop.bartmedia.eu\/index.php\/produit\/ecrou-dentraint-par-vis-a-billes-zem-e-k-16x16rx3-3\/#primaryimage"},"image":{"@id":"https:\/\/linwin-shop.bartmedia.eu\/index.php\/produit\/ecrou-dentraint-par-vis-a-billes-zem-e-k-16x16rx3-3\/#primaryimage"},"thumbnailUrl":"https:\/\/linwin-shop.bartmedia.eu\/wp-content\/uploads\/2024\/11\/CATR1512.jpg","datePublished":"2024-01-23T21:39:18+00:00","dateModified":"2024-06-01T07:37:39+00:00","breadcrumb":{"@id":"https:\/\/linwin-shop.bartmedia.eu\/index.php\/produit\/ecrou-dentraint-par-vis-a-billes-zem-e-k-16x16rx3-3\/#breadcrumb"},"inLanguage":"fr-FR","potentialAction":[{"@type":"ReadAction","target":["https:\/\/linwin-shop.bartmedia.eu\/index.php\/produit\/ecrou-dentraint-par-vis-a-billes-zem-e-k-16x16rx3-3\/"]}]},{"@type":"ImageObject","inLanguage":"fr-FR","@id":"https:\/\/linwin-shop.bartmedia.eu\/index.php\/produit\/ecrou-dentraint-par-vis-a-billes-zem-e-k-16x16rx3-3\/#primaryimage","url":"https:\/\/linwin-shop.bartmedia.eu\/wp-content\/uploads\/2024\/11\/CATR1512.jpg","contentUrl":"https:\/\/linwin-shop.bartmedia.eu\/wp-content\/uploads\/2024\/11\/CATR1512.jpg","width":492,"height":293},{"@type":"BreadcrumbList","@id":"https:\/\/linwin-shop.bartmedia.eu\/index.php\/produit\/ecrou-dentraint-par-vis-a-billes-zem-e-k-16x16rx3-3\/#breadcrumb","itemListElement":[{"@type":"ListItem","position":1,"name":"Accueil","item":"https:\/\/linwin-shop.bartmedia.eu\/"},{"@type":"ListItem","position":2,"name":"Boutique","item":"https:\/\/linwin-shop.bartmedia.eu\/index.php\/boutique\/"},{"@type":"ListItem","position":3,"name":"\u00c9CROU D&rsquo;ENTRA\u00ceNT PAR VIS \u00c0 BILLES ZEM-E-K 16X16RX3-3"}]},{"@type":"WebSite","@id":"https:\/\/linwin-shop.bartmedia.eu\/#website","url":"https:\/\/linwin-shop.bartmedia.eu\/","name":"","description":"","potentialAction":[{"@type":"SearchAction","target":{"@type":"EntryPoint","urlTemplate":"https:\/\/linwin-shop.bartmedia.eu\/?s={search_term_string}"},"query-input":{"@type":"PropertyValueSpecification","valueRequired":true,"valueName":"search_term_string"}}],"inLanguage":"fr-FR"}]}},"jetpack_sharing_enabled":true,"_links":{"self":[{"href":"https:\/\/linwin-shop.bartmedia.eu\/index.php\/wp-json\/wp\/v2\/product\/17710","targetHints":{"allow":["GET"]}}],"collection":[{"href":"https:\/\/linwin-shop.bartmedia.eu\/index.php\/wp-json\/wp\/v2\/product"}],"about":[{"href":"https:\/\/linwin-shop.bartmedia.eu\/index.php\/wp-json\/wp\/v2\/types\/product"}],"replies":[{"embeddable":true,"href":"https:\/\/linwin-shop.bartmedia.eu\/index.php\/wp-json\/wp\/v2\/comments?post=17710"}],"wp:featuredmedia":[{"embeddable":true,"href":"https:\/\/linwin-shop.bartmedia.eu\/index.php\/wp-json\/wp\/v2\/media\/19044"}],"wp:attachment":[{"href":"https:\/\/linwin-shop.bartmedia.eu\/index.php\/wp-json\/wp\/v2\/media?parent=17710"}],"wp:term":[{"taxonomy":"product_cat","embeddable":true,"href":"https:\/\/linwin-shop.bartmedia.eu\/index.php\/wp-json\/wp\/v2\/product_cat?post=17710"},{"taxonomy":"product_tag","embeddable":true,"href":"https:\/\/linwin-shop.bartmedia.eu\/index.php\/wp-json\/wp\/v2\/product_tag?post=17710"}],"curies":[{"name":"wp","href":"https:\/\/api.w.org\/{rel}","templated":true}]}}