{"id":17798,"date":"2024-01-23T21:39:46","date_gmt":"2024-01-23T21:39:46","guid":{"rendered":"https:\/\/linwin-shop.bartmedia.eu\/index.php\/produit\/paliers-lisses-en-plastique-12\/"},"modified":"2024-06-01T07:38:08","modified_gmt":"2024-06-01T07:38:08","slug":"paliers-lisses-en-plastique-12","status":"publish","type":"product","link":"https:\/\/linwin-shop.bartmedia.eu\/index.php\/produit\/paliers-lisses-en-plastique-12\/","title":{"rendered":"PALIERS LISSES EN PLASTIQUE                     &#8230;"},"content":{"rendered":"<h2>PALIERS LISSES EN PLASTIQUE                     &#8230;<\/h2>\n<h3>Bosch Rexroth<\/h3>\n<p>Le type R13207..00 est pourvu de deux brides de diam\u00e8tres diff\u00e9rents. Ce type a \u00e9t\u00e9 d\u00e9velopp\u00e9 pour \u00eatre mont\u00e9 dans des t\u00f4les de protection de palier d\u2019une \u00e9paisseur maximale de 2\u00a0mm pour assurer la bonne fixation des paliers lisses en plastique dans les protections de palier.<\/p>\n<p>&nbsp;<\/p>\n<p>&nbsp;<\/p>\n","protected":false},"excerpt":{"rendered":"<p>PALIERS LISSES EN PLASTIQUE                     &#8230;<\/p>\n","protected":false},"featured_media":17797,"comment_status":"closed","ping_status":"open","template":"","meta":[],"product_cat":[3613],"product_tag":[],"class_list":{"0":"post-17798","1":"product","2":"type-product","3":"status-publish","4":"has-post-thumbnail","6":"product_cat-billes-porteuses-rexroth","7":"pa_diametre-exterieur-d-3580","9":"first","10":"instock","11":"taxable","12":"shipping-taxable","13":"product-type-simple"},"yoast_head":"<!-- This site is optimized with the Yoast SEO plugin v23.5 - https:\/\/yoast.com\/wordpress\/plugins\/seo\/ -->\n<title>PALIERS LISSES EN PLASTIQUE           ... -<\/title>\n<meta name=\"robots\" content=\"noindex, follow, max-snippet:-1, max-image-preview:large, max-video-preview:-1\" \/>\n<meta property=\"og:locale\" content=\"fr_FR\" \/>\n<meta property=\"og:type\" content=\"article\" \/>\n<meta property=\"og:title\" content=\"PALIERS LISSES EN PLASTIQUE           ... -\" \/>\n<meta property=\"og:description\" content=\"PALIERS LISSES EN PLASTIQUE           ...\" \/>\n<meta property=\"og:url\" content=\"https:\/\/linwin-shop.bartmedia.eu\/index.php\/produit\/paliers-lisses-en-plastique-12\/\" \/>\n<meta property=\"article:modified_time\" content=\"2024-06-01T07:38:08+00:00\" \/>\n<meta property=\"og:image\" content=\"https:\/\/linwin-shop.bartmedia.eu\/wp-content\/uploads\/2024\/01\/736adf76-3788-42d5-94c8-75dcd3e988a7_dc_ecommerce_big_jpg.jpg\" \/>\n\t<meta property=\"og:image:width\" content=\"964\" \/>\n\t<meta property=\"og:image:height\" content=\"929\" \/>\n\t<meta property=\"og:image:type\" content=\"image\/jpeg\" \/>\n<meta name=\"twitter:card\" content=\"summary_large_image\" \/>\n<script type=\"application\/ld+json\" class=\"yoast-schema-graph\">{\"@context\":\"https:\/\/schema.org\",\"@graph\":[{\"@type\":\"WebPage\",\"@id\":\"https:\/\/linwin-shop.bartmedia.eu\/index.php\/produit\/paliers-lisses-en-plastique-12\/\",\"url\":\"https:\/\/linwin-shop.bartmedia.eu\/index.php\/produit\/paliers-lisses-en-plastique-12\/\",\"name\":\"PALIERS LISSES EN PLASTIQUE ... -\",\"isPartOf\":{\"@id\":\"https:\/\/linwin-shop.bartmedia.eu\/#website\"},\"primaryImageOfPage\":{\"@id\":\"https:\/\/linwin-shop.bartmedia.eu\/index.php\/produit\/paliers-lisses-en-plastique-12\/#primaryimage\"},\"image\":{\"@id\":\"https:\/\/linwin-shop.bartmedia.eu\/index.php\/produit\/paliers-lisses-en-plastique-12\/#primaryimage\"},\"thumbnailUrl\":\"https:\/\/linwin-shop.bartmedia.eu\/wp-content\/uploads\/2024\/01\/736adf76-3788-42d5-94c8-75dcd3e988a7_dc_ecommerce_big_jpg.jpg\",\"datePublished\":\"2024-01-23T21:39:46+00:00\",\"dateModified\":\"2024-06-01T07:38:08+00:00\",\"breadcrumb\":{\"@id\":\"https:\/\/linwin-shop.bartmedia.eu\/index.php\/produit\/paliers-lisses-en-plastique-12\/#breadcrumb\"},\"inLanguage\":\"fr-FR\",\"potentialAction\":[{\"@type\":\"ReadAction\",\"target\":[\"https:\/\/linwin-shop.bartmedia.eu\/index.php\/produit\/paliers-lisses-en-plastique-12\/\"]}]},{\"@type\":\"ImageObject\",\"inLanguage\":\"fr-FR\",\"@id\":\"https:\/\/linwin-shop.bartmedia.eu\/index.php\/produit\/paliers-lisses-en-plastique-12\/#primaryimage\",\"url\":\"https:\/\/linwin-shop.bartmedia.eu\/wp-content\/uploads\/2024\/01\/736adf76-3788-42d5-94c8-75dcd3e988a7_dc_ecommerce_big_jpg.jpg\",\"contentUrl\":\"https:\/\/linwin-shop.bartmedia.eu\/wp-content\/uploads\/2024\/01\/736adf76-3788-42d5-94c8-75dcd3e988a7_dc_ecommerce_big_jpg.jpg\",\"width\":964,\"height\":929,\"caption\":\"Image produit PALIERS LISSES EN PLASTIQUE ...\"},{\"@type\":\"BreadcrumbList\",\"@id\":\"https:\/\/linwin-shop.bartmedia.eu\/index.php\/produit\/paliers-lisses-en-plastique-12\/#breadcrumb\",\"itemListElement\":[{\"@type\":\"ListItem\",\"position\":1,\"name\":\"Accueil\",\"item\":\"https:\/\/linwin-shop.bartmedia.eu\/\"},{\"@type\":\"ListItem\",\"position\":2,\"name\":\"Boutique\",\"item\":\"https:\/\/linwin-shop.bartmedia.eu\/index.php\/boutique\/\"},{\"@type\":\"ListItem\",\"position\":3,\"name\":\"PALIERS LISSES EN PLASTIQUE &#8230;\"}]},{\"@type\":\"WebSite\",\"@id\":\"https:\/\/linwin-shop.bartmedia.eu\/#website\",\"url\":\"https:\/\/linwin-shop.bartmedia.eu\/\",\"name\":\"\",\"description\":\"\",\"potentialAction\":[{\"@type\":\"SearchAction\",\"target\":{\"@type\":\"EntryPoint\",\"urlTemplate\":\"https:\/\/linwin-shop.bartmedia.eu\/?s={search_term_string}\"},\"query-input\":{\"@type\":\"PropertyValueSpecification\",\"valueRequired\":true,\"valueName\":\"search_term_string\"}}],\"inLanguage\":\"fr-FR\"}]}<\/script>\n<!-- \/ Yoast SEO plugin. -->","yoast_head_json":{"title":"PALIERS LISSES EN PLASTIQUE           ... -","robots":{"index":"noindex","follow":"follow","max-snippet":"max-snippet:-1","max-image-preview":"max-image-preview:large","max-video-preview":"max-video-preview:-1"},"og_locale":"fr_FR","og_type":"article","og_title":"PALIERS LISSES EN PLASTIQUE           ... -","og_description":"PALIERS LISSES EN PLASTIQUE           ...","og_url":"https:\/\/linwin-shop.bartmedia.eu\/index.php\/produit\/paliers-lisses-en-plastique-12\/","article_modified_time":"2024-06-01T07:38:08+00:00","og_image":[{"width":964,"height":929,"url":"https:\/\/linwin-shop.bartmedia.eu\/wp-content\/uploads\/2024\/01\/736adf76-3788-42d5-94c8-75dcd3e988a7_dc_ecommerce_big_jpg.jpg","type":"image\/jpeg"}],"twitter_card":"summary_large_image","schema":{"@context":"https:\/\/schema.org","@graph":[{"@type":"WebPage","@id":"https:\/\/linwin-shop.bartmedia.eu\/index.php\/produit\/paliers-lisses-en-plastique-12\/","url":"https:\/\/linwin-shop.bartmedia.eu\/index.php\/produit\/paliers-lisses-en-plastique-12\/","name":"PALIERS LISSES EN PLASTIQUE ... -","isPartOf":{"@id":"https:\/\/linwin-shop.bartmedia.eu\/#website"},"primaryImageOfPage":{"@id":"https:\/\/linwin-shop.bartmedia.eu\/index.php\/produit\/paliers-lisses-en-plastique-12\/#primaryimage"},"image":{"@id":"https:\/\/linwin-shop.bartmedia.eu\/index.php\/produit\/paliers-lisses-en-plastique-12\/#primaryimage"},"thumbnailUrl":"https:\/\/linwin-shop.bartmedia.eu\/wp-content\/uploads\/2024\/01\/736adf76-3788-42d5-94c8-75dcd3e988a7_dc_ecommerce_big_jpg.jpg","datePublished":"2024-01-23T21:39:46+00:00","dateModified":"2024-06-01T07:38:08+00:00","breadcrumb":{"@id":"https:\/\/linwin-shop.bartmedia.eu\/index.php\/produit\/paliers-lisses-en-plastique-12\/#breadcrumb"},"inLanguage":"fr-FR","potentialAction":[{"@type":"ReadAction","target":["https:\/\/linwin-shop.bartmedia.eu\/index.php\/produit\/paliers-lisses-en-plastique-12\/"]}]},{"@type":"ImageObject","inLanguage":"fr-FR","@id":"https:\/\/linwin-shop.bartmedia.eu\/index.php\/produit\/paliers-lisses-en-plastique-12\/#primaryimage","url":"https:\/\/linwin-shop.bartmedia.eu\/wp-content\/uploads\/2024\/01\/736adf76-3788-42d5-94c8-75dcd3e988a7_dc_ecommerce_big_jpg.jpg","contentUrl":"https:\/\/linwin-shop.bartmedia.eu\/wp-content\/uploads\/2024\/01\/736adf76-3788-42d5-94c8-75dcd3e988a7_dc_ecommerce_big_jpg.jpg","width":964,"height":929,"caption":"Image produit PALIERS LISSES EN PLASTIQUE ..."},{"@type":"BreadcrumbList","@id":"https:\/\/linwin-shop.bartmedia.eu\/index.php\/produit\/paliers-lisses-en-plastique-12\/#breadcrumb","itemListElement":[{"@type":"ListItem","position":1,"name":"Accueil","item":"https:\/\/linwin-shop.bartmedia.eu\/"},{"@type":"ListItem","position":2,"name":"Boutique","item":"https:\/\/linwin-shop.bartmedia.eu\/index.php\/boutique\/"},{"@type":"ListItem","position":3,"name":"PALIERS LISSES EN PLASTIQUE &#8230;"}]},{"@type":"WebSite","@id":"https:\/\/linwin-shop.bartmedia.eu\/#website","url":"https:\/\/linwin-shop.bartmedia.eu\/","name":"","description":"","potentialAction":[{"@type":"SearchAction","target":{"@type":"EntryPoint","urlTemplate":"https:\/\/linwin-shop.bartmedia.eu\/?s={search_term_string}"},"query-input":{"@type":"PropertyValueSpecification","valueRequired":true,"valueName":"search_term_string"}}],"inLanguage":"fr-FR"}]}},"jetpack_sharing_enabled":true,"_links":{"self":[{"href":"https:\/\/linwin-shop.bartmedia.eu\/index.php\/wp-json\/wp\/v2\/product\/17798","targetHints":{"allow":["GET"]}}],"collection":[{"href":"https:\/\/linwin-shop.bartmedia.eu\/index.php\/wp-json\/wp\/v2\/product"}],"about":[{"href":"https:\/\/linwin-shop.bartmedia.eu\/index.php\/wp-json\/wp\/v2\/types\/product"}],"replies":[{"embeddable":true,"href":"https:\/\/linwin-shop.bartmedia.eu\/index.php\/wp-json\/wp\/v2\/comments?post=17798"}],"wp:featuredmedia":[{"embeddable":true,"href":"https:\/\/linwin-shop.bartmedia.eu\/index.php\/wp-json\/wp\/v2\/media\/17797"}],"wp:attachment":[{"href":"https:\/\/linwin-shop.bartmedia.eu\/index.php\/wp-json\/wp\/v2\/media?parent=17798"}],"wp:term":[{"taxonomy":"product_cat","embeddable":true,"href":"https:\/\/linwin-shop.bartmedia.eu\/index.php\/wp-json\/wp\/v2\/product_cat?post=17798"},{"taxonomy":"product_tag","embeddable":true,"href":"https:\/\/linwin-shop.bartmedia.eu\/index.php\/wp-json\/wp\/v2\/product_tag?post=17798"}],"curies":[{"name":"wp","href":"https:\/\/api.w.org\/{rel}","templated":true}]}}